{"id":2210,"date":"2026-01-23T10:07:15","date_gmt":"2026-01-23T09:07:15","guid":{"rendered":"https:\/\/www.blindenzentrum.bz.it\/?page_id=2210"},"modified":"2026-01-29T17:31:36","modified_gmt":"2026-01-29T16:31:36","slug":"unterwegs-von-der-quelle-zum-meer","status":"publish","type":"page","link":"https:\/\/www.blindenzentrum.bz.it\/it\/assistenza-supporto\/pubblicazioni-progetti\/unterwegs-von-der-quelle-zum-meer\/","title":{"rendered":"Unterwegs von der Quelle zum Meer"},"content":{"rendered":"\t\t<div data-elementor-type=\"wp-page\" data-elementor-id=\"2210\" class=\"elementor elementor-2210\" data-elementor-post-type=\"page\">\n\t\t\t\t<div class=\"elementor-element elementor-element-75e1ab9 inhaltsangabe e-flex e-con-boxed e-con e-parent\" data-id=\"75e1ab9\" data-element_type=\"container\" data-e-type=\"container\" data-settings=\"{&quot;background_background&quot;:&quot;classic&quot;}\">\n\t\t\t\t\t<div class=\"e-con-inner\">\n\t\t\t\t<div class=\"elementor-element elementor-element-9caf7f4 elementor-widget elementor-widget-heading\" data-id=\"9caf7f4\" data-element_type=\"widget\" data-e-type=\"widget\" data-settings=\"{&quot;ekit_we_effect_on&quot;:&quot;none&quot;}\" tabindex=\"-1\" data-widget_type=\"heading.default\">\n\t\t\t\t\t<h3 class=\"elementor-heading-title elementor-size-default\">Inhaltsangabe<\/h3>\t\t\t\t<\/div>\n\t\t\t\t<div class=\"elementor-element elementor-element-6cfc450 e-n-menu-none e-full_width e-n-menu-layout-horizontal elementor-widget elementor-widget-n-menu\" data-id=\"6cfc450\" data-element_type=\"widget\" data-e-type=\"widget\" data-settings=\"{&quot;menu_items&quot;:[{&quot;item_title&quot;:&quot;&quot;,&quot;_id&quot;:&quot;251db83&quot;,&quot;item_link&quot;:{&quot;url&quot;:&quot;#h1&quot;,&quot;is_external&quot;:&quot;&quot;,&quot;nofollow&quot;:&quot;&quot;,&quot;custom_attributes&quot;:&quot;&quot;},&quot;__dynamic__&quot;:{&quot;item_title&quot;:&quot;[elementor-tag id=\\&quot;2b9858e\\&quot; name=\\&quot;page-title\\&quot; settings=\\&quot;%7B%7D\\&quot;]&quot;},&quot;item_dropdown_content&quot;:&quot;no&quot;,&quot;item_icon&quot;:{&quot;value&quot;:&quot;&quot;,&quot;library&quot;:&quot;&quot;},&quot;item_icon_active&quot;:null,&quot;element_id&quot;:&quot;&quot;},{&quot;item_title&quot;:&quot;Ein Blinder \\u00f6ffnet Sehenden die Augen&quot;,&quot;_id&quot;:&quot;ce80ec6&quot;,&quot;item_link&quot;:{&quot;url&quot;:&quot;#oeffnet-augen&quot;,&quot;is_external&quot;:&quot;&quot;,&quot;nofollow&quot;:&quot;&quot;,&quot;custom_attributes&quot;:&quot;&quot;},&quot;item_dropdown_content&quot;:&quot;no&quot;,&quot;item_icon&quot;:{&quot;value&quot;:&quot;&quot;,&quot;library&quot;:&quot;&quot;},&quot;item_icon_active&quot;:null,&quot;element_id&quot;:&quot;&quot;},{&quot;item_title&quot;:&quot;Gedanken zur Entstehung des Buches&quot;,&quot;_id&quot;:&quot;dc7b8a6&quot;,&quot;item_link&quot;:{&quot;url&quot;:&quot;#gedanken&quot;,&quot;is_external&quot;:&quot;&quot;,&quot;nofollow&quot;:&quot;&quot;,&quot;custom_attributes&quot;:&quot;&quot;},&quot;item_dropdown_content&quot;:&quot;no&quot;,&quot;item_icon&quot;:{&quot;value&quot;:&quot;&quot;,&quot;library&quot;:&quot;&quot;},&quot;item_icon_active&quot;:null,&quot;element_id&quot;:&quot;&quot;},{&quot;item_title&quot;:&quot;Vorwort&quot;,&quot;item_link&quot;:{&quot;url&quot;:&quot;#vorwort&quot;,&quot;is_external&quot;:&quot;&quot;,&quot;nofollow&quot;:&quot;&quot;,&quot;custom_attributes&quot;:&quot;&quot;},&quot;_id&quot;:&quot;f3ddf50&quot;,&quot;item_dropdown_content&quot;:&quot;no&quot;,&quot;item_icon&quot;:{&quot;value&quot;:&quot;&quot;,&quot;library&quot;:&quot;&quot;},&quot;item_icon_active&quot;:null,&quot;element_id&quot;:&quot;&quot;}],&quot;item_position_horizontal&quot;:&quot;center&quot;,&quot;item_position_horizontal_mobile&quot;:&quot;center&quot;,&quot;breakpoint_selector&quot;:&quot;none&quot;,&quot;content_width&quot;:&quot;full_width&quot;,&quot;item_layout&quot;:&quot;horizontal&quot;,&quot;open_on&quot;:&quot;hover&quot;,&quot;horizontal_scroll&quot;:&quot;disable&quot;,&quot;menu_item_title_distance_from_content&quot;:{&quot;unit&quot;:&quot;px&quot;,&quot;size&quot;:0,&quot;sizes&quot;:[]},&quot;menu_item_title_distance_from_content_tablet&quot;:{&quot;unit&quot;:&quot;px&quot;,&quot;size&quot;:&quot;&quot;,&quot;sizes&quot;:[]},&quot;menu_item_title_distance_from_content_mobile&quot;:{&quot;unit&quot;:&quot;px&quot;,&quot;size&quot;:&quot;&quot;,&quot;sizes&quot;:[]},&quot;ekit_we_effect_on&quot;:&quot;none&quot;}\" data-widget_type=\"mega-menu.default\">\n\t\t\t\t\t\t\t<nav class=\"e-n-menu\" data-widget-number=\"114\" aria-label=\"Menu\">\n\t\t\t\t\t<button class=\"e-n-menu-toggle\" id=\"menu-toggle-114\" aria-haspopup=\"true\" aria-expanded=\"false\" aria-controls=\"menubar-114\" aria-label=\"Menu Toggle\">\n\t\t\t<span class=\"e-n-menu-toggle-icon e-open\">\n\t\t\t\t<svg class=\"e-font-icon-svg e-eicon-menu-bar\" viewBox=\"0 0 1000 1000\" xmlns=\"http:\/\/www.w3.org\/2000\/svg\"><path d=\"M104 333H896C929 333 958 304 958 271S929 208 896 208H104C71 208 42 237 42 271S71 333 104 333ZM104 583H896C929 583 958 554 958 521S929 458 896 458H104C71 458 42 487 42 521S71 583 104 583ZM104 833H896C929 833 958 804 958 771S929 708 896 708H104C71 708 42 737 42 771S71 833 104 833Z\"><\/path><\/svg>\t\t\t<\/span>\n\t\t\t<span class=\"e-n-menu-toggle-icon e-close\">\n\t\t\t\t<svg class=\"e-font-icon-svg e-eicon-close\" viewBox=\"0 0 1000 1000\" xmlns=\"http:\/\/www.w3.org\/2000\/svg\"><path d=\"M742 167L500 408 258 167C246 154 233 150 217 150 196 150 179 158 167 167 154 179 150 196 150 212 150 229 154 242 171 254L408 500 167 742C138 771 138 800 167 829 196 858 225 858 254 829L496 587 738 829C750 842 767 846 783 846 800 846 817 842 829 829 842 817 846 804 846 783 846 767 842 750 829 737L588 500 833 258C863 229 863 200 833 171 804 137 775 137 742 167Z\"><\/path><\/svg>\t\t\t<\/span>\n\t\t<\/button>\n\t\t\t\t\t<div class=\"e-n-menu-wrapper\" id=\"menubar-114\" aria-labelledby=\"menu-toggle-114\">\n\t\t\t\t<ul class=\"e-n-menu-heading\">\n\t\t\t\t\t\t\t\t<li class=\"e-n-menu-item\">\n\t\t\t\t<div id=\"e-n-menu-title-1141\" class=\"e-n-menu-title e-anchor\">\n\t\t\t\t\t<a class=\"e-n-menu-title-container e-focus e-link\" href=\"#h1\" aria-current=\"page\">\t\t\t\t\t\t\t\t\t\t\t\t<span class=\"e-n-menu-title-text\">\n\t\t\t\t\t\t\t\t\t\t\t\t\t<\/span>\n\t\t\t\t\t<\/a>\t\t\t\t\t\t\t\t\t<\/div>\n\t\t\t\t\t\t\t<\/li>\n\t\t\t\t\t<li class=\"e-n-menu-item\">\n\t\t\t\t<div id=\"e-n-menu-title-1142\" class=\"e-n-menu-title e-anchor\">\n\t\t\t\t\t<a class=\"e-n-menu-title-container e-focus e-link\" href=\"#oeffnet-augen\" aria-current=\"page\">\t\t\t\t\t\t\t\t\t\t\t\t<span class=\"e-n-menu-title-text\">\n\t\t\t\t\t\t\tEin Blinder \u00f6ffnet Sehenden die Augen\t\t\t\t\t\t<\/span>\n\t\t\t\t\t<\/a>\t\t\t\t\t\t\t\t\t<\/div>\n\t\t\t\t\t\t\t<\/li>\n\t\t\t\t\t<li class=\"e-n-menu-item\">\n\t\t\t\t<div id=\"e-n-menu-title-1143\" class=\"e-n-menu-title e-anchor\">\n\t\t\t\t\t<a class=\"e-n-menu-title-container e-focus e-link\" href=\"#gedanken\" aria-current=\"page\">\t\t\t\t\t\t\t\t\t\t\t\t<span class=\"e-n-menu-title-text\">\n\t\t\t\t\t\t\tGedanken zur Entstehung des Buches\t\t\t\t\t\t<\/span>\n\t\t\t\t\t<\/a>\t\t\t\t\t\t\t\t\t<\/div>\n\t\t\t\t\t\t\t<\/li>\n\t\t\t\t\t<li class=\"e-n-menu-item\">\n\t\t\t\t<div id=\"e-n-menu-title-1144\" class=\"e-n-menu-title e-anchor\">\n\t\t\t\t\t<a class=\"e-n-menu-title-container e-focus e-link\" href=\"#vorwort\" aria-current=\"page\">\t\t\t\t\t\t\t\t\t\t\t\t<span class=\"e-n-menu-title-text\">\n\t\t\t\t\t\t\tVorwort\t\t\t\t\t\t<\/span>\n\t\t\t\t\t<\/a>\t\t\t\t\t\t\t\t\t<\/div>\n\t\t\t\t\t\t\t<\/li>\n\t\t\t\t\t\t<\/ul>\n\t\t\t<\/div>\n\t\t<\/nav>\n\t\t\t\t\t\t<\/div>\n\t\t\t\t\t<\/div>\n\t\t\t\t<\/div>\n\t\t<div class=\"elementor-element elementor-element-4f35cf8 e-flex e-con-boxed e-con e-parent\" data-id=\"4f35cf8\" data-element_type=\"container\" data-e-type=\"container\">\n\t\t\t\t\t<div class=\"e-con-inner\">\n\t\t<div class=\"elementor-element elementor-element-3baab8a e-con-full e-flex e-con e-child\" data-id=\"3baab8a\" data-element_type=\"container\" data-e-type=\"container\">\n\t\t\t\t<div class=\"elementor-element elementor-element-6ee5dc3 elementor-widget elementor-widget-heading\" data-id=\"6ee5dc3\" data-element_type=\"widget\" data-e-type=\"widget\" data-settings=\"{&quot;ekit_we_effect_on&quot;:&quot;none&quot;}\" data-widget_type=\"heading.default\">\n\t\t\t\t\t<h3 class=\"elementor-heading-title elementor-size-default\">Nikolaus Fischnaller<\/h3>\t\t\t\t<\/div>\n\t\t\t\t<div class=\"elementor-element elementor-element-c108f92 elementor-widget elementor-widget-heading\" data-id=\"c108f92\" data-element_type=\"widget\" data-e-type=\"widget\" data-settings=\"{&quot;ekit_we_effect_on&quot;:&quot;none&quot;}\" data-widget_type=\"heading.default\">\n\t\t\t\t\t<h1 class=\"elementor-heading-title elementor-size-default\">Unterwegs von der Quelle zum Meer\n<\/h1>\t\t\t\t<\/div>\n\t\t\t\t<\/div>\n\t\t\t\t\t<\/div>\n\t\t\t\t<\/div>\n\t\t<div class=\"elementor-element elementor-element-ef6ca2d e-flex e-con-boxed e-con e-parent\" data-id=\"ef6ca2d\" data-element_type=\"container\" data-e-type=\"container\">\n\t\t\t\t\t<div class=\"e-con-inner\">\n\t\t\t\t<div class=\"elementor-element elementor-element-303a0ae elementor-widget elementor-widget-heading\" data-id=\"303a0ae\" data-element_type=\"widget\" data-e-type=\"widget\" id=\"oeffnet-augen\" data-settings=\"{&quot;ekit_we_effect_on&quot;:&quot;none&quot;}\" tabindex=\"-1\" data-widget_type=\"heading.default\">\n\t\t\t\t\t<h2 class=\"elementor-heading-title elementor-size-default\">Ein Blinder \u00f6ffnet Sehenden die Augen\n<\/h2>\t\t\t\t<\/div>\n\t\t\t\t<div class=\"elementor-element elementor-element-7a46b74 elementor-widget elementor-widget-text-editor\" data-id=\"7a46b74\" data-element_type=\"widget\" data-e-type=\"widget\" data-settings=\"{&quot;ekit_we_effect_on&quot;:&quot;none&quot;}\" data-widget_type=\"text-editor.default\">\n\t\t\t\t\t\t\t\t\t<p>Nikolaus Fischnaller stellt sein zweites Buch &#8220;Unterwegs von der Quelle zum Meer&#8221; vor<br \/><br \/>Nikolaus Fischnaller, der bislang einzige blinde Autor S\u00fcdtirols, hat j\u00fcngst sein zweites Buch &#8220;Unterwegs von der Quelle zum Meer&#8221;, der \u00d6ffentlichkeit vorgestellt. Das Buch, eine Sammlung von Gedichten, M\u00e4rchen und Kurzgeschichten, hat schon jetzt einen gro\u00dfen Widerhall gefunden.<br \/><br \/>Der 1943 als neuntes von zw\u00f6lf Kindern in L\u00fcsen geborene Autor hat der deutschsprachigen Leserschaft ein Buch pr\u00e4sentiert, das den Sehenden einen Einblick in die Welt der Blinden zu geben vermag. &#8220;Dieses Buch kann uns Hoffnung auf das Gute geben und die Erkenntnis, dass unser Schicksal unser Leben nicht erdr\u00fccken muss, sondern, dass es uns reifen l\u00e4sst&#8221;, so die Lektorin Brigitte Comploj. Sead Muhamedagic, ein aus Kroatien stammender \u00dcbersetzer und selbst Sehbehinderter, beschrieb Fischnaller als &#8220;selbstkeimenden Autor&#8221;, der ohne jede literarische Vorbildung eine Sensibilit\u00e4t in sich entdeckt habe, um seine Welt und Gedanken festzuhalten.<br \/><br \/>&#8220;Unterwegs von der Quelle zum Meer&#8221; ist bei Athesia- Spectrum erschienen und wurde vom Blindenzentrum St. Raphael herausgegeben. Im Blindenzentrum ist Fischnaller selbst ein gro\u00dfer Motor. Er arbeitet stets an der Sensibilisierung der \u00d6ffentlichkeit f\u00fcr Blinde. Sein neustes Buch ist gewiss kein Jammerbuch, sondern ein Werk, das die Augen zu \u00f6ffnen versteht.<br \/><br \/>&#8220;Das Buch zu schreiben, war in gewisser Hinsicht ein stetiger Kampf, bis alles gepasst hat. Aber es hat sich gelohnt, denn ich habe erlebt, dass Schreiben verbindet und ganz neue Beziehungen entstehen l\u00e4sst&#8221;, sagte Fischnaller. &#8220;Mein Buch kann auch als Kinderbuch betrachtet werden, doch es enth\u00e4lt viele Themen, die auch Erwachsene ansprechen.&#8221; B\u00fcrgermeister Albert P\u00fcrgstaller verglich das Buch mit dem St\u00fcck &#8220;Die Moldau&#8221; von Friedrich Smetana, das ebenso berauschend und imposant zu sein vermag. Ein Anwesender, selbst blind, der das Buch in CD-Form geh\u00f6rt hatte, war begeistert: &#8220;Ein Studierter k\u00f6nnte sich nie so ausdr\u00fccken, wie es Nikolaus geschafft hat.&#8221;<\/p>\t\t\t\t\t\t\t\t<\/div>\n\t\t\t\t\t<\/div>\n\t\t\t\t<\/div>\n\t\t<div class=\"elementor-element elementor-element-4daac86 e-flex e-con-boxed e-con e-parent\" data-id=\"4daac86\" data-element_type=\"container\" data-e-type=\"container\">\n\t\t\t\t\t<div class=\"e-con-inner\">\n\t\t\t\t<div class=\"elementor-element elementor-element-d668e93 elementor-widget elementor-widget-heading\" data-id=\"d668e93\" data-element_type=\"widget\" data-e-type=\"widget\" id=\"gedanken\" data-settings=\"{&quot;ekit_we_effect_on&quot;:&quot;none&quot;}\" tabindex=\"-1\" data-widget_type=\"heading.default\">\n\t\t\t\t\t<h2 class=\"elementor-heading-title elementor-size-default\">Gedanken zur Entstehung des Buches\n<\/h2>\t\t\t\t<\/div>\n\t\t\t\t<div class=\"elementor-element elementor-element-eaf7a04 elementor-widget elementor-widget-text-editor\" data-id=\"eaf7a04\" data-element_type=\"widget\" data-e-type=\"widget\" data-settings=\"{&quot;ekit_we_effect_on&quot;:&quot;none&quot;}\" data-widget_type=\"text-editor.default\">\n\t\t\t\t\t\t\t\t\t<p>Vor etwa vier Jahren habe ich das erste M\u00e4rchen geschrieben und hab seitdem immer wieder mit Freuden und oft fast ein bisschen arbeitss\u00fcchtig an meinen Gedichten und Erz\u00e4hlungen herumgebastelt. So versuchte ich bis zur letzten Minute herumzuschleifen, bis Rhythmus und Reime passten und die einzelnen Verse auch ihre Aussagekraft hatten. Das hie\u00df \u00f6fters k\u00fcrzen und manchmal hie\u00df es auch vorher mit M\u00fche sch\u00f6n formulierte Strophen wieder herauszunehmen. Aber ich denke, das war f\u00fcr mich ein positiver Lernprozess, der auf jeden Fall auch den Lesern zugute kommen wird.<br \/><br \/>Zu den Texten in Prosa habe ich mir \u00f6fters R\u00fcckmeldungen geholt und gerade strenge Anmerkungen oder direktes Abraten waren mir oft eine Hilfe, mich neu mit den Texten auseinanderzusetzen und aus den so gewonnenen Erkenntnissen wieder sch\u00f6pferisch t\u00e4tig zu werden. Bei der von Miriam vorgeschlagenen graphischen Aufmachung war ich f\u00fcr eine Weile unsicher, ob das eher abstrakt Gestalterische mit dem Inhalt zusammenpasst und so habe ich mir weitere R\u00fcckmeldungen eingeholt.<br \/>Jetzt hoffe und w\u00fcnsche ich mir, dass meine Texte bei meinen Lesern gute Gef\u00fchle wecken oder zum Weiterdenken anregen.<br \/><br \/>Aber etwas anderes m\u00f6chte ich noch ansprechen: Als wir entschieden hatten, wie mein Buch in seiner Aufmachung werden sollte und ich es also zum ersten Mal \u201esah\u201c, war ich doch ein wenig betroffen.<br \/><br \/>Ich merkte, dass es doch ein Unterschied ist, ob man aus der Erinnerung \u00fcber etwas schreibt und Tipps f\u00fcr geschickte Umgangsformen unter Sehgesch\u00e4digten gibt, wie ich es im letzten Buch getan habe, oder ob ich in Gedichten und Erz\u00e4hlungen zu Einstellungswerten Aussagen mache. Es ist mir schon bewusst, dass ich in diesem Buch doch viel Pers\u00f6nliches gebe und mich logischerweise dadurch auch einer gewissen Kritik aussetze. Aber vor allem denke ich, dass wir eine gewisse Verantwortung haben, wenn wir anderen gegen\u00fcber Aussagen machen und ich m\u00f6chte auf jeden Fall, dass meine Ausf\u00fchrungen auch authentisch sind. Dann scheint mir auch, dass es einen Unterschied macht, ob man \u00fcber etwas am Stammtisch redet oder ob es in einem Buch ver\u00f6ffentlicht wird.<br \/><br \/>F\u00fcr mich w\u00fcnsche ich: wenn ich in meinen sp\u00e4ten Lebensjahren etwas m\u00fcde und unzufrieden oder vielleicht sogar griesgr\u00e4mig werden sollte, dass mir da jemand aus meinen B\u00fcchern vorliest und dass mich dabei eine warme Erinnerung ber\u00fchrt, dass das Leben auf jeden Fall sch\u00f6n und sinnvoll ist.<br \/>Ich hoffe aber, dass ich mich &#8211; bevor das geschieht &#8211; immer wohler f\u00fchle bei mir selber, und dass ich nun wie der Strom in der Eingangsgeschichte immer ruhiger und gelassener meinen Weg, dem guten Ziel entgegen, weitergehen kann.<br \/><br \/>Ein herzlicher Dank geht an all jene, die mich bis jetzt auf dem Weg von der Quelle bis zum Strom begleitet haben, und die mich weiterhin begleiten werden.<\/p>\t\t\t\t\t\t\t\t<\/div>\n\t\t\t\t\t<\/div>\n\t\t\t\t<\/div>\n\t\t<div class=\"elementor-element elementor-element-10cacd3 e-flex e-con-boxed e-con e-parent\" data-id=\"10cacd3\" data-element_type=\"container\" data-e-type=\"container\">\n\t\t\t\t\t<div class=\"e-con-inner\">\n\t\t\t\t<div class=\"elementor-element elementor-element-1b0da6b elementor-widget elementor-widget-heading\" data-id=\"1b0da6b\" data-element_type=\"widget\" data-e-type=\"widget\" id=\"vorwort\" data-settings=\"{&quot;ekit_we_effect_on&quot;:&quot;none&quot;}\" tabindex=\"-1\" data-widget_type=\"heading.default\">\n\t\t\t\t\t<h2 class=\"elementor-heading-title elementor-size-default\">Vorwort\n<\/h2>\t\t\t\t<\/div>\n\t\t\t\t<div class=\"elementor-element elementor-element-c81aa58 elementor-widget elementor-widget-text-editor\" data-id=\"c81aa58\" data-element_type=\"widget\" data-e-type=\"widget\" data-settings=\"{&quot;ekit_we_effect_on&quot;:&quot;none&quot;}\" data-widget_type=\"text-editor.default\">\n\t\t\t\t\t\t\t\t\t<p>Die Eingangsgeschichte dieses Buches erz\u00e4hlt von einem gl\u00fccklichen B\u00e4chlein, das auf seiner Wanderung verunsichert wird, das sich aber dann zum rei\u00dfenden Bach und sp\u00e4ter zum ruhigen Fluss entwickelt, der schlie\u00dflich als Strom langsam und gelassen dem Meer entgegenflie\u00dft.<br \/><br \/>Es ist die Geschichte eines Baches und es ist auch meine Geschichte. \u00d6fters bricht in diesem Buch jemand auf und macht sich auf den Weg, um in seinem Leben etwas zu ver\u00e4ndern. Ob er sich auf den Weg macht, um sich einen Wunschtraum zu erf\u00fcllen, oder ob er eine Ver\u00e4nderung einer misslichen Lage herbeif\u00fchren m\u00f6chte, die Bereitschaft zum Aufbrechen und das Unterwegssein bringen ihm fast immer konkrete Hilfe und neue Erkenntnis ein.<br \/><br \/>Als Kind hatte ich einen ganz engen Kontakt zur Natur mit ihren bunten Farben und Formen. Diese sch\u00f6ne Erlebniswelt wurde aber schon im Kindesalter durch meine langsame Erblindung und andere Umst\u00e4nde eingeschr\u00e4nkt. So fl\u00fcchtete ich in eine von mir aufgebaute Scheinwelt und verlor vielfach die gesunde Verbindung mit der Wirklichkeit. Wie sanft oder wie st\u00fcrmisch ich diese Phase der Verunsicherung \u00fcberstanden habe, wie ich damit umgegangen bin und was ich daraus f\u00fcr mein Leben gelernt habe, spiegelt sich ein bisschen in dieser Eingangsgeschichte vom Werdegang des Baches wider.<br \/><br \/>In meinen Gedichten, in denen einige Gedanken und Bilder dann Sprachgestalt bekommen, dienen die bildlichen Darstellungen immer wieder als Metaphern, um ein Gef\u00fchl oder eine Lebenshaltung zum Ausdruck zu bringen, und der Leser wird oft in einzelnen Abhandlungen Zuversicht und wohl auch manche Anregung zum kritischen Nachdenken herauslesen k\u00f6nnen.<br \/><br \/>Einige der M\u00e4rchen in der zweiten H\u00e4lfte des Buches hat uns Mutter oft erz\u00e4hlt und ich schreibe sie hier aus der Erinnerung an unsere Kindheit auf. Zum anderen sind sie als Gutenachtgeschichten am Bett meiner Kinder oder Enkelkinder entstanden und sind von mir sp\u00e4ter, so wie sie sich mit dem mehrmaligen Erz\u00e4hlen entwickelt haben, niedergeschrieben worden.<br \/>Einen herzlichen Dank allen, die mir bei der Entstehung des Buches behilflich waren.<br \/>Nikolaus Fischnaller<\/p>\t\t\t\t\t\t\t\t<\/div>\n\t\t\t\t\t<\/div>\n\t\t\t\t<\/div>\n\t\t\t\t<\/div>\n\t\t","protected":false},"excerpt":{"rendered":"<p>Inhaltsangabe Ein Blinder \u00f6ffnet Sehenden die Augen Gedanken zur Entstehung des Buches Vorwort Nikolaus Fischnaller Unterwegs von der Quelle zum Meer Ein Blinder \u00f6ffnet Sehenden die Augen Nikolaus Fischnaller stellt sein zweites Buch &#8220;Unterwegs von der Quelle zum Meer&#8221; vor Nikolaus Fischnaller, der bislang einzige blinde Autor S\u00fcdtirols, hat j\u00fcngst sein zweites Buch &#8220;Unterwegs von [&hellip;]<\/p>\n","protected":false},"author":1,"featured_media":0,"parent":778,"menu_order":0,"comment_status":"closed","ping_status":"closed","template":"","meta":{"footnotes":""},"class_list":["post-2210","page","type-page","status-publish","hentry"],"_links":{"self":[{"href":"https:\/\/www.blindenzentrum.bz.it\/it\/wp-json\/wp\/v2\/pages\/2210","targetHints":{"allow":["GET"]}}],"collection":[{"href":"https:\/\/www.blindenzentrum.bz.it\/it\/wp-json\/wp\/v2\/pages"}],"about":[{"href":"https:\/\/www.blindenzentrum.bz.it\/it\/wp-json\/wp\/v2\/types\/page"}],"author":[{"embeddable":true,"href":"https:\/\/www.blindenzentrum.bz.it\/it\/wp-json\/wp\/v2\/users\/1"}],"replies":[{"embeddable":true,"href":"https:\/\/www.blindenzentrum.bz.it\/it\/wp-json\/wp\/v2\/comments?post=2210"}],"version-history":[{"count":7,"href":"https:\/\/www.blindenzentrum.bz.it\/it\/wp-json\/wp\/v2\/pages\/2210\/revisions"}],"predecessor-version":[{"id":2340,"href":"https:\/\/www.blindenzentrum.bz.it\/it\/wp-json\/wp\/v2\/pages\/2210\/revisions\/2340"}],"up":[{"embeddable":true,"href":"https:\/\/www.blindenzentrum.bz.it\/it\/wp-json\/wp\/v2\/pages\/778"}],"wp:attachment":[{"href":"https:\/\/www.blindenzentrum.bz.it\/it\/wp-json\/wp\/v2\/media?parent=2210"}],"curies":[{"name":"wp","href":"https:\/\/api.w.org\/{rel}","templated":true}]}}