{"id":2433,"date":"2026-01-30T18:44:52","date_gmt":"2026-01-30T17:44:52","guid":{"rendered":"https:\/\/www.blindenzentrum.bz.it\/?page_id=2433"},"modified":"2026-02-16T16:48:09","modified_gmt":"2026-02-16T15:48:09","slug":"su-cecita-o-minorazione-della-vista","status":"publish","type":"page","link":"https:\/\/www.blindenzentrum.bz.it\/it\/incontri-esperienza-personale\/su-cecita-o-minorazione-della-vista\/","title":{"rendered":"Informazioni sulla disabilit\u00e0 visiva"},"content":{"rendered":"\t\t<div data-elementor-type=\"wp-page\" data-elementor-id=\"2433\" class=\"elementor elementor-2433\" data-elementor-post-type=\"page\">\n\t\t\t\t<div class=\"elementor-element elementor-element-14fae594 inhaltsangabe e-flex e-con-boxed e-con e-parent\" data-id=\"14fae594\" data-element_type=\"container\" data-e-type=\"container\" data-settings=\"{&quot;background_background&quot;:&quot;classic&quot;}\">\n\t\t\t\t\t<div class=\"e-con-inner\">\n\t\t\t\t<div class=\"elementor-element elementor-element-790286fb elementor-widget elementor-widget-heading\" data-id=\"790286fb\" data-element_type=\"widget\" data-e-type=\"widget\" id=\"content-main\" data-settings=\"{&quot;ekit_we_effect_on&quot;:&quot;none&quot;}\" tabindex=\"-1\" data-widget_type=\"heading.default\">\n\t\t\t\t\t<h3 class=\"elementor-heading-title elementor-size-default\">Inhaltsangabe<\/h3>\t\t\t\t<\/div>\n\t\t\t\t<div class=\"elementor-element elementor-element-6842f37 e-n-menu-none e-full_width e-n-menu-layout-horizontal elementor-widget elementor-widget-n-menu\" data-id=\"6842f37\" data-element_type=\"widget\" data-e-type=\"widget\" data-settings=\"{&quot;menu_items&quot;:[{&quot;item_title&quot;:&quot;&quot;,&quot;_id&quot;:&quot;251db83&quot;,&quot;item_link&quot;:{&quot;url&quot;:&quot;#h1&quot;,&quot;is_external&quot;:&quot;&quot;,&quot;nofollow&quot;:&quot;&quot;,&quot;custom_attributes&quot;:&quot;&quot;},&quot;__dynamic__&quot;:{&quot;item_title&quot;:&quot;[elementor-tag id=\\&quot;2b9858e\\&quot; name=\\&quot;page-title\\&quot; settings=\\&quot;%7B%7D\\&quot;]&quot;},&quot;item_dropdown_content&quot;:&quot;no&quot;,&quot;item_icon&quot;:{&quot;value&quot;:&quot;&quot;,&quot;library&quot;:&quot;&quot;},&quot;item_icon_active&quot;:null,&quot;element_id&quot;:&quot;&quot;},{&quot;item_title&quot;:&quot;Tipps f\\u00fcr den Umgang mit Blinden und Sehbehinderten&quot;,&quot;_id&quot;:&quot;ce80ec6&quot;,&quot;item_link&quot;:{&quot;url&quot;:&quot;#tipps&quot;,&quot;is_external&quot;:&quot;&quot;,&quot;nofollow&quot;:&quot;&quot;,&quot;custom_attributes&quot;:&quot;&quot;},&quot;item_dropdown_content&quot;:&quot;no&quot;,&quot;item_icon&quot;:{&quot;value&quot;:&quot;&quot;,&quot;library&quot;:&quot;&quot;},&quot;item_icon_active&quot;:null,&quot;element_id&quot;:&quot;&quot;}],&quot;item_position_horizontal&quot;:&quot;center&quot;,&quot;item_position_horizontal_mobile&quot;:&quot;center&quot;,&quot;breakpoint_selector&quot;:&quot;none&quot;,&quot;content_width&quot;:&quot;full_width&quot;,&quot;item_layout&quot;:&quot;horizontal&quot;,&quot;open_on&quot;:&quot;hover&quot;,&quot;horizontal_scroll&quot;:&quot;disable&quot;,&quot;menu_item_title_distance_from_content&quot;:{&quot;unit&quot;:&quot;px&quot;,&quot;size&quot;:0,&quot;sizes&quot;:[]},&quot;menu_item_title_distance_from_content_tablet&quot;:{&quot;unit&quot;:&quot;px&quot;,&quot;size&quot;:&quot;&quot;,&quot;sizes&quot;:[]},&quot;menu_item_title_distance_from_content_mobile&quot;:{&quot;unit&quot;:&quot;px&quot;,&quot;size&quot;:&quot;&quot;,&quot;sizes&quot;:[]},&quot;ekit_we_effect_on&quot;:&quot;none&quot;}\" data-widget_type=\"mega-menu.default\">\n\t\t\t\t\t\t\t<nav class=\"e-n-menu\" data-widget-number=\"109\" aria-label=\"Menu\">\n\t\t\t\t\t<button class=\"e-n-menu-toggle\" id=\"menu-toggle-109\" aria-haspopup=\"true\" aria-expanded=\"false\" aria-controls=\"menubar-109\" aria-label=\"Menu Toggle\">\n\t\t\t<span class=\"e-n-menu-toggle-icon e-open\">\n\t\t\t\t<svg class=\"e-font-icon-svg e-eicon-menu-bar\" viewBox=\"0 0 1000 1000\" xmlns=\"http:\/\/www.w3.org\/2000\/svg\"><path d=\"M104 333H896C929 333 958 304 958 271S929 208 896 208H104C71 208 42 237 42 271S71 333 104 333ZM104 583H896C929 583 958 554 958 521S929 458 896 458H104C71 458 42 487 42 521S71 583 104 583ZM104 833H896C929 833 958 804 958 771S929 708 896 708H104C71 708 42 737 42 771S71 833 104 833Z\"><\/path><\/svg>\t\t\t<\/span>\n\t\t\t<span class=\"e-n-menu-toggle-icon e-close\">\n\t\t\t\t<svg class=\"e-font-icon-svg e-eicon-close\" viewBox=\"0 0 1000 1000\" xmlns=\"http:\/\/www.w3.org\/2000\/svg\"><path d=\"M742 167L500 408 258 167C246 154 233 150 217 150 196 150 179 158 167 167 154 179 150 196 150 212 150 229 154 242 171 254L408 500 167 742C138 771 138 800 167 829 196 858 225 858 254 829L496 587 738 829C750 842 767 846 783 846 800 846 817 842 829 829 842 817 846 804 846 783 846 767 842 750 829 737L588 500 833 258C863 229 863 200 833 171 804 137 775 137 742 167Z\"><\/path><\/svg>\t\t\t<\/span>\n\t\t<\/button>\n\t\t\t\t\t<div class=\"e-n-menu-wrapper\" id=\"menubar-109\" aria-labelledby=\"menu-toggle-109\">\n\t\t\t\t<ul class=\"e-n-menu-heading\">\n\t\t\t\t\t\t\t\t<li class=\"e-n-menu-item\">\n\t\t\t\t<div id=\"e-n-menu-title-1091\" class=\"e-n-menu-title e-anchor\">\n\t\t\t\t\t<a class=\"e-n-menu-title-container e-focus e-link\" href=\"#h1\" aria-current=\"page\">\t\t\t\t\t\t\t\t\t\t\t\t<span class=\"e-n-menu-title-text\">\n\t\t\t\t\t\t\t\t\t\t\t\t\t<\/span>\n\t\t\t\t\t<\/a>\t\t\t\t\t\t\t\t\t<\/div>\n\t\t\t\t\t\t\t<\/li>\n\t\t\t\t\t<li class=\"e-n-menu-item\">\n\t\t\t\t<div id=\"e-n-menu-title-1092\" class=\"e-n-menu-title e-anchor\">\n\t\t\t\t\t<a class=\"e-n-menu-title-container e-focus e-link\" href=\"#tipps\" aria-current=\"page\">\t\t\t\t\t\t\t\t\t\t\t\t<span class=\"e-n-menu-title-text\">\n\t\t\t\t\t\t\tTipps f\u00fcr den Umgang mit Blinden und Sehbehinderten\t\t\t\t\t\t<\/span>\n\t\t\t\t\t<\/a>\t\t\t\t\t\t\t\t\t<\/div>\n\t\t\t\t\t\t\t<\/li>\n\t\t\t\t\t\t<\/ul>\n\t\t\t<\/div>\n\t\t<\/nav>\n\t\t\t\t\t\t<\/div>\n\t\t\t\t\t<\/div>\n\t\t\t\t<\/div>\n\t\t<div class=\"elementor-element elementor-element-2ade86ed e-flex e-con-boxed e-con e-parent\" data-id=\"2ade86ed\" data-element_type=\"container\" data-e-type=\"container\">\n\t\t\t\t\t<div class=\"e-con-inner\">\n\t\t<div class=\"elementor-element elementor-element-76145f8 e-con-full e-flex e-con e-child\" data-id=\"76145f8\" data-element_type=\"container\" data-e-type=\"container\">\n\t\t\t\t<div class=\"elementor-element elementor-element-6657d0c8 elementor-widget elementor-widget-heading\" data-id=\"6657d0c8\" data-element_type=\"widget\" data-e-type=\"widget\" data-settings=\"{&quot;ekit_we_effect_on&quot;:&quot;none&quot;}\" data-widget_type=\"heading.default\">\n\t\t\t\t\t<h3 class=\"elementor-heading-title elementor-size-default\"><a href=\"https:\/\/www.blindenzentrum.bz.it\/begegnung-selbsterfahrung\/\">BEGEGNUNG &amp; SELBSTERFAHRUNG<\/a><\/h3>\t\t\t\t<\/div>\n\t\t\t\t<div class=\"elementor-element elementor-element-60e6a6a elementor-widget elementor-widget-text-editor\" data-id=\"60e6a6a\" data-element_type=\"widget\" data-e-type=\"widget\" data-settings=\"{&quot;ekit_we_effect_on&quot;:&quot;none&quot;}\" data-widget_type=\"text-editor.default\">\n\t\t\t\t\t\t\t\t\t<p>&#8220;Blindheit trennt von Dingen, Taubheit trennt von Menschen&#8221; (Helen Keller).<br \/><br \/>Auszug aus dem Erfahrungsbericht eines Blinden: \u201eWenn eine Sitzbank auch nur einen Meter von mir entfernt ist und ich nichts davon wei\u00df, werde ich mich nicht hinsetzen. Unterwegs bin ich manchmal, z.B. wenn ich einen bestimmten Eingang finden muss, unbedingt auf fremde Hilfe angewiesen. Es ist wichtig, dass unsere sehenden Mitmenschen von solchen Schwierigkeiten wissen und von sich aus auf uns zugehen, wenn ersichtlich ist, dass wir Hilfe brauchen.\u201c<br \/><br \/>Sehende begegnen Blinden sehr oft aufgrund der bisherigen Erfahrung entweder mit Bewunderung oder mit Mitleid. Aber jeder Blinde hat nat\u00fcrlich seine individuellen Talente und Schw\u00e4chen, wie alle anderen eben auch. Viele blinde Menschen sind selbst\u00e4ndig und oft alleine unterwegs. Dabei kann es in bestimmten F\u00e4llen vorkommen, dass sie trotz gutem Orientierungstalent die spontane Hilfe der sehenden Mitmenschen ben\u00f6tigen. Mithilfe eines minimalen Grundwissens, das durch eine erste Begegnung mit einem Betroffenen locker aneigenbar ist, k\u00f6nnen solche Hilfestellungen unkompliziert und einfach werden.<br \/><br \/>Sehbehinderung hingegen bringt ganz spezielle Probleme mit sich, die sich von denen der Vollblinden wesentlich unterscheiden. Es gibt verschiedene Formen von Sehbehinderung, die ganz unterschiedliche Auswirkungen haben z.B. eine Sch\u00e4digung im Sehzentrum oder &#8211; genau das Gegenteil &#8211; die Tunnelsicht, eine starke Lichtempfindlichkeit oder Nachtblindheit sowie andere Formen wie Farbblindheit usw. F\u00fcr einen Sehbehinderten ist es oft besonders schwer, sein Problem zu beschreiben. Seine Schwierigkeiten k\u00f6nnen in der gleichen Situation &#8211; je nach Licht oder Kontrast &#8211; immer wieder verschieden sein. So kann er f\u00fcr die gleiche Handlung einmal Hilfe ben\u00f6tigen und einmal nicht.<\/p>\t\t\t\t\t\t\t\t<\/div>\n\t\t\t\t<\/div>\n\t\t\t\t\t<\/div>\n\t\t\t\t<\/div>\n\t\t<div class=\"elementor-element elementor-element-48b4ec69 e-flex e-con-boxed e-con e-parent\" data-id=\"48b4ec69\" data-element_type=\"container\" data-e-type=\"container\">\n\t\t\t\t\t<div class=\"e-con-inner\">\n\t\t\t\t<div class=\"elementor-element elementor-element-698bc78f elementor-widget elementor-widget-heading\" data-id=\"698bc78f\" data-element_type=\"widget\" data-e-type=\"widget\" id=\"tipps\" data-settings=\"{&quot;ekit_we_effect_on&quot;:&quot;none&quot;}\" tabindex=\"-1\" data-widget_type=\"heading.default\">\n\t\t\t\t\t<h2 class=\"elementor-heading-title elementor-size-default\">Tipps f\u00fcr den Umgang mit Blinden und Sehbehinderten\n<\/h2>\t\t\t\t<\/div>\n\t\t<div class=\"elementor-element elementor-element-f85dbc1 e-con-full e-flex e-con e-child\" data-id=\"f85dbc1\" data-element_type=\"container\" data-e-type=\"container\">\n\t\t<div class=\"elementor-element elementor-element-dfa90c8 e-con-full e-flex e-con e-child\" data-id=\"dfa90c8\" data-element_type=\"container\" data-e-type=\"container\">\n\t\t\t\t<div class=\"elementor-element elementor-element-f5d64be elementor-widget elementor-widget-image\" data-id=\"f5d64be\" data-element_type=\"widget\" data-e-type=\"widget\" data-settings=\"{&quot;ekit_we_effect_on&quot;:&quot;none&quot;}\" data-widget_type=\"image.default\">\n\t\t\t\t\t\t\t\t\t\t\t\t\t\t\t\t<a href=\"https:\/\/www.blindenzentrum.bz.it\/wp-content\/uploads\/2026\/01\/163d200_imgaeZv2j.jpg\" data-elementor-open-lightbox=\"yes\" data-elementor-lightbox-title=\"Eine Person mit Blindenstock und Sonnenbrille wird von einer anderen Person in einen Raum mit einem Stuhl gef\u00fchrt.\" data-e-action-hash=\"#elementor-action%3Aaction%3Dlightbox%26settings%3DeyJpZCI6MjQ0NiwidXJsIjoiaHR0cHM6XC9cL3d3dy5ibGluZGVuemVudHJ1bS5iei5pdFwvd3AtY29udGVudFwvdXBsb2Fkc1wvMjAyNlwvMDFcLzE2M2QyMDBfaW1nYWVadjJqLmpwZyJ9\">\n\t\t\t\t\t\t\t<img decoding=\"async\" width=\"200\" height=\"120\" src=\"https:\/\/www.blindenzentrum.bz.it\/wp-content\/uploads\/2026\/01\/163d200_imgaeZv2j.jpg\" class=\"attachment-large size-large wp-image-2446\" alt=\"Eine Person mit Blindenstock und Sonnenbrille wird von einer anderen Person in einen Raum mit einem Stuhl gef\u00fchrt.\" srcset=\"https:\/\/www.blindenzentrum.bz.it\/wp-content\/uploads\/2026\/01\/163d200_imgaeZv2j.jpg 200w, https:\/\/www.blindenzentrum.bz.it\/wp-content\/uploads\/2026\/01\/163d200_imgaeZv2j-18x12.jpg 18w\" sizes=\"(max-width: 200px) 100vw, 200px\" \/>\t\t\t\t\t\t\t\t<\/a>\n\t\t\t\t\t\t\t\t\t\t\t\t\t\t\t<\/div>\n\t\t\t\t<\/div>\n\t\t<div class=\"elementor-element elementor-element-fe3f3bf e-con-full e-flex e-con e-child\" data-id=\"fe3f3bf\" data-element_type=\"container\" data-e-type=\"container\">\n\t\t\t\t<div class=\"elementor-element elementor-element-de07fe9 elementor-widget elementor-widget-text-editor\" data-id=\"de07fe9\" data-element_type=\"widget\" data-e-type=\"widget\" data-settings=\"{&quot;ekit_we_effect_on&quot;:&quot;none&quot;}\" data-widget_type=\"text-editor.default\">\n\t\t\t\t\t\t\t\t\t<p>Worte wie &#8220;da&#8221; und &#8220;dort&#8221; sind f\u00fcr einen blinden Menschen nur selten brauchbar. Sagen Sie lieber &#8220;vor Ihnen steht ein Tisch&#8221; oder &#8220;hinter Ihnen lehnt auf der linken Seite ein Fahrrad an der Mauer&#8221;.<\/p>\t\t\t\t\t\t\t\t<\/div>\n\t\t\t\t<\/div>\n\t\t\t\t<\/div>\n\t\t<div class=\"elementor-element elementor-element-eb0aad6 e-con-full e-flex e-con e-child\" data-id=\"eb0aad6\" data-element_type=\"container\" data-e-type=\"container\">\n\t\t<div class=\"elementor-element elementor-element-0419f67 e-con-full e-flex e-con e-child\" data-id=\"0419f67\" data-element_type=\"container\" data-e-type=\"container\">\n\t\t\t\t<div class=\"elementor-element elementor-element-10c6381 elementor-widget elementor-widget-image\" data-id=\"10c6381\" data-element_type=\"widget\" data-e-type=\"widget\" data-settings=\"{&quot;ekit_we_effect_on&quot;:&quot;none&quot;}\" data-widget_type=\"image.default\">\n\t\t\t\t\t\t\t\t\t\t\t\t\t\t\t\t<a href=\"https:\/\/www.blindenzentrum.bz.it\/wp-content\/uploads\/2026\/01\/163d200_imgW6k6sV.jpg\" data-elementor-open-lightbox=\"yes\" data-elementor-lightbox-title=\"Eine Karikatur zeigt eine \u00fcberf\u00fcllte U-Bahn, in der Menschen dicht gedr\u00e4ngt stehen oder sitzen.\" data-e-action-hash=\"#elementor-action%3Aaction%3Dlightbox%26settings%3DeyJpZCI6MjQ0NSwidXJsIjoiaHR0cHM6XC9cL3d3dy5ibGluZGVuemVudHJ1bS5iei5pdFwvd3AtY29udGVudFwvdXBsb2Fkc1wvMjAyNlwvMDFcLzE2M2QyMDBfaW1nVzZrNnNWLmpwZyJ9\">\n\t\t\t\t\t\t\t<img decoding=\"async\" width=\"200\" height=\"180\" src=\"https:\/\/www.blindenzentrum.bz.it\/wp-content\/uploads\/2026\/01\/163d200_imgW6k6sV.jpg\" class=\"attachment-large size-large wp-image-2445\" alt=\"Eine Karikatur zeigt eine \u00fcberf\u00fcllte U-Bahn, in der Menschen dicht gedr\u00e4ngt stehen oder sitzen.\" srcset=\"https:\/\/www.blindenzentrum.bz.it\/wp-content\/uploads\/2026\/01\/163d200_imgW6k6sV.jpg 200w, https:\/\/www.blindenzentrum.bz.it\/wp-content\/uploads\/2026\/01\/163d200_imgW6k6sV-13x12.jpg 13w\" sizes=\"(max-width: 200px) 100vw, 200px\" \/>\t\t\t\t\t\t\t\t<\/a>\n\t\t\t\t\t\t\t\t\t\t\t\t\t\t\t<\/div>\n\t\t\t\t<\/div>\n\t\t<div class=\"elementor-element elementor-element-1ac21be e-con-full e-flex e-con e-child\" data-id=\"1ac21be\" data-element_type=\"container\" data-e-type=\"container\">\n\t\t\t\t<div class=\"elementor-element elementor-element-6502d7a elementor-widget elementor-widget-text-editor\" data-id=\"6502d7a\" data-element_type=\"widget\" data-e-type=\"widget\" data-settings=\"{&quot;ekit_we_effect_on&quot;:&quot;none&quot;}\" data-widget_type=\"text-editor.default\">\n\t\t\t\t\t\t\t\t\t<p>Bieten Sie einem Blinden einen Platz an, aber \u00fcberlassen Sie ihm die Wahl, ob er diesen in Anspruch nimmt oder nicht. Um ihm den Platz zu zeigen, legen Sie einfach seine Hand auf die Stuhllehne.<\/p>\t\t\t\t\t\t\t\t<\/div>\n\t\t\t\t<\/div>\n\t\t\t\t<\/div>\n\t\t<div class=\"elementor-element elementor-element-3c526c3 e-con-full e-flex e-con e-child\" data-id=\"3c526c3\" data-element_type=\"container\" data-e-type=\"container\">\n\t\t<div class=\"elementor-element elementor-element-9a8ff9c e-con-full e-flex e-con e-child\" data-id=\"9a8ff9c\" data-element_type=\"container\" data-e-type=\"container\">\n\t\t\t\t<div class=\"elementor-element elementor-element-62f6f80 elementor-widget elementor-widget-image\" data-id=\"62f6f80\" data-element_type=\"widget\" data-e-type=\"widget\" data-settings=\"{&quot;ekit_we_effect_on&quot;:&quot;none&quot;}\" data-widget_type=\"image.default\">\n\t\t\t\t\t\t\t\t\t\t\t\t\t\t\t\t<a href=\"https:\/\/www.blindenzentrum.bz.it\/wp-content\/uploads\/2026\/01\/163d200_imgXXG0hx.jpg\" data-elementor-open-lightbox=\"yes\" data-elementor-lightbox-title=\"Eine Person mit Sonnenbrille h\u00f6rt, w\u00e4hrend zwei andere Personen miteinander fl\u00fcstern.\" data-e-action-hash=\"#elementor-action%3Aaction%3Dlightbox%26settings%3DeyJpZCI6MjQ0NCwidXJsIjoiaHR0cHM6XC9cL3d3dy5ibGluZGVuemVudHJ1bS5iei5pdFwvd3AtY29udGVudFwvdXBsb2Fkc1wvMjAyNlwvMDFcLzE2M2QyMDBfaW1nWFhHMGh4LmpwZyJ9\">\n\t\t\t\t\t\t\t<img decoding=\"async\" width=\"200\" height=\"180\" src=\"https:\/\/www.blindenzentrum.bz.it\/wp-content\/uploads\/2026\/01\/163d200_imgXXG0hx.jpg\" class=\"attachment-large size-large wp-image-2444\" alt=\"Eine Person mit Sonnenbrille h\u00f6rt, w\u00e4hrend zwei andere Personen miteinander fl\u00fcstern.\" srcset=\"https:\/\/www.blindenzentrum.bz.it\/wp-content\/uploads\/2026\/01\/163d200_imgXXG0hx.jpg 200w, https:\/\/www.blindenzentrum.bz.it\/wp-content\/uploads\/2026\/01\/163d200_imgXXG0hx-13x12.jpg 13w\" sizes=\"(max-width: 200px) 100vw, 200px\" \/>\t\t\t\t\t\t\t\t<\/a>\n\t\t\t\t\t\t\t\t\t\t\t\t\t\t\t<\/div>\n\t\t\t\t<\/div>\n\t\t<div class=\"elementor-element elementor-element-40c5e90 e-con-full e-flex e-con e-child\" data-id=\"40c5e90\" data-element_type=\"container\" data-e-type=\"container\">\n\t\t\t\t<div class=\"elementor-element elementor-element-a0b5d41 elementor-widget elementor-widget-text-editor\" data-id=\"a0b5d41\" data-element_type=\"widget\" data-e-type=\"widget\" data-settings=\"{&quot;ekit_we_effect_on&quot;:&quot;none&quot;}\" data-widget_type=\"text-editor.default\">\n\t\t\t\t\t\t\t\t\t<p>Es ist nicht taktvoll, sich in Gegenwart eines Blinden fl\u00fcsternd zu unterhalten, denn h\u00f6ren k\u00f6nnen die meisten wohl recht gut.<\/p>\t\t\t\t\t\t\t\t<\/div>\n\t\t\t\t<\/div>\n\t\t\t\t<\/div>\n\t\t<div class=\"elementor-element elementor-element-4b9b79e e-con-full e-flex e-con e-child\" data-id=\"4b9b79e\" data-element_type=\"container\" data-e-type=\"container\">\n\t\t<div class=\"elementor-element elementor-element-a8114c9 e-con-full e-flex e-con e-child\" data-id=\"a8114c9\" data-element_type=\"container\" data-e-type=\"container\">\n\t\t\t\t<div class=\"elementor-element elementor-element-4f3291f elementor-widget elementor-widget-image\" data-id=\"4f3291f\" data-element_type=\"widget\" data-e-type=\"widget\" data-settings=\"{&quot;ekit_we_effect_on&quot;:&quot;none&quot;}\" data-widget_type=\"image.default\">\n\t\t\t\t\t\t\t\t\t\t\t\t\t\t\t\t<a href=\"https:\/\/www.blindenzentrum.bz.it\/wp-content\/uploads\/2026\/01\/163d200_img2Tkos9.jpg\" data-elementor-open-lightbox=\"yes\" data-elementor-lightbox-title=\"Ein \u00e4lterer Mann mit Stock hilft einem blinden Mann, w\u00e4hrend ein Stolperfallen-Schild auf einer unebenen Gehwegoberfl\u00e4che steht.\" data-e-action-hash=\"#elementor-action%3Aaction%3Dlightbox%26settings%3DeyJpZCI6MjQ0MywidXJsIjoiaHR0cHM6XC9cL3d3dy5ibGluZGVuemVudHJ1bS5iei5pdFwvd3AtY29udGVudFwvdXBsb2Fkc1wvMjAyNlwvMDFcLzE2M2QyMDBfaW1nMlRrb3M5LmpwZyJ9\">\n\t\t\t\t\t\t\t<img loading=\"lazy\" decoding=\"async\" width=\"200\" height=\"133\" src=\"https:\/\/www.blindenzentrum.bz.it\/wp-content\/uploads\/2026\/01\/163d200_img2Tkos9.jpg\" class=\"attachment-large size-large wp-image-2443\" alt=\"Ein \u00e4lterer Mann mit Stock hilft einem blinden Mann, w\u00e4hrend ein Stolperfallen-Schild auf einer unebenen Gehwegoberfl\u00e4che steht.\" srcset=\"https:\/\/www.blindenzentrum.bz.it\/wp-content\/uploads\/2026\/01\/163d200_img2Tkos9.jpg 200w, https:\/\/www.blindenzentrum.bz.it\/wp-content\/uploads\/2026\/01\/163d200_img2Tkos9-18x12.jpg 18w\" sizes=\"(max-width: 200px) 100vw, 200px\" \/>\t\t\t\t\t\t\t\t<\/a>\n\t\t\t\t\t\t\t\t\t\t\t\t\t\t\t<\/div>\n\t\t\t\t<\/div>\n\t\t<div class=\"elementor-element elementor-element-0e3e4e2 e-con-full e-flex e-con e-child\" data-id=\"0e3e4e2\" data-element_type=\"container\" data-e-type=\"container\">\n\t\t\t\t<div class=\"elementor-element elementor-element-29bdd92 elementor-widget elementor-widget-text-editor\" data-id=\"29bdd92\" data-element_type=\"widget\" data-e-type=\"widget\" data-settings=\"{&quot;ekit_we_effect_on&quot;:&quot;none&quot;}\" data-widget_type=\"text-editor.default\">\n\t\t\t\t\t\t\t\t\t<p>Bieten Sie einem blinden Menschen ihren Arm an und schieben Sie ihn nicht vor sich her.<\/p>\t\t\t\t\t\t\t\t<\/div>\n\t\t\t\t<\/div>\n\t\t\t\t<\/div>\n\t\t\t\t\t<\/div>\n\t\t\t\t<\/div>\n\t\t\t\t<\/div>\n\t\t","protected":false},"excerpt":{"rendered":"<p>Inhaltsangabe Tipps f\u00fcr den Umgang mit Blinden und Sehbehinderten BEGEGNUNG &amp; SELBSTERFAHRUNG &#8220;Blindheit trennt von Dingen, Taubheit trennt von Menschen&#8221; (Helen Keller). Auszug aus dem Erfahrungsbericht eines Blinden: \u201eWenn eine Sitzbank auch nur einen Meter von mir entfernt ist und ich nichts davon wei\u00df, werde ich mich nicht hinsetzen. Unterwegs bin ich manchmal, z.B. wenn [&hellip;]<\/p>\n","protected":false},"author":1,"featured_media":0,"parent":790,"menu_order":0,"comment_status":"closed","ping_status":"closed","template":"","meta":{"footnotes":""},"class_list":["post-2433","page","type-page","status-publish","hentry"],"_links":{"self":[{"href":"https:\/\/www.blindenzentrum.bz.it\/it\/wp-json\/wp\/v2\/pages\/2433","targetHints":{"allow":["GET"]}}],"collection":[{"href":"https:\/\/www.blindenzentrum.bz.it\/it\/wp-json\/wp\/v2\/pages"}],"about":[{"href":"https:\/\/www.blindenzentrum.bz.it\/it\/wp-json\/wp\/v2\/types\/page"}],"author":[{"embeddable":true,"href":"https:\/\/www.blindenzentrum.bz.it\/it\/wp-json\/wp\/v2\/users\/1"}],"replies":[{"embeddable":true,"href":"https:\/\/www.blindenzentrum.bz.it\/it\/wp-json\/wp\/v2\/comments?post=2433"}],"version-history":[{"count":10,"href":"https:\/\/www.blindenzentrum.bz.it\/it\/wp-json\/wp\/v2\/pages\/2433\/revisions"}],"predecessor-version":[{"id":3263,"href":"https:\/\/www.blindenzentrum.bz.it\/it\/wp-json\/wp\/v2\/pages\/2433\/revisions\/3263"}],"up":[{"embeddable":true,"href":"https:\/\/www.blindenzentrum.bz.it\/it\/wp-json\/wp\/v2\/pages\/790"}],"wp:attachment":[{"href":"https:\/\/www.blindenzentrum.bz.it\/it\/wp-json\/wp\/v2\/media?parent=2433"}],"curies":[{"name":"wp","href":"https:\/\/api.w.org\/{rel}","templated":true}]}}