{"id":2733,"date":"2026-02-02T19:32:55","date_gmt":"2026-02-02T18:32:55","guid":{"rendered":"https:\/\/www.blindenzentrum.bz.it\/?page_id=2733"},"modified":"2026-04-01T12:35:50","modified_gmt":"2026-04-01T10:35:50","slug":"colophon","status":"publish","type":"page","link":"https:\/\/www.blindenzentrum.bz.it\/it\/colophon\/","title":{"rendered":"Note legali"},"content":{"rendered":"\t\t<div data-elementor-type=\"wp-page\" data-elementor-id=\"2733\" class=\"elementor elementor-2733\" data-elementor-post-type=\"page\">\n\t\t\t\t<div class=\"elementor-element elementor-element-f163c0 inhaltsangabe e-flex e-con-boxed e-con e-parent\" data-id=\"f163c0\" data-element_type=\"container\" data-e-type=\"container\" data-settings=\"{&quot;background_background&quot;:&quot;classic&quot;}\">\n\t\t\t\t\t<div class=\"e-con-inner\">\n\t\t\t\t<div class=\"elementor-element elementor-element-b4e674b elementor-widget elementor-widget-heading\" data-id=\"b4e674b\" data-element_type=\"widget\" data-e-type=\"widget\" id=\"content-main\" data-settings=\"{&quot;ekit_we_effect_on&quot;:&quot;none&quot;}\" tabindex=\"-1\" data-widget_type=\"heading.default\">\n\t\t\t\t\t<h3 class=\"elementor-heading-title elementor-size-default\">Inhaltsangabe<\/h3>\t\t\t\t<\/div>\n\t\t\t\t<div class=\"elementor-element elementor-element-49ab0f67 e-n-menu-none e-full_width e-n-menu-layout-horizontal elementor-widget elementor-widget-n-menu\" data-id=\"49ab0f67\" data-element_type=\"widget\" data-e-type=\"widget\" data-settings=\"{&quot;menu_items&quot;:[{&quot;item_title&quot;:&quot;&quot;,&quot;_id&quot;:&quot;251db83&quot;,&quot;item_link&quot;:{&quot;url&quot;:&quot;#h1&quot;,&quot;is_external&quot;:&quot;&quot;,&quot;nofollow&quot;:&quot;&quot;,&quot;custom_attributes&quot;:&quot;&quot;},&quot;__dynamic__&quot;:{&quot;item_title&quot;:&quot;[elementor-tag id=\\&quot;2b9858e\\&quot; name=\\&quot;page-title\\&quot; settings=\\&quot;%7B%7D\\&quot;]&quot;},&quot;item_dropdown_content&quot;:&quot;no&quot;,&quot;item_icon&quot;:{&quot;value&quot;:&quot;&quot;,&quot;library&quot;:&quot;&quot;},&quot;item_icon_active&quot;:null,&quot;element_id&quot;:&quot;&quot;},{&quot;item_title&quot;:&quot;Blindenzentrum St. Raphael&quot;,&quot;_id&quot;:&quot;ce80ec6&quot;,&quot;item_link&quot;:{&quot;url&quot;:&quot;#blindenzentrum&quot;,&quot;is_external&quot;:&quot;&quot;,&quot;nofollow&quot;:&quot;&quot;,&quot;custom_attributes&quot;:&quot;&quot;},&quot;item_dropdown_content&quot;:&quot;no&quot;,&quot;item_icon&quot;:{&quot;value&quot;:&quot;&quot;,&quot;library&quot;:&quot;&quot;},&quot;item_icon_active&quot;:null,&quot;element_id&quot;:&quot;&quot;},{&quot;item_title&quot;:&quot;Design &amp; teschnische Umsetzung&quot;,&quot;_id&quot;:&quot;dc7b8a6&quot;,&quot;item_link&quot;:{&quot;url&quot;:&quot;#design&quot;,&quot;is_external&quot;:&quot;&quot;,&quot;nofollow&quot;:&quot;&quot;,&quot;custom_attributes&quot;:&quot;&quot;},&quot;item_dropdown_content&quot;:&quot;no&quot;,&quot;item_icon&quot;:{&quot;value&quot;:&quot;&quot;,&quot;library&quot;:&quot;&quot;},&quot;item_icon_active&quot;:null,&quot;element_id&quot;:&quot;&quot;},{&quot;item_title&quot;:&quot;Rechtliche Hinweise&quot;,&quot;item_link&quot;:{&quot;url&quot;:&quot;#hinweise&quot;,&quot;is_external&quot;:&quot;&quot;,&quot;nofollow&quot;:&quot;&quot;,&quot;custom_attributes&quot;:&quot;&quot;},&quot;_id&quot;:&quot;f077b7d&quot;,&quot;item_dropdown_content&quot;:&quot;no&quot;,&quot;item_icon&quot;:{&quot;value&quot;:&quot;&quot;,&quot;library&quot;:&quot;&quot;},&quot;item_icon_active&quot;:null,&quot;element_id&quot;:&quot;&quot;}],&quot;item_position_horizontal&quot;:&quot;center&quot;,&quot;item_position_horizontal_mobile&quot;:&quot;center&quot;,&quot;breakpoint_selector&quot;:&quot;none&quot;,&quot;content_width&quot;:&quot;full_width&quot;,&quot;item_layout&quot;:&quot;horizontal&quot;,&quot;open_on&quot;:&quot;hover&quot;,&quot;horizontal_scroll&quot;:&quot;disable&quot;,&quot;menu_item_title_distance_from_content&quot;:{&quot;unit&quot;:&quot;px&quot;,&quot;size&quot;:0,&quot;sizes&quot;:[]},&quot;menu_item_title_distance_from_content_tablet&quot;:{&quot;unit&quot;:&quot;px&quot;,&quot;size&quot;:&quot;&quot;,&quot;sizes&quot;:[]},&quot;menu_item_title_distance_from_content_mobile&quot;:{&quot;unit&quot;:&quot;px&quot;,&quot;size&quot;:&quot;&quot;,&quot;sizes&quot;:[]},&quot;ekit_we_effect_on&quot;:&quot;none&quot;}\" data-widget_type=\"mega-menu.default\">\n\t\t\t\t\t\t\t<nav class=\"e-n-menu\" data-widget-number=\"123\" aria-label=\"Menu\">\n\t\t\t\t\t<button class=\"e-n-menu-toggle\" id=\"menu-toggle-123\" aria-haspopup=\"true\" aria-expanded=\"false\" aria-controls=\"menubar-123\" aria-label=\"Menu Toggle\">\n\t\t\t<span class=\"e-n-menu-toggle-icon e-open\">\n\t\t\t\t<svg class=\"e-font-icon-svg e-eicon-menu-bar\" viewBox=\"0 0 1000 1000\" xmlns=\"http:\/\/www.w3.org\/2000\/svg\"><path d=\"M104 333H896C929 333 958 304 958 271S929 208 896 208H104C71 208 42 237 42 271S71 333 104 333ZM104 583H896C929 583 958 554 958 521S929 458 896 458H104C71 458 42 487 42 521S71 583 104 583ZM104 833H896C929 833 958 804 958 771S929 708 896 708H104C71 708 42 737 42 771S71 833 104 833Z\"><\/path><\/svg>\t\t\t<\/span>\n\t\t\t<span class=\"e-n-menu-toggle-icon e-close\">\n\t\t\t\t<svg class=\"e-font-icon-svg e-eicon-close\" viewBox=\"0 0 1000 1000\" xmlns=\"http:\/\/www.w3.org\/2000\/svg\"><path d=\"M742 167L500 408 258 167C246 154 233 150 217 150 196 150 179 158 167 167 154 179 150 196 150 212 150 229 154 242 171 254L408 500 167 742C138 771 138 800 167 829 196 858 225 858 254 829L496 587 738 829C750 842 767 846 783 846 800 846 817 842 829 829 842 817 846 804 846 783 846 767 842 750 829 737L588 500 833 258C863 229 863 200 833 171 804 137 775 137 742 167Z\"><\/path><\/svg>\t\t\t<\/span>\n\t\t<\/button>\n\t\t\t\t\t<div class=\"e-n-menu-wrapper\" id=\"menubar-123\" aria-labelledby=\"menu-toggle-123\">\n\t\t\t\t<ul class=\"e-n-menu-heading\">\n\t\t\t\t\t\t\t\t<li class=\"e-n-menu-item\">\n\t\t\t\t<div id=\"e-n-menu-title-1231\" class=\"e-n-menu-title e-anchor\">\n\t\t\t\t\t<a class=\"e-n-menu-title-container e-focus e-link\" href=\"#h1\" aria-current=\"page\">\t\t\t\t\t\t\t\t\t\t\t\t<span class=\"e-n-menu-title-text\">\n\t\t\t\t\t\t\t\t\t\t\t\t\t<\/span>\n\t\t\t\t\t<\/a>\t\t\t\t\t\t\t\t\t<\/div>\n\t\t\t\t\t\t\t<\/li>\n\t\t\t\t\t<li class=\"e-n-menu-item\">\n\t\t\t\t<div id=\"e-n-menu-title-1232\" class=\"e-n-menu-title e-anchor\">\n\t\t\t\t\t<a class=\"e-n-menu-title-container e-focus e-link\" href=\"#blindenzentrum\" aria-current=\"page\">\t\t\t\t\t\t\t\t\t\t\t\t<span class=\"e-n-menu-title-text\">\n\t\t\t\t\t\t\tBlindenzentrum St. Raphael\t\t\t\t\t\t<\/span>\n\t\t\t\t\t<\/a>\t\t\t\t\t\t\t\t\t<\/div>\n\t\t\t\t\t\t\t<\/li>\n\t\t\t\t\t<li class=\"e-n-menu-item\">\n\t\t\t\t<div id=\"e-n-menu-title-1233\" class=\"e-n-menu-title e-anchor\">\n\t\t\t\t\t<a class=\"e-n-menu-title-container e-focus e-link\" href=\"#design\" aria-current=\"page\">\t\t\t\t\t\t\t\t\t\t\t\t<span class=\"e-n-menu-title-text\">\n\t\t\t\t\t\t\tDesign &amp; teschnische Umsetzung\t\t\t\t\t\t<\/span>\n\t\t\t\t\t<\/a>\t\t\t\t\t\t\t\t\t<\/div>\n\t\t\t\t\t\t\t<\/li>\n\t\t\t\t\t<li class=\"e-n-menu-item\">\n\t\t\t\t<div id=\"e-n-menu-title-1234\" class=\"e-n-menu-title e-anchor\">\n\t\t\t\t\t<a class=\"e-n-menu-title-container e-focus e-link\" href=\"#hinweise\" aria-current=\"page\">\t\t\t\t\t\t\t\t\t\t\t\t<span class=\"e-n-menu-title-text\">\n\t\t\t\t\t\t\tRechtliche Hinweise\t\t\t\t\t\t<\/span>\n\t\t\t\t\t<\/a>\t\t\t\t\t\t\t\t\t<\/div>\n\t\t\t\t\t\t\t<\/li>\n\t\t\t\t\t\t<\/ul>\n\t\t\t<\/div>\n\t\t<\/nav>\n\t\t\t\t\t\t<\/div>\n\t\t\t\t\t<\/div>\n\t\t\t\t<\/div>\n\t\t<div class=\"elementor-element elementor-element-5f183a5a e-flex e-con-boxed e-con e-parent\" data-id=\"5f183a5a\" data-element_type=\"container\" data-e-type=\"container\">\n\t\t\t\t\t<div class=\"e-con-inner\">\n\t\t<div class=\"elementor-element elementor-element-443d2fce e-con-full e-flex e-con e-child\" data-id=\"443d2fce\" data-element_type=\"container\" data-e-type=\"container\">\n\t\t<div class=\"elementor-element elementor-element-02e4f07 e-con-full e-flex e-con e-child\" data-id=\"02e4f07\" data-element_type=\"container\" data-e-type=\"container\">\n\t\t<div class=\"elementor-element elementor-element-4e4f07e e-con-full e-flex e-con e-child\" data-id=\"4e4f07e\" data-element_type=\"container\" data-e-type=\"container\">\n\t\t\t\t<div class=\"elementor-element elementor-element-d275ae0 elementor-widget elementor-widget-heading\" data-id=\"d275ae0\" data-element_type=\"widget\" data-e-type=\"widget\" id=\"blindenzentrum\" data-settings=\"{&quot;ekit_we_effect_on&quot;:&quot;none&quot;}\" tabindex=\"-1\" data-widget_type=\"heading.default\">\n\t\t\t\t\t<h2 class=\"elementor-heading-title elementor-size-default\">Blindenzentrum St. Raphael <br>KDS-ETS<\/h2>\t\t\t\t<\/div>\n\t\t\t\t<div class=\"elementor-element elementor-element-743911e elementor-widget elementor-widget-text-editor\" data-id=\"743911e\" data-element_type=\"widget\" data-e-type=\"widget\" data-settings=\"{&quot;ekit_we_effect_on&quot;:&quot;none&quot;}\" data-widget_type=\"text-editor.default\">\n\t\t\t\t\t\t\t\t\t<p>Schie\u00dfstandweg 36 | 39100 Bozen | Italien<br \/>Telefon +39 &#8211; 0471 &#8211; 442 323<br \/>Fax +39 &#8211; 0471 &#8211; 442 300<br \/>info@blindenzentrum.bz.it<br \/>blindenzentrum@pec.it<\/p><p>St.\/Mwst.-Nr.: 00586160210<br \/>Empf\u00e4ngerkodex: T04ZHR3 (0=Null)<\/p>\t\t\t\t\t\t\t\t<\/div>\n\t\t\t\t<\/div>\n\t\t<div class=\"elementor-element elementor-element-1aedcb0 e-con-full e-flex e-con e-child\" data-id=\"1aedcb0\" data-element_type=\"container\" data-e-type=\"container\">\n\t\t\t\t<div class=\"elementor-element elementor-element-11a544a elementor-widget elementor-widget-heading\" data-id=\"11a544a\" data-element_type=\"widget\" data-e-type=\"widget\" id=\"design\" data-settings=\"{&quot;ekit_we_effect_on&quot;:&quot;none&quot;}\" tabindex=\"-1\" data-widget_type=\"heading.default\">\n\t\t\t\t\t<h2 class=\"elementor-heading-title elementor-size-default\">Design &amp; teschnische Umsetzung<\/h2>\t\t\t\t<\/div>\n\t\t<div class=\"elementor-element elementor-element-bb2b47e e-con-full e-flex e-con e-child\" data-id=\"bb2b47e\" data-element_type=\"container\" data-e-type=\"container\">\n\t\t\t\t<div class=\"elementor-element elementor-element-9364ecd elementor-widget elementor-widget-image\" data-id=\"9364ecd\" data-element_type=\"widget\" data-e-type=\"widget\" data-settings=\"{&quot;ekit_we_effect_on&quot;:&quot;none&quot;}\" data-widget_type=\"image.default\">\n\t\t\t\t\t\t\t\t\t\t\t\t\t\t\t<img fetchpriority=\"high\" decoding=\"async\" width=\"800\" height=\"800\" src=\"https:\/\/www.blindenzentrum.bz.it\/wp-content\/uploads\/2025\/09\/Logo-V4-BG-1024x1024.png\" class=\"attachment-large size-large wp-image-13\" alt=\"Logo von Dream-Site Webdesign\" srcset=\"https:\/\/www.blindenzentrum.bz.it\/wp-content\/uploads\/2025\/09\/Logo-V4-BG-1024x1024.png 1024w, https:\/\/www.blindenzentrum.bz.it\/wp-content\/uploads\/2025\/09\/Logo-V4-BG-300x300.png 300w, https:\/\/www.blindenzentrum.bz.it\/wp-content\/uploads\/2025\/09\/Logo-V4-BG-150x150.png 150w, https:\/\/www.blindenzentrum.bz.it\/wp-content\/uploads\/2025\/09\/Logo-V4-BG-768x769.png 768w, https:\/\/www.blindenzentrum.bz.it\/wp-content\/uploads\/2025\/09\/Logo-V4-BG-1536x1536.png 1536w, https:\/\/www.blindenzentrum.bz.it\/wp-content\/uploads\/2025\/09\/Logo-V4-BG-2046x2048.png 2046w\" sizes=\"(max-width: 800px) 100vw, 800px\" \/>\t\t\t\t\t\t\t\t\t\t\t\t\t\t\t<\/div>\n\t\t<div class=\"elementor-element elementor-element-315bef6 e-con-full e-flex e-con e-child\" data-id=\"315bef6\" data-element_type=\"container\" data-e-type=\"container\">\n\t\t\t\t<div class=\"elementor-element elementor-element-9a69720 elementor-widget elementor-widget-heading\" data-id=\"9a69720\" data-element_type=\"widget\" data-e-type=\"widget\" data-settings=\"{&quot;ekit_we_effect_on&quot;:&quot;none&quot;}\" data-widget_type=\"heading.default\">\n\t\t\t\t\t<h4 class=\"elementor-heading-title elementor-size-default\">Dream-Site Webdesign<\/h4>\t\t\t\t<\/div>\n\t\t\t\t<div class=\"elementor-element elementor-element-faef7fc elementor-widget elementor-widget-text-editor\" data-id=\"faef7fc\" data-element_type=\"widget\" data-e-type=\"widget\" data-settings=\"{&quot;ekit_we_effect_on&quot;:&quot;none&quot;}\" data-widget_type=\"text-editor.default\">\n\t\t\t\t\t\t\t\t\t<p><a href=\"mailto:info@dream-site.net\">info@dream-site.net<\/a><br \/><a href=\"https:\/\/dream-site.net\/de\" target=\"_blank\" rel=\"noopener\">dream-site.net<\/a><\/p>\t\t\t\t\t\t\t\t<\/div>\n\t\t\t\t<\/div>\n\t\t\t\t<\/div>\n\t\t\t\t<div class=\"elementor-element elementor-element-3e61660 elementor-align-left elementor-widget elementor-widget-button\" data-id=\"3e61660\" data-element_type=\"widget\" data-e-type=\"widget\" data-settings=\"{&quot;ekit_we_effect_on&quot;:&quot;none&quot;}\" data-widget_type=\"button.default\">\n\t\t\t\t\t\t\t\t\t\t<a class=\"elementor-button elementor-button-link elementor-size-sm elementor-animation-grow\" href=\"https:\/\/dream-site.net\/de\" target=\"_blank\" rel=\"noopener\">\n\t\t\t\t\t\t<span class=\"elementor-button-content-wrapper\">\n\t\t\t\t\t\t\t\t\t<span class=\"elementor-button-text\">Zu Dream-Site<\/span>\n\t\t\t\t\t<\/span>\n\t\t\t\t\t<\/a>\n\t\t\t\t\t\t\t\t<\/div>\n\t\t\t\t<\/div>\n\t\t\t\t<\/div>\n\t\t\t\t<div class=\"elementor-element elementor-element-57d0030 elementor-widget elementor-widget-heading\" data-id=\"57d0030\" data-element_type=\"widget\" data-e-type=\"widget\" id=\"hinweise\" data-settings=\"{&quot;ekit_we_effect_on&quot;:&quot;none&quot;}\" tabindex=\"-1\" data-widget_type=\"heading.default\">\n\t\t\t\t\t<h2 class=\"elementor-heading-title elementor-size-default\">Rechtliche Hinweise<\/h2>\t\t\t\t<\/div>\n\t\t\t\t<div class=\"elementor-element elementor-element-1fe7347d elementor-widget elementor-widget-text-editor\" data-id=\"1fe7347d\" data-element_type=\"widget\" data-e-type=\"widget\" data-settings=\"{&quot;ekit_we_effect_on&quot;:&quot;none&quot;}\" data-widget_type=\"text-editor.default\">\n\t\t\t\t\t\t\t\t\t<p>Alle Rechte vorbehalten. Vervielf\u00e4ltigung aller Texte und Grafiken dieser Website nur mit Genehmigung des Blindenzentrums.<\/p><p>Haftungshinweis: Trotz sorgf\u00e4ltiger inhaltlicher Kontrolle \u00fcbernehmen wir keine Haftung f\u00fcr die Inhalte externer Links.<br \/>F\u00fcr den Inhalt der verlinkten Seiten sind ausschlie\u00dflich deren Betreiber verantwortlich.<\/p>\t\t\t\t\t\t\t\t<\/div>\n\t\t\t\t<\/div>\n\t\t\t\t\t<\/div>\n\t\t\t\t<\/div>\n\t\t\t\t<\/div>\n\t\t","protected":false},"excerpt":{"rendered":"<p>Inhaltsangabe Blindenzentrum St. Raphael Design &amp; teschnische Umsetzung Rechtliche Hinweise Blindenzentrum St. Raphael KDS-ETS Schie\u00dfstandweg 36 | 39100 Bozen | ItalienTelefon +39 &#8211; 0471 &#8211; 442 323Fax +39 &#8211; 0471 &#8211; 442 300info@blindenzentrum.bz.itblindenzentrum@pec.it St.\/Mwst.-Nr.: 00586160210Empf\u00e4ngerkodex: T04ZHR3 (0=Null) Design &amp; teschnische Umsetzung Dream-Site Webdesign info@dream-site.netdream-site.net Zu Dream-Site Rechtliche Hinweise Alle Rechte vorbehalten. Vervielf\u00e4ltigung aller Texte und [&hellip;]<\/p>\n","protected":false},"author":1,"featured_media":0,"parent":0,"menu_order":0,"comment_status":"closed","ping_status":"closed","template":"","meta":{"footnotes":""},"class_list":["post-2733","page","type-page","status-publish","hentry"],"_links":{"self":[{"href":"https:\/\/www.blindenzentrum.bz.it\/it\/wp-json\/wp\/v2\/pages\/2733","targetHints":{"allow":["GET"]}}],"collection":[{"href":"https:\/\/www.blindenzentrum.bz.it\/it\/wp-json\/wp\/v2\/pages"}],"about":[{"href":"https:\/\/www.blindenzentrum.bz.it\/it\/wp-json\/wp\/v2\/types\/page"}],"author":[{"embeddable":true,"href":"https:\/\/www.blindenzentrum.bz.it\/it\/wp-json\/wp\/v2\/users\/1"}],"replies":[{"embeddable":true,"href":"https:\/\/www.blindenzentrum.bz.it\/it\/wp-json\/wp\/v2\/comments?post=2733"}],"version-history":[{"count":13,"href":"https:\/\/www.blindenzentrum.bz.it\/it\/wp-json\/wp\/v2\/pages\/2733\/revisions"}],"predecessor-version":[{"id":4515,"href":"https:\/\/www.blindenzentrum.bz.it\/it\/wp-json\/wp\/v2\/pages\/2733\/revisions\/4515"}],"wp:attachment":[{"href":"https:\/\/www.blindenzentrum.bz.it\/it\/wp-json\/wp\/v2\/media?parent=2733"}],"curies":[{"name":"wp","href":"https:\/\/api.w.org\/{rel}","templated":true}]}}