{"id":283,"date":"2025-09-29T23:36:51","date_gmt":"2025-09-29T21:36:51","guid":{"rendered":"https:\/\/www.blindenzentrum.bz.it\/?page_id=283"},"modified":"2026-01-22T21:14:34","modified_gmt":"2026-01-22T20:14:34","slug":"missione","status":"publish","type":"page","link":"https:\/\/www.blindenzentrum.bz.it\/it\/chi-siamo\/missione\/","title":{"rendered":"La missione del Centro Ciechi St. Raphael"},"content":{"rendered":"\t\t<div data-elementor-type=\"wp-page\" data-elementor-id=\"283\" class=\"elementor elementor-283\" data-elementor-post-type=\"page\">\n\t\t\t\t<div class=\"elementor-element elementor-element-110ffda4 inhaltsangabe e-flex e-con-boxed e-con e-parent\" data-id=\"110ffda4\" data-element_type=\"container\" data-e-type=\"container\" data-settings=\"{&quot;background_background&quot;:&quot;classic&quot;}\">\n\t\t\t\t\t<div class=\"e-con-inner\">\n\t\t\t\t<div class=\"elementor-element elementor-element-37beb5e4 elementor-widget elementor-widget-heading\" data-id=\"37beb5e4\" data-element_type=\"widget\" data-e-type=\"widget\" id=\"content-main\" data-settings=\"{&quot;ekit_we_effect_on&quot;:&quot;none&quot;}\" tabindex=\"-1\" data-widget_type=\"heading.default\">\n\t\t\t\t\t<h3 class=\"elementor-heading-title elementor-size-default\">Inhaltsangabe<\/h3>\t\t\t\t<\/div>\n\t\t\t\t<div class=\"elementor-element elementor-element-527b6059 e-n-menu-none e-full_width e-n-menu-layout-horizontal elementor-widget elementor-widget-n-menu\" data-id=\"527b6059\" data-element_type=\"widget\" data-e-type=\"widget\" data-settings=\"{&quot;menu_items&quot;:[{&quot;item_title&quot;:&quot;Leitbild des Blindenzentrum St. Raphael&quot;,&quot;_id&quot;:&quot;251db83&quot;,&quot;item_link&quot;:{&quot;url&quot;:&quot;#leitbild&quot;,&quot;is_external&quot;:&quot;&quot;,&quot;nofollow&quot;:&quot;&quot;,&quot;custom_attributes&quot;:&quot;&quot;},&quot;item_dropdown_content&quot;:&quot;no&quot;,&quot;item_icon&quot;:{&quot;value&quot;:&quot;&quot;,&quot;library&quot;:&quot;&quot;},&quot;item_icon_active&quot;:null,&quot;element_id&quot;:&quot;&quot;}],&quot;item_position_horizontal&quot;:&quot;center&quot;,&quot;item_position_horizontal_mobile&quot;:&quot;center&quot;,&quot;breakpoint_selector&quot;:&quot;none&quot;,&quot;content_width&quot;:&quot;full_width&quot;,&quot;item_layout&quot;:&quot;horizontal&quot;,&quot;open_on&quot;:&quot;hover&quot;,&quot;horizontal_scroll&quot;:&quot;disable&quot;,&quot;menu_item_title_distance_from_content&quot;:{&quot;unit&quot;:&quot;px&quot;,&quot;size&quot;:0,&quot;sizes&quot;:[]},&quot;menu_item_title_distance_from_content_tablet&quot;:{&quot;unit&quot;:&quot;px&quot;,&quot;size&quot;:&quot;&quot;,&quot;sizes&quot;:[]},&quot;menu_item_title_distance_from_content_mobile&quot;:{&quot;unit&quot;:&quot;px&quot;,&quot;size&quot;:&quot;&quot;,&quot;sizes&quot;:[]},&quot;ekit_we_effect_on&quot;:&quot;none&quot;}\" data-widget_type=\"mega-menu.default\">\n\t\t\t\t\t\t\t<nav class=\"e-n-menu\" data-widget-number=\"138\" aria-label=\"Menu\">\n\t\t\t\t\t<button class=\"e-n-menu-toggle\" id=\"menu-toggle-138\" aria-haspopup=\"true\" aria-expanded=\"false\" aria-controls=\"menubar-138\" aria-label=\"Menu Toggle\">\n\t\t\t<span class=\"e-n-menu-toggle-icon e-open\">\n\t\t\t\t<svg class=\"e-font-icon-svg e-eicon-menu-bar\" viewBox=\"0 0 1000 1000\" xmlns=\"http:\/\/www.w3.org\/2000\/svg\"><path d=\"M104 333H896C929 333 958 304 958 271S929 208 896 208H104C71 208 42 237 42 271S71 333 104 333ZM104 583H896C929 583 958 554 958 521S929 458 896 458H104C71 458 42 487 42 521S71 583 104 583ZM104 833H896C929 833 958 804 958 771S929 708 896 708H104C71 708 42 737 42 771S71 833 104 833Z\"><\/path><\/svg>\t\t\t<\/span>\n\t\t\t<span class=\"e-n-menu-toggle-icon e-close\">\n\t\t\t\t<svg class=\"e-font-icon-svg e-eicon-close\" viewBox=\"0 0 1000 1000\" xmlns=\"http:\/\/www.w3.org\/2000\/svg\"><path d=\"M742 167L500 408 258 167C246 154 233 150 217 150 196 150 179 158 167 167 154 179 150 196 150 212 150 229 154 242 171 254L408 500 167 742C138 771 138 800 167 829 196 858 225 858 254 829L496 587 738 829C750 842 767 846 783 846 800 846 817 842 829 829 842 817 846 804 846 783 846 767 842 750 829 737L588 500 833 258C863 229 863 200 833 171 804 137 775 137 742 167Z\"><\/path><\/svg>\t\t\t<\/span>\n\t\t<\/button>\n\t\t\t\t\t<div class=\"e-n-menu-wrapper\" id=\"menubar-138\" aria-labelledby=\"menu-toggle-138\">\n\t\t\t\t<ul class=\"e-n-menu-heading\">\n\t\t\t\t\t\t\t\t<li class=\"e-n-menu-item\">\n\t\t\t\t<div id=\"e-n-menu-title-1381\" class=\"e-n-menu-title e-anchor\">\n\t\t\t\t\t<a class=\"e-n-menu-title-container e-focus e-link\" href=\"#leitbild\" aria-current=\"page\">\t\t\t\t\t\t\t\t\t\t\t\t<span class=\"e-n-menu-title-text\">\n\t\t\t\t\t\t\tLeitbild des Blindenzentrum St. Raphael\t\t\t\t\t\t<\/span>\n\t\t\t\t\t<\/a>\t\t\t\t\t\t\t\t\t<\/div>\n\t\t\t\t\t\t\t<\/li>\n\t\t\t\t\t\t<\/ul>\n\t\t\t<\/div>\n\t\t<\/nav>\n\t\t\t\t\t\t<\/div>\n\t\t\t\t\t<\/div>\n\t\t\t\t<\/div>\n\t\t<div class=\"elementor-element elementor-element-5f5b6ae e-flex e-con-boxed e-con e-parent\" data-id=\"5f5b6ae\" data-element_type=\"container\" data-e-type=\"container\">\n\t\t\t\t\t<div class=\"e-con-inner\">\n\t\t\t\t<div class=\"elementor-element elementor-element-5a69d8b elementor-widget elementor-widget-image\" data-id=\"5a69d8b\" data-element_type=\"widget\" data-e-type=\"widget\" data-settings=\"{&quot;ekit_we_effect_on&quot;:&quot;none&quot;}\" data-widget_type=\"image.default\">\n\t\t\t\t\t\t\t\t\t\t\t\t\t\t\t<img fetchpriority=\"high\" decoding=\"async\" width=\"800\" height=\"600\" src=\"https:\/\/www.blindenzentrum.bz.it\/wp-content\/uploads\/2026\/01\/imgCZPFT3-1024x768.jpg\" class=\"attachment-large size-large wp-image-2103\" alt=\"Mehrere H\u00e4nde liegen einander zugewandt auf bl\u00fchenden Str\u00e4uchern, symbolisierend Gemeinschaft und Naturverbundenheit.\" srcset=\"https:\/\/www.blindenzentrum.bz.it\/wp-content\/uploads\/2026\/01\/imgCZPFT3-1024x768.jpg 1024w, https:\/\/www.blindenzentrum.bz.it\/wp-content\/uploads\/2026\/01\/imgCZPFT3-300x225.jpg 300w, https:\/\/www.blindenzentrum.bz.it\/wp-content\/uploads\/2026\/01\/imgCZPFT3-768x576.jpg 768w, https:\/\/www.blindenzentrum.bz.it\/wp-content\/uploads\/2026\/01\/imgCZPFT3-16x12.jpg 16w, https:\/\/www.blindenzentrum.bz.it\/wp-content\/uploads\/2026\/01\/imgCZPFT3.jpg 1280w\" sizes=\"(max-width: 800px) 100vw, 800px\" \/>\t\t\t\t\t\t\t\t\t\t\t\t\t\t\t<\/div>\n\t\t\t\t\t<\/div>\n\t\t\t\t<\/div>\n\t\t<div class=\"elementor-element elementor-element-41dd5ed e-flex e-con-boxed e-con e-parent\" data-id=\"41dd5ed\" data-element_type=\"container\" data-e-type=\"container\">\n\t\t\t\t\t<div class=\"e-con-inner\">\n\t\t<div class=\"elementor-element elementor-element-03dd437 e-con-full e-flex e-con e-child\" data-id=\"03dd437\" data-element_type=\"container\" data-e-type=\"container\">\n\t\t\t\t<div class=\"elementor-element elementor-element-b361451 elementor-widget elementor-widget-heading\" data-id=\"b361451\" data-element_type=\"widget\" data-e-type=\"widget\" data-settings=\"{&quot;ekit_we_effect_on&quot;:&quot;none&quot;}\" data-widget_type=\"heading.default\">\n\t\t\t\t\t<h3 class=\"elementor-heading-title elementor-size-default\"><a href=\"https:\/\/www.blindenzentrum.bz.it\/ueber-uns\/\">\u00dcBER UNS<\/a><\/h3>\t\t\t\t<\/div>\n\t\t\t\t<div class=\"elementor-element elementor-element-d79a0ec elementor-widget elementor-widget-heading\" data-id=\"d79a0ec\" data-element_type=\"widget\" data-e-type=\"widget\" id=\"leitbild\" data-settings=\"{&quot;ekit_we_effect_on&quot;:&quot;none&quot;}\" tabindex=\"-1\" data-widget_type=\"heading.default\">\n\t\t\t\t\t<h1 class=\"elementor-heading-title elementor-size-default\">Leitbild des Blindenzentrum St. Raphael<\/h1>\t\t\t\t<\/div>\n\t\t\t\t<\/div>\n\t\t\t\t<div class=\"elementor-element elementor-element-6eeaa86 elementor-widget elementor-widget-text-editor\" data-id=\"6eeaa86\" data-element_type=\"widget\" data-e-type=\"widget\" data-settings=\"{&quot;ekit_we_effect_on&quot;:&quot;none&quot;}\" data-widget_type=\"text-editor.default\">\n\t\t\t\t\t\t\t\t\t<ul class=\"ld\"><li class=\"li\">Das Blindenzentrum St. Raphael versteht sich als landesweite Anlauf- und Beratungsstelle f\u00fcr blinde\/sehbehinderte Menschen und deren Angeh\u00f6rige.<\/li><li class=\"li\">Im Mittelpunkt unserer Arbeit steht der Mensch. Pers\u00f6nlichkeit, Lebensgeschichte, Gewohnheiten und Anliegen eines jeden Einzelnen bestimmen die Schwerpunkte unserer T\u00e4tigkeit.<\/li><li class=\"li\">Wir verbinden unsere Tradition der Hilfe zur Selbsthilfe mit den Anforderungen einer modernen Leistungs- und Kommunikationsgesellschaft.<\/li><li class=\"li\">Wir bieten ein flexibles Unterst\u00fctzungsnetz, das so viel Selbstbestimmung wie m\u00f6glich und so viel Hilfe wie n\u00f6tig gew\u00e4hrleistet.<\/li><li class=\"li\">Unsere obersten Ziele sind die soziale Inklusion, die St\u00e4rkung von Selbst\u00e4ndigkeit und Eigenverantwortung und die F\u00f6rderung der Lebensqualit\u00e4t von Betroffenen.<\/li><li class=\"li\">Wir erkennen den regelm\u00e4\u00dfigen Austausch mit sehenden Menschen als besonderen Wert: Die Fachkompetenz der Spezialisten gepaart mit der Erfahrungskompetenz der Betroffenen sind Grundlage f\u00fcr die t\u00e4gliche Arbeit.<\/li><li class=\"li\">Unser Haus ist ein Ort der Begegnung, der Sicherheit und R\u00fcckhalt bietet und ein Zuhause f\u00fcr Betroffene ist.<\/li><li class=\"li\">Wir informieren und sensibilisieren die \u00d6ffentlichkeit kontinuierlich \u00fcber die speziellen und aktuellen Anliegen von blinden\/sehbehinderten Menschen.<\/li><li class=\"li\">Wir vertreten die Anliegen blinder\/sehbehinderter Menschen gegen\u00fcber Beh\u00f6rden und Gesellschaft.<\/li><li class=\"li\">Wir legen Wert auf interdisziplin\u00e4re Zusammenarbeit und Kooperation mit anderen Diensten und Interessensverb\u00e4nden.<\/li><li class=\"li\">Wir garantieren einen verantwortungs- und kostenbewussten Umgang mit allen Ressourcen, \u00f6ffentlichen Mitteln und Spenden.<\/li><li class=\"li\">Wir legen Wert auf kontinuierliche Weiterbildung und Weiterentwicklung der beruflichen Kompetenzen. Unsere MitarbeiterInnen sollen ihre Aufgabe als sinnvoll und erf\u00fcllend erfahren k\u00f6nnen.<\/li><li class=\"li\">Wir verstehen uns als lernende Organisation. Unsere weitere Entwicklung bzw. Ausrichtung wird sich an den jeweiligen Bed\u00fcrfnissen der Betroffenen orientieren.<\/li><\/ul>\t\t\t\t\t\t\t\t<\/div>\n\t\t\t\t\t<\/div>\n\t\t\t\t<\/div>\n\t\t\t\t<\/div>\n\t\t","protected":false},"excerpt":{"rendered":"<p>Inhaltsangabe Leitbild des Blindenzentrum St. Raphael \u00dcBER UNS Leitbild des Blindenzentrum St. Raphael Das Blindenzentrum St. Raphael versteht sich als landesweite Anlauf- und Beratungsstelle f\u00fcr blinde\/sehbehinderte Menschen und deren Angeh\u00f6rige. Im Mittelpunkt unserer Arbeit steht der Mensch. Pers\u00f6nlichkeit, Lebensgeschichte, Gewohnheiten und Anliegen eines jeden Einzelnen bestimmen die Schwerpunkte unserer T\u00e4tigkeit. Wir verbinden unsere Tradition der [&hellip;]<\/p>\n","protected":false},"author":1,"featured_media":0,"parent":576,"menu_order":0,"comment_status":"closed","ping_status":"closed","template":"","meta":{"footnotes":""},"class_list":["post-283","page","type-page","status-publish","hentry"],"_links":{"self":[{"href":"https:\/\/www.blindenzentrum.bz.it\/it\/wp-json\/wp\/v2\/pages\/283","targetHints":{"allow":["GET"]}}],"collection":[{"href":"https:\/\/www.blindenzentrum.bz.it\/it\/wp-json\/wp\/v2\/pages"}],"about":[{"href":"https:\/\/www.blindenzentrum.bz.it\/it\/wp-json\/wp\/v2\/types\/page"}],"author":[{"embeddable":true,"href":"https:\/\/www.blindenzentrum.bz.it\/it\/wp-json\/wp\/v2\/users\/1"}],"replies":[{"embeddable":true,"href":"https:\/\/www.blindenzentrum.bz.it\/it\/wp-json\/wp\/v2\/comments?post=283"}],"version-history":[{"count":10,"href":"https:\/\/www.blindenzentrum.bz.it\/it\/wp-json\/wp\/v2\/pages\/283\/revisions"}],"predecessor-version":[{"id":2106,"href":"https:\/\/www.blindenzentrum.bz.it\/it\/wp-json\/wp\/v2\/pages\/283\/revisions\/2106"}],"up":[{"embeddable":true,"href":"https:\/\/www.blindenzentrum.bz.it\/it\/wp-json\/wp\/v2\/pages\/576"}],"wp:attachment":[{"href":"https:\/\/www.blindenzentrum.bz.it\/it\/wp-json\/wp\/v2\/media?parent=283"}],"curies":[{"name":"wp","href":"https:\/\/api.w.org\/{rel}","templated":true}]}}