{"id":589,"date":"2025-10-06T12:00:56","date_gmt":"2025-10-06T10:00:56","guid":{"rendered":"https:\/\/www.blindenzentrum.bz.it\/?page_id=589"},"modified":"2026-02-27T00:06:35","modified_gmt":"2026-02-26T23:06:35","slug":"donazioni","status":"publish","type":"page","link":"https:\/\/www.blindenzentrum.bz.it\/it\/chi-siamo\/donazioni\/","title":{"rendered":"Donazioni"},"content":{"rendered":"\t\t<div data-elementor-type=\"wp-page\" data-elementor-id=\"589\" class=\"elementor elementor-589\" data-elementor-post-type=\"page\">\n\t\t\t\t<div class=\"elementor-element elementor-element-5e1d582 inhaltsangabe e-flex e-con-boxed e-con e-parent\" data-id=\"5e1d582\" data-element_type=\"container\" data-e-type=\"container\" data-settings=\"{&quot;background_background&quot;:&quot;classic&quot;}\">\n\t\t\t\t\t<div class=\"e-con-inner\">\n\t\t\t\t<div class=\"elementor-element elementor-element-32b33a2 elementor-widget elementor-widget-heading\" data-id=\"32b33a2\" data-element_type=\"widget\" data-e-type=\"widget\" id=\"content-main\" data-settings=\"{&quot;ekit_we_effect_on&quot;:&quot;none&quot;}\" tabindex=\"-1\" data-widget_type=\"heading.default\">\n\t\t\t\t\t<h3 class=\"elementor-heading-title elementor-size-default\">Inhaltsangabe<\/h3>\t\t\t\t<\/div>\n\t\t\t\t<div class=\"elementor-element elementor-element-a780679 e-n-menu-none e-full_width e-n-menu-layout-horizontal elementor-widget elementor-widget-n-menu\" data-id=\"a780679\" data-element_type=\"widget\" data-e-type=\"widget\" data-settings=\"{&quot;menu_items&quot;:[{&quot;item_title&quot;:&quot;Spenden&quot;,&quot;_id&quot;:&quot;251db83&quot;,&quot;item_link&quot;:{&quot;url&quot;:&quot;#spenden&quot;,&quot;is_external&quot;:&quot;&quot;,&quot;nofollow&quot;:&quot;&quot;,&quot;custom_attributes&quot;:&quot;&quot;},&quot;item_dropdown_content&quot;:&quot;no&quot;,&quot;item_icon&quot;:{&quot;value&quot;:&quot;&quot;,&quot;library&quot;:&quot;&quot;},&quot;item_icon_active&quot;:null,&quot;element_id&quot;:&quot;&quot;},{&quot;item_title&quot;:&quot;Steuererkl\\u00e4rung&quot;,&quot;_id&quot;:&quot;ce80ec6&quot;,&quot;item_link&quot;:{&quot;url&quot;:&quot;#steuer&quot;,&quot;is_external&quot;:&quot;&quot;,&quot;nofollow&quot;:&quot;&quot;,&quot;custom_attributes&quot;:&quot;&quot;},&quot;item_dropdown_content&quot;:&quot;no&quot;,&quot;item_icon&quot;:{&quot;value&quot;:&quot;&quot;,&quot;library&quot;:&quot;&quot;},&quot;item_icon_active&quot;:null,&quot;element_id&quot;:&quot;&quot;}],&quot;item_position_horizontal&quot;:&quot;center&quot;,&quot;item_position_horizontal_mobile&quot;:&quot;center&quot;,&quot;breakpoint_selector&quot;:&quot;none&quot;,&quot;content_width&quot;:&quot;full_width&quot;,&quot;item_layout&quot;:&quot;horizontal&quot;,&quot;open_on&quot;:&quot;hover&quot;,&quot;horizontal_scroll&quot;:&quot;disable&quot;,&quot;menu_item_title_distance_from_content&quot;:{&quot;unit&quot;:&quot;px&quot;,&quot;size&quot;:0,&quot;sizes&quot;:[]},&quot;menu_item_title_distance_from_content_tablet&quot;:{&quot;unit&quot;:&quot;px&quot;,&quot;size&quot;:&quot;&quot;,&quot;sizes&quot;:[]},&quot;menu_item_title_distance_from_content_mobile&quot;:{&quot;unit&quot;:&quot;px&quot;,&quot;size&quot;:&quot;&quot;,&quot;sizes&quot;:[]},&quot;ekit_we_effect_on&quot;:&quot;none&quot;}\" data-widget_type=\"mega-menu.default\">\n\t\t\t\t\t\t\t<nav class=\"e-n-menu\" data-widget-number=\"175\" aria-label=\"Menu\">\n\t\t\t\t\t<button class=\"e-n-menu-toggle\" id=\"menu-toggle-175\" aria-haspopup=\"true\" aria-expanded=\"false\" aria-controls=\"menubar-175\" aria-label=\"Menu Toggle\">\n\t\t\t<span class=\"e-n-menu-toggle-icon e-open\">\n\t\t\t\t<svg class=\"e-font-icon-svg e-eicon-menu-bar\" viewBox=\"0 0 1000 1000\" xmlns=\"http:\/\/www.w3.org\/2000\/svg\"><path d=\"M104 333H896C929 333 958 304 958 271S929 208 896 208H104C71 208 42 237 42 271S71 333 104 333ZM104 583H896C929 583 958 554 958 521S929 458 896 458H104C71 458 42 487 42 521S71 583 104 583ZM104 833H896C929 833 958 804 958 771S929 708 896 708H104C71 708 42 737 42 771S71 833 104 833Z\"><\/path><\/svg>\t\t\t<\/span>\n\t\t\t<span class=\"e-n-menu-toggle-icon e-close\">\n\t\t\t\t<svg class=\"e-font-icon-svg e-eicon-close\" viewBox=\"0 0 1000 1000\" xmlns=\"http:\/\/www.w3.org\/2000\/svg\"><path d=\"M742 167L500 408 258 167C246 154 233 150 217 150 196 150 179 158 167 167 154 179 150 196 150 212 150 229 154 242 171 254L408 500 167 742C138 771 138 800 167 829 196 858 225 858 254 829L496 587 738 829C750 842 767 846 783 846 800 846 817 842 829 829 842 817 846 804 846 783 846 767 842 750 829 737L588 500 833 258C863 229 863 200 833 171 804 137 775 137 742 167Z\"><\/path><\/svg>\t\t\t<\/span>\n\t\t<\/button>\n\t\t\t\t\t<div class=\"e-n-menu-wrapper\" id=\"menubar-175\" aria-labelledby=\"menu-toggle-175\">\n\t\t\t\t<ul class=\"e-n-menu-heading\">\n\t\t\t\t\t\t\t\t<li class=\"e-n-menu-item\">\n\t\t\t\t<div id=\"e-n-menu-title-1751\" class=\"e-n-menu-title e-anchor\">\n\t\t\t\t\t<a class=\"e-n-menu-title-container e-focus e-link\" href=\"#spenden\" aria-current=\"page\">\t\t\t\t\t\t\t\t\t\t\t\t<span class=\"e-n-menu-title-text\">\n\t\t\t\t\t\t\tSpenden\t\t\t\t\t\t<\/span>\n\t\t\t\t\t<\/a>\t\t\t\t\t\t\t\t\t<\/div>\n\t\t\t\t\t\t\t<\/li>\n\t\t\t\t\t<li class=\"e-n-menu-item\">\n\t\t\t\t<div id=\"e-n-menu-title-1752\" class=\"e-n-menu-title e-anchor\">\n\t\t\t\t\t<a class=\"e-n-menu-title-container e-focus e-link\" href=\"#steuer\" aria-current=\"page\">\t\t\t\t\t\t\t\t\t\t\t\t<span class=\"e-n-menu-title-text\">\n\t\t\t\t\t\t\tSteuererkl\u00e4rung\t\t\t\t\t\t<\/span>\n\t\t\t\t\t<\/a>\t\t\t\t\t\t\t\t\t<\/div>\n\t\t\t\t\t\t\t<\/li>\n\t\t\t\t\t\t<\/ul>\n\t\t\t<\/div>\n\t\t<\/nav>\n\t\t\t\t\t\t<\/div>\n\t\t\t\t\t<\/div>\n\t\t\t\t<\/div>\n\t\t<div class=\"elementor-element elementor-element-ea94188 e-flex e-con-boxed e-con e-parent\" data-id=\"ea94188\" data-element_type=\"container\" data-e-type=\"container\">\n\t\t\t\t\t<div class=\"e-con-inner\">\n\t\t\t\t<div class=\"elementor-element elementor-element-4bdca66 elementor-widget elementor-widget-image\" data-id=\"4bdca66\" data-element_type=\"widget\" data-e-type=\"widget\" data-settings=\"{&quot;ekit_we_effect_on&quot;:&quot;none&quot;}\" data-widget_type=\"image.default\">\n\t\t\t\t\t\t\t\t\t\t\t\t\t\t\t<img fetchpriority=\"high\" decoding=\"async\" width=\"800\" height=\"533\" src=\"https:\/\/www.blindenzentrum.bz.it\/wp-content\/uploads\/2025\/11\/159d970_imgfDWksb.jpg\" class=\"attachment-large size-large wp-image-1227\" alt=\"Ein l\u00e4chelndes Kleinkind mit einem L\u00e4tzchen betrachtet freudig ein buntes Buch mit einem gro\u00dfen Smiley-Gesicht.\" srcset=\"https:\/\/www.blindenzentrum.bz.it\/wp-content\/uploads\/2025\/11\/159d970_imgfDWksb.jpg 970w, https:\/\/www.blindenzentrum.bz.it\/wp-content\/uploads\/2025\/11\/159d970_imgfDWksb-300x200.jpg 300w, https:\/\/www.blindenzentrum.bz.it\/wp-content\/uploads\/2025\/11\/159d970_imgfDWksb-768x511.jpg 768w, https:\/\/www.blindenzentrum.bz.it\/wp-content\/uploads\/2025\/11\/159d970_imgfDWksb-18x12.jpg 18w\" sizes=\"(max-width: 800px) 100vw, 800px\" \/>\t\t\t\t\t\t\t\t\t\t\t\t\t\t\t<\/div>\n\t\t\t\t\t<\/div>\n\t\t\t\t<\/div>\n\t\t<div class=\"elementor-element elementor-element-8b718b7 e-flex e-con-boxed e-con e-parent\" data-id=\"8b718b7\" data-element_type=\"container\" data-e-type=\"container\">\n\t\t\t\t\t<div class=\"e-con-inner\">\n\t\t\t\t<div class=\"elementor-element elementor-element-6d20f8d elementor-widget elementor-widget-heading\" data-id=\"6d20f8d\" data-element_type=\"widget\" data-e-type=\"widget\" data-settings=\"{&quot;ekit_we_effect_on&quot;:&quot;none&quot;}\" data-widget_type=\"heading.default\">\n\t\t\t\t\t<h3 class=\"elementor-heading-title elementor-size-default\"><a href=\"https:\/\/www.blindenzentrum.bz.it\/ueber-uns\/\">\u00dcBER UNS<\/a><\/h3>\t\t\t\t<\/div>\n\t\t\t\t<div class=\"elementor-element elementor-element-c475824 elementor-widget elementor-widget-heading\" data-id=\"c475824\" data-element_type=\"widget\" data-e-type=\"widget\" id=\"spenden\" data-settings=\"{&quot;ekit_we_effect_on&quot;:&quot;none&quot;}\" tabindex=\"-1\" data-widget_type=\"heading.default\">\n\t\t\t\t\t<h1 class=\"elementor-heading-title elementor-size-default\">Spenden\n<\/h1>\t\t\t\t<\/div>\n\t\t\t\t<div class=\"elementor-element elementor-element-2976250 elementor-widget elementor-widget-text-editor\" data-id=\"2976250\" data-element_type=\"widget\" data-e-type=\"widget\" data-settings=\"{&quot;ekit_we_effect_on&quot;:&quot;none&quot;}\" data-widget_type=\"text-editor.default\">\n\t\t\t\t\t\t\t\t\t<div class=\"row row-fluid\"><div class=\"pleft pull-center para span12 col-xs-12 col-sm-12 indent-b\"><div class=\"pcontent\"><div class=\"row-fluid\">Durch Ihre Spende an das Blindenzentrum St. Raphael tragen Sie ma\u00dfgeblich zur Finanzierung unserer gemeinn\u00fctzigen Projekte f\u00fcr blinde und sehbehinderte Menschen bei. Diese Projekte zielen unter anderem darauf ab, den Betroffenen ein selbst\u00e4ndiges Leben zu erm\u00f6glichen und eine berufliche Perspektive zu bieten.<br \/>Diese Initiativen erg\u00e4nzen bzw. runden somit unsere laufende T\u00e4tigkeit als Kompetenzzentrum und Wohnheim sowie unsere landesweit ausgerichteten Reha-Dienste (P\u00e4dagogische Hausfr\u00fchf\u00f6rderung, Schulberatung, Selbst\u00e4ndigkeitstraining, Mobiler Beratungsdienst) ab.<\/div><div><strong><em>Ihre Spende ist steuerlich absetzbar.<\/em><\/strong><\/div><\/div><\/div><\/div>\t\t\t\t\t\t\t\t<\/div>\n\t\t<div class=\"elementor-element elementor-element-7fc8627 e-con-full e-flex e-con e-child\" data-id=\"7fc8627\" data-element_type=\"container\" data-e-type=\"container\">\n\t\t<div class=\"elementor-element elementor-element-9baf6ac e-con-full e-flex e-con e-child\" data-id=\"9baf6ac\" data-element_type=\"container\" data-e-type=\"container\">\n\t\t\t\t<div class=\"elementor-element elementor-element-0fa7254 elementor-widget elementor-widget-heading\" data-id=\"0fa7254\" data-element_type=\"widget\" data-e-type=\"widget\" data-settings=\"{&quot;ekit_we_effect_on&quot;:&quot;none&quot;}\" data-widget_type=\"heading.default\">\n\t\t\t\t\t<h3 class=\"elementor-heading-title elementor-size-default\">Spendenkonten:\n<\/h3>\t\t\t\t<\/div>\n\t\t\t\t<div class=\"elementor-element elementor-element-c661e54 elementor-widget elementor-widget-text-editor\" data-id=\"c661e54\" data-element_type=\"widget\" data-e-type=\"widget\" data-settings=\"{&quot;ekit_we_effect_on&quot;:&quot;none&quot;}\" data-widget_type=\"text-editor.default\">\n\t\t\t\t\t\t\t\t\t<div class=\"row row-fluid\"><div class=\"pleft pull-center para span12 col-xs-12 col-sm-12 indent-b\"><div class=\"pcontent\"><div class=\"row-fluid\"><p><strong>Raiffeisenkasse Bozen, Filiale Gries<\/strong><br \/>IBAN IT16 X0808111601000301003402<br \/>SWIFT\/BIC RZSBIT21103<\/p><p><strong>S\u00fcdtiroler Volksbank, Filiale Gries<\/strong><br \/>IBAN IT21Q0585611602051570030005<br \/>SWIFT\/BIC BPAAIT2B051<\/p><\/div><\/div><\/div><\/div>\t\t\t\t\t\t\t\t<\/div>\n\t\t\t\t<\/div>\n\t\t<div class=\"elementor-element elementor-element-e2485d8 e-con-full e-flex e-con e-child\" data-id=\"e2485d8\" data-element_type=\"container\" data-e-type=\"container\">\n\t\t\t\t<div class=\"elementor-element elementor-element-40bd769 elementor-widget elementor-widget-image\" data-id=\"40bd769\" data-element_type=\"widget\" data-e-type=\"widget\" data-settings=\"{&quot;ekit_we_effect_on&quot;:&quot;none&quot;}\" data-widget_type=\"image.default\">\n\t\t\t\t\t\t\t\t\t\t\t\t\t\t\t<img decoding=\"async\" width=\"349\" height=\"282\" src=\"https:\/\/www.blindenzentrum.bz.it\/wp-content\/uploads\/2025\/11\/159d349_imghwl7Cc.jpg\" class=\"attachment-large size-large wp-image-1224\" alt=\"Logo mit der Aufschrift SICHER SPENDEN und der Website www.spenden.bz.it umrahmt von einem Auge und der Nummer 0106.\" srcset=\"https:\/\/www.blindenzentrum.bz.it\/wp-content\/uploads\/2025\/11\/159d349_imghwl7Cc.jpg 349w, https:\/\/www.blindenzentrum.bz.it\/wp-content\/uploads\/2025\/11\/159d349_imghwl7Cc-300x242.jpg 300w, https:\/\/www.blindenzentrum.bz.it\/wp-content\/uploads\/2025\/11\/159d349_imghwl7Cc-15x12.jpg 15w\" sizes=\"(max-width: 349px) 100vw, 349px\" \/>\t\t\t\t\t\t\t\t\t\t\t\t\t\t\t<\/div>\n\t\t\t\t<\/div>\n\t\t\t\t<\/div>\n\t\t\t\t\t<\/div>\n\t\t\t\t<\/div>\n\t\t<div class=\"elementor-element elementor-element-a66bad7 e-flex e-con-boxed e-con e-child\" data-id=\"a66bad7\" data-element_type=\"container\" data-e-type=\"container\">\n\t\t\t\t\t<div class=\"e-con-inner\">\n\t\t\t\t<div class=\"elementor-element elementor-element-68fe709 elementor-widget elementor-widget-heading\" data-id=\"68fe709\" data-element_type=\"widget\" data-e-type=\"widget\" id=\"steuer\" data-settings=\"{&quot;ekit_we_effect_on&quot;:&quot;none&quot;}\" tabindex=\"-1\" data-widget_type=\"heading.default\">\n\t\t\t\t\t<h2 class=\"elementor-heading-title elementor-size-default\">Steuererkl\u00e4rung\n<\/h2>\t\t\t\t<\/div>\n\t\t\t\t<div class=\"elementor-element elementor-element-5c34507 elementor-widget elementor-widget-text-editor\" data-id=\"5c34507\" data-element_type=\"widget\" data-e-type=\"widget\" data-settings=\"{&quot;ekit_we_effect_on&quot;:&quot;none&quot;}\" data-widget_type=\"text-editor.default\">\n\t\t\t\t\t\t\t\t\t<div class=\"row row-fluid\"><div class=\"pleft pull-center para span12 col-xs-12 col-sm-12 indent-b\"><div class=\"pcontent\"><div class=\"row-fluid\"><p>Bestimmen Sie\u00a0<strong>5 Promille<\/strong>\u00a0Ihrer Einkommenssteuer f\u00fcr die Unterst\u00fctzung der blinden und sehbehinderten Menschen S\u00fcdtirols.<br \/>F\u00fcr Sie kostenlos, f\u00fcr uns eine sehr wertvolle Hilfe.<br \/><br \/>Blindenzentrum St. Raphael<br \/>Steuernummer\u00a0<strong>00586160210<\/strong><br \/><br \/>Herzlichen Dank!<\/p><\/div><\/div><\/div><\/div>\t\t\t\t\t\t\t\t<\/div>\n\t\t\t\t\t<\/div>\n\t\t\t\t<\/div>\n\t\t<div class=\"elementor-element elementor-element-208cd50 e-grid e-con-boxed e-con e-parent\" data-id=\"208cd50\" data-element_type=\"container\" data-e-type=\"container\">\n\t\t\t\t\t<div class=\"e-con-inner\">\n\t\t<div class=\"elementor-element elementor-element-b5e295b e-con-full e-flex e-con e-child\" data-id=\"b5e295b\" data-element_type=\"container\" data-e-type=\"container\">\n\t\t\t\t<div class=\"elementor-element elementor-element-b2a6024 square-img elementor-widget elementor-widget-image\" data-id=\"b2a6024\" data-element_type=\"widget\" data-e-type=\"widget\" data-settings=\"{&quot;ekit_we_effect_on&quot;:&quot;none&quot;}\" data-widget_type=\"image.default\">\n\t\t\t\t\t\t\t\t\t\t\t\t\t\t\t\t<a href=\"https:\/\/www.blindenzentrum.bz.it\/wp-content\/uploads\/2025\/11\/159d970_imgZMtwKq.jpg\" data-elementor-open-lightbox=\"yes\" data-elementor-lightbox-title=\"Eine l\u00e4chelnde Frau und ein \u00e4lterer Mann arbeiten zusammen an einem Holzprojekt, beide halten Werkzeuge in der Hand.\" data-e-action-hash=\"#elementor-action%3Aaction%3Dlightbox%26settings%3DeyJpZCI6MTIyOCwidXJsIjoiaHR0cHM6XC9cL3d3dy5ibGluZGVuemVudHJ1bS5iei5pdFwvd3AtY29udGVudFwvdXBsb2Fkc1wvMjAyNVwvMTFcLzE1OWQ5NzBfaW1nWk10d0txLmpwZyJ9\">\n\t\t\t\t\t\t\t<img decoding=\"async\" width=\"800\" height=\"531\" src=\"https:\/\/www.blindenzentrum.bz.it\/wp-content\/uploads\/2025\/11\/159d970_imgZMtwKq.jpg\" class=\"attachment-large size-large wp-image-1228\" alt=\"Eine l\u00e4chelnde Frau und ein \u00e4lterer Mann arbeiten zusammen an einem Holzprojekt, beide halten Werkzeuge in der Hand.\" srcset=\"https:\/\/www.blindenzentrum.bz.it\/wp-content\/uploads\/2025\/11\/159d970_imgZMtwKq.jpg 970w, https:\/\/www.blindenzentrum.bz.it\/wp-content\/uploads\/2025\/11\/159d970_imgZMtwKq-300x199.jpg 300w, https:\/\/www.blindenzentrum.bz.it\/wp-content\/uploads\/2025\/11\/159d970_imgZMtwKq-768x510.jpg 768w, https:\/\/www.blindenzentrum.bz.it\/wp-content\/uploads\/2025\/11\/159d970_imgZMtwKq-18x12.jpg 18w\" sizes=\"(max-width: 800px) 100vw, 800px\" \/>\t\t\t\t\t\t\t\t<\/a>\n\t\t\t\t\t\t\t\t\t\t\t\t\t\t\t<\/div>\n\t\t\t\t<\/div>\n\t\t<div class=\"elementor-element elementor-element-20d0b90 e-con-full e-flex e-con e-child\" data-id=\"20d0b90\" data-element_type=\"container\" data-e-type=\"container\">\n\t\t\t\t<div class=\"elementor-element elementor-element-99b0855 square-img elementor-widget elementor-widget-image\" data-id=\"99b0855\" data-element_type=\"widget\" data-e-type=\"widget\" data-settings=\"{&quot;ekit_we_effect_on&quot;:&quot;none&quot;}\" data-widget_type=\"image.default\">\n\t\t\t\t\t\t\t\t\t\t\t\t\t\t\t\t<a href=\"https:\/\/www.blindenzentrum.bz.it\/wp-content\/uploads\/2025\/11\/159d970_imgfDWksb.jpg\" data-elementor-open-lightbox=\"yes\" data-elementor-lightbox-title=\"Ein l\u00e4chelndes Kleinkind mit einem L\u00e4tzchen betrachtet freudig ein buntes Buch mit einem gro\u00dfen Smiley-Gesicht.\" data-e-action-hash=\"#elementor-action%3Aaction%3Dlightbox%26settings%3DeyJpZCI6MTIyNywidXJsIjoiaHR0cHM6XC9cL3d3dy5ibGluZGVuemVudHJ1bS5iei5pdFwvd3AtY29udGVudFwvdXBsb2Fkc1wvMjAyNVwvMTFcLzE1OWQ5NzBfaW1nZkRXa3NiLmpwZyJ9\">\n\t\t\t\t\t\t\t<img fetchpriority=\"high\" decoding=\"async\" width=\"800\" height=\"533\" src=\"https:\/\/www.blindenzentrum.bz.it\/wp-content\/uploads\/2025\/11\/159d970_imgfDWksb.jpg\" class=\"attachment-large size-large wp-image-1227\" alt=\"Ein l\u00e4chelndes Kleinkind mit einem L\u00e4tzchen betrachtet freudig ein buntes Buch mit einem gro\u00dfen Smiley-Gesicht.\" srcset=\"https:\/\/www.blindenzentrum.bz.it\/wp-content\/uploads\/2025\/11\/159d970_imgfDWksb.jpg 970w, https:\/\/www.blindenzentrum.bz.it\/wp-content\/uploads\/2025\/11\/159d970_imgfDWksb-300x200.jpg 300w, https:\/\/www.blindenzentrum.bz.it\/wp-content\/uploads\/2025\/11\/159d970_imgfDWksb-768x511.jpg 768w, https:\/\/www.blindenzentrum.bz.it\/wp-content\/uploads\/2025\/11\/159d970_imgfDWksb-18x12.jpg 18w\" sizes=\"(max-width: 800px) 100vw, 800px\" \/>\t\t\t\t\t\t\t\t<\/a>\n\t\t\t\t\t\t\t\t\t\t\t\t\t\t\t<\/div>\n\t\t\t\t<\/div>\n\t\t<div class=\"elementor-element elementor-element-180cec2 e-con-full e-flex e-con e-child\" data-id=\"180cec2\" data-element_type=\"container\" data-e-type=\"container\">\n\t\t\t\t<div class=\"elementor-element elementor-element-18546f2 square-img elementor-widget elementor-widget-image\" data-id=\"18546f2\" data-element_type=\"widget\" data-e-type=\"widget\" data-settings=\"{&quot;ekit_we_effect_on&quot;:&quot;none&quot;}\" data-widget_type=\"image.default\">\n\t\t\t\t\t\t\t\t\t\t\t\t\t\t\t\t<a href=\"https:\/\/www.blindenzentrum.bz.it\/wp-content\/uploads\/2025\/11\/159d970_imgSbrqYL.jpg\" data-elementor-open-lightbox=\"yes\" data-elementor-lightbox-title=\"Eine Frau unterst\u00fctzt einen Mann beim T\u00f6pfern, beide konzentrieren sich auf das Detail der Tonarbeit.\" data-e-action-hash=\"#elementor-action%3Aaction%3Dlightbox%26settings%3DeyJpZCI6MTIyNiwidXJsIjoiaHR0cHM6XC9cL3d3dy5ibGluZGVuemVudHJ1bS5iei5pdFwvd3AtY29udGVudFwvdXBsb2Fkc1wvMjAyNVwvMTFcLzE1OWQ5NzBfaW1nU2JycVlMLmpwZyJ9\">\n\t\t\t\t\t\t\t<img loading=\"lazy\" decoding=\"async\" width=\"800\" height=\"531\" src=\"https:\/\/www.blindenzentrum.bz.it\/wp-content\/uploads\/2025\/11\/159d970_imgSbrqYL.jpg\" class=\"attachment-large size-large wp-image-1226\" alt=\"Eine Frau unterst\u00fctzt einen Mann beim T\u00f6pfern, beide konzentrieren sich auf das Detail der Tonarbeit.\" srcset=\"https:\/\/www.blindenzentrum.bz.it\/wp-content\/uploads\/2025\/11\/159d970_imgSbrqYL.jpg 970w, https:\/\/www.blindenzentrum.bz.it\/wp-content\/uploads\/2025\/11\/159d970_imgSbrqYL-300x199.jpg 300w, https:\/\/www.blindenzentrum.bz.it\/wp-content\/uploads\/2025\/11\/159d970_imgSbrqYL-768x510.jpg 768w, https:\/\/www.blindenzentrum.bz.it\/wp-content\/uploads\/2025\/11\/159d970_imgSbrqYL-18x12.jpg 18w\" sizes=\"(max-width: 800px) 100vw, 800px\" \/>\t\t\t\t\t\t\t\t<\/a>\n\t\t\t\t\t\t\t\t\t\t\t\t\t\t\t<\/div>\n\t\t\t\t<\/div>\n\t\t\t\t\t<\/div>\n\t\t\t\t<\/div>\n\t\t\t\t<\/div>\n\t\t","protected":false},"excerpt":{"rendered":"<p>Inhaltsangabe Spenden Steuererkl\u00e4rung \u00dcBER UNS Spenden Durch Ihre Spende an das Blindenzentrum St. Raphael tragen Sie ma\u00dfgeblich zur Finanzierung unserer gemeinn\u00fctzigen Projekte f\u00fcr blinde und sehbehinderte Menschen bei. Diese Projekte zielen unter anderem darauf ab, den Betroffenen ein selbst\u00e4ndiges Leben zu erm\u00f6glichen und eine berufliche Perspektive zu bieten.Diese Initiativen erg\u00e4nzen bzw. runden somit unsere laufende [&hellip;]<\/p>\n","protected":false},"author":1,"featured_media":0,"parent":576,"menu_order":0,"comment_status":"closed","ping_status":"closed","template":"","meta":{"footnotes":""},"class_list":["post-589","page","type-page","status-publish","hentry"],"_links":{"self":[{"href":"https:\/\/www.blindenzentrum.bz.it\/it\/wp-json\/wp\/v2\/pages\/589","targetHints":{"allow":["GET"]}}],"collection":[{"href":"https:\/\/www.blindenzentrum.bz.it\/it\/wp-json\/wp\/v2\/pages"}],"about":[{"href":"https:\/\/www.blindenzentrum.bz.it\/it\/wp-json\/wp\/v2\/types\/page"}],"author":[{"embeddable":true,"href":"https:\/\/www.blindenzentrum.bz.it\/it\/wp-json\/wp\/v2\/users\/1"}],"replies":[{"embeddable":true,"href":"https:\/\/www.blindenzentrum.bz.it\/it\/wp-json\/wp\/v2\/comments?post=589"}],"version-history":[{"count":10,"href":"https:\/\/www.blindenzentrum.bz.it\/it\/wp-json\/wp\/v2\/pages\/589\/revisions"}],"predecessor-version":[{"id":3566,"href":"https:\/\/www.blindenzentrum.bz.it\/it\/wp-json\/wp\/v2\/pages\/589\/revisions\/3566"}],"up":[{"embeddable":true,"href":"https:\/\/www.blindenzentrum.bz.it\/it\/wp-json\/wp\/v2\/pages\/576"}],"wp:attachment":[{"href":"https:\/\/www.blindenzentrum.bz.it\/it\/wp-json\/wp\/v2\/media?parent=589"}],"curies":[{"name":"wp","href":"https:\/\/api.w.org\/{rel}","templated":true}]}}