{"id":756,"date":"2025-10-27T11:39:46","date_gmt":"2025-10-27T10:39:46","guid":{"rendered":"https:\/\/www.blindenzentrum.bz.it\/?page_id=756"},"modified":"2026-03-31T12:58:41","modified_gmt":"2026-03-31T10:58:41","slug":"corsi-formazione","status":"publish","type":"page","link":"https:\/\/www.blindenzentrum.bz.it\/it\/attualita-corsi-vacanze\/corsi-formazione\/","title":{"rendered":"Corsi e formazione"},"content":{"rendered":"\t\t<div data-elementor-type=\"wp-page\" data-elementor-id=\"756\" class=\"elementor elementor-756\" data-elementor-post-type=\"page\">\n\t\t\t\t<div class=\"elementor-element elementor-element-3ad5ebdc inhaltsangabe e-flex e-con-boxed e-con e-parent\" data-id=\"3ad5ebdc\" data-element_type=\"container\" data-e-type=\"container\" data-settings=\"{&quot;background_background&quot;:&quot;classic&quot;}\">\n\t\t\t\t\t<div class=\"e-con-inner\">\n\t\t\t\t<div class=\"elementor-element elementor-element-6bbe1a30 elementor-widget elementor-widget-heading\" data-id=\"6bbe1a30\" data-element_type=\"widget\" data-e-type=\"widget\" id=\"content-main\" data-settings=\"{&quot;ekit_we_effect_on&quot;:&quot;none&quot;}\" tabindex=\"-1\" data-widget_type=\"heading.default\">\n\t\t\t\t\t<h3 class=\"elementor-heading-title elementor-size-default\">Inhaltsangabe<\/h3>\t\t\t\t<\/div>\n\t\t\t\t<div class=\"elementor-element elementor-element-6b4d43d e-n-menu-none e-full_width e-n-menu-layout-horizontal elementor-widget elementor-widget-n-menu\" data-id=\"6b4d43d\" data-element_type=\"widget\" data-e-type=\"widget\" data-settings=\"{&quot;menu_items&quot;:[{&quot;item_title&quot;:&quot;Kurse und Weiterbildung&quot;,&quot;_id&quot;:&quot;251db83&quot;,&quot;item_link&quot;:{&quot;url&quot;:&quot;#kurse&quot;,&quot;is_external&quot;:&quot;&quot;,&quot;nofollow&quot;:&quot;&quot;,&quot;custom_attributes&quot;:&quot;&quot;},&quot;item_dropdown_content&quot;:&quot;no&quot;,&quot;item_icon&quot;:{&quot;value&quot;:&quot;&quot;,&quot;library&quot;:&quot;&quot;},&quot;item_icon_active&quot;:null,&quot;element_id&quot;:&quot;&quot;}],&quot;item_position_horizontal&quot;:&quot;center&quot;,&quot;item_position_horizontal_mobile&quot;:&quot;center&quot;,&quot;breakpoint_selector&quot;:&quot;none&quot;,&quot;content_width&quot;:&quot;full_width&quot;,&quot;item_layout&quot;:&quot;horizontal&quot;,&quot;open_on&quot;:&quot;hover&quot;,&quot;horizontal_scroll&quot;:&quot;disable&quot;,&quot;menu_item_title_distance_from_content&quot;:{&quot;unit&quot;:&quot;px&quot;,&quot;size&quot;:0,&quot;sizes&quot;:[]},&quot;menu_item_title_distance_from_content_tablet&quot;:{&quot;unit&quot;:&quot;px&quot;,&quot;size&quot;:&quot;&quot;,&quot;sizes&quot;:[]},&quot;menu_item_title_distance_from_content_mobile&quot;:{&quot;unit&quot;:&quot;px&quot;,&quot;size&quot;:&quot;&quot;,&quot;sizes&quot;:[]},&quot;ekit_we_effect_on&quot;:&quot;none&quot;}\" data-widget_type=\"mega-menu.default\">\n\t\t\t\t\t\t\t<nav class=\"e-n-menu\" data-widget-number=\"112\" aria-label=\"Menu\">\n\t\t\t\t\t<button class=\"e-n-menu-toggle\" id=\"menu-toggle-112\" aria-haspopup=\"true\" aria-expanded=\"false\" aria-controls=\"menubar-112\" aria-label=\"Menu Toggle\">\n\t\t\t<span class=\"e-n-menu-toggle-icon e-open\">\n\t\t\t\t<svg class=\"e-font-icon-svg e-eicon-menu-bar\" viewBox=\"0 0 1000 1000\" xmlns=\"http:\/\/www.w3.org\/2000\/svg\"><path d=\"M104 333H896C929 333 958 304 958 271S929 208 896 208H104C71 208 42 237 42 271S71 333 104 333ZM104 583H896C929 583 958 554 958 521S929 458 896 458H104C71 458 42 487 42 521S71 583 104 583ZM104 833H896C929 833 958 804 958 771S929 708 896 708H104C71 708 42 737 42 771S71 833 104 833Z\"><\/path><\/svg>\t\t\t<\/span>\n\t\t\t<span class=\"e-n-menu-toggle-icon e-close\">\n\t\t\t\t<svg class=\"e-font-icon-svg e-eicon-close\" viewBox=\"0 0 1000 1000\" xmlns=\"http:\/\/www.w3.org\/2000\/svg\"><path d=\"M742 167L500 408 258 167C246 154 233 150 217 150 196 150 179 158 167 167 154 179 150 196 150 212 150 229 154 242 171 254L408 500 167 742C138 771 138 800 167 829 196 858 225 858 254 829L496 587 738 829C750 842 767 846 783 846 800 846 817 842 829 829 842 817 846 804 846 783 846 767 842 750 829 737L588 500 833 258C863 229 863 200 833 171 804 137 775 137 742 167Z\"><\/path><\/svg>\t\t\t<\/span>\n\t\t<\/button>\n\t\t\t\t\t<div class=\"e-n-menu-wrapper\" id=\"menubar-112\" aria-labelledby=\"menu-toggle-112\">\n\t\t\t\t<ul class=\"e-n-menu-heading\">\n\t\t\t\t\t\t\t\t<li class=\"e-n-menu-item\">\n\t\t\t\t<div id=\"e-n-menu-title-1121\" class=\"e-n-menu-title e-anchor\">\n\t\t\t\t\t<a class=\"e-n-menu-title-container e-focus e-link\" href=\"#kurse\" aria-current=\"page\">\t\t\t\t\t\t\t\t\t\t\t\t<span class=\"e-n-menu-title-text\">\n\t\t\t\t\t\t\tKurse und Weiterbildung\t\t\t\t\t\t<\/span>\n\t\t\t\t\t<\/a>\t\t\t\t\t\t\t\t\t<\/div>\n\t\t\t\t\t\t\t<\/li>\n\t\t\t\t\t\t<\/ul>\n\t\t\t<\/div>\n\t\t<\/nav>\n\t\t\t\t\t\t<\/div>\n\t\t\t\t\t<\/div>\n\t\t\t\t<\/div>\n\t\t<div class=\"elementor-element elementor-element-74b1b180 e-flex e-con-boxed e-con e-parent\" data-id=\"74b1b180\" data-element_type=\"container\" data-e-type=\"container\">\n\t\t\t\t\t<div class=\"e-con-inner\">\n\t\t\t\t<div class=\"elementor-element elementor-element-1e0805e8 elementor-widget elementor-widget-image\" data-id=\"1e0805e8\" data-element_type=\"widget\" data-e-type=\"widget\" data-settings=\"{&quot;ekit_we_effect_on&quot;:&quot;none&quot;}\" data-widget_type=\"image.default\">\n\t\t\t\t\t\t\t\t\t\t\t\t\t\t\t<img fetchpriority=\"high\" decoding=\"async\" width=\"485\" height=\"323\" src=\"https:\/\/www.blindenzentrum.bz.it\/wp-content\/uploads\/2025\/12\/173d485_imgD47hC2.jpg\" class=\"attachment-large size-large wp-image-1685\" alt=\"Fortbildung in lebenspraktischen Fertigkeiten\" srcset=\"https:\/\/www.blindenzentrum.bz.it\/wp-content\/uploads\/2025\/12\/173d485_imgD47hC2.jpg 485w, https:\/\/www.blindenzentrum.bz.it\/wp-content\/uploads\/2025\/12\/173d485_imgD47hC2-300x200.jpg 300w, https:\/\/www.blindenzentrum.bz.it\/wp-content\/uploads\/2025\/12\/173d485_imgD47hC2-391x260.jpg 391w, https:\/\/www.blindenzentrum.bz.it\/wp-content\/uploads\/2025\/12\/173d485_imgD47hC2-18x12.jpg 18w\" sizes=\"(max-width: 485px) 100vw, 485px\" \/>\t\t\t\t\t\t\t\t\t\t\t\t\t\t\t<\/div>\n\t\t\t\t\t<\/div>\n\t\t\t\t<\/div>\n\t\t<div class=\"elementor-element elementor-element-98a2d0d e-flex e-con-boxed e-con e-parent\" data-id=\"98a2d0d\" data-element_type=\"container\" data-e-type=\"container\" id=\"kurse\">\n\t\t\t\t\t<div class=\"e-con-inner\">\n\t\t<div class=\"elementor-element elementor-element-9948bf3 e-con-full e-flex e-con e-child\" data-id=\"9948bf3\" data-element_type=\"container\" data-e-type=\"container\">\n\t\t\t\t<div class=\"elementor-element elementor-element-fca365f elementor-widget elementor-widget-heading\" data-id=\"fca365f\" data-element_type=\"widget\" data-e-type=\"widget\" data-settings=\"{&quot;ekit_we_effect_on&quot;:&quot;none&quot;}\" data-widget_type=\"heading.default\">\n\t\t\t\t\t<h3 class=\"elementor-heading-title elementor-size-default\"><a href=\"https:\/\/www.blindenzentrum.bz.it\/aktuelles-kurse-urlaub-im-haus\/\">AKTUELLES, KURSE &amp; URLAUB IM HAUS<\/a><\/h3>\t\t\t\t<\/div>\n\t\t\t\t<div class=\"elementor-element elementor-element-2388cea elementor-widget elementor-widget-heading\" data-id=\"2388cea\" data-element_type=\"widget\" data-e-type=\"widget\" data-settings=\"{&quot;ekit_we_effect_on&quot;:&quot;none&quot;}\" data-widget_type=\"heading.default\">\n\t\t\t\t\t<h4 class=\"elementor-heading-title elementor-size-default\">f\u00fcr blinde und sehbehinderte Menschen:<\/h4>\t\t\t\t<\/div>\n\t\t\t\t<\/div>\n\t\t\t\t<div class=\"elementor-element elementor-element-744ca1f elementor-widget elementor-widget-text-editor\" data-id=\"744ca1f\" data-element_type=\"widget\" data-e-type=\"widget\" data-settings=\"{&quot;ekit_we_effect_on&quot;:&quot;none&quot;}\" data-widget_type=\"text-editor.default\">\n\t\t\t\t\t\t\t\t\t<ul class=\"ld\"><li class=\"li\">Berufsausbildung zum Telefonisten<\/li><li class=\"li\">Umschulung von sp\u00e4terblindeten Menschen<\/li><li class=\"li\">Fortbildungen f\u00fcr Fachkr\u00e4fte in den Bereichen Low Vision, Orientierung und Mobilit\u00e4t und Lebenspraktischen Fertigkeiten<\/li><li class=\"li\">Laufende Aus- und Fortbildung der Mitarbeiter je nach Fachbereich<\/li><li class=\"li\">Computerschulungen mit Sprachprogrammen und Braillezeile<\/li><li class=\"li\">iPhone-Schulungen<\/li><li class=\"li\">Verschiedene Kursangebote je nach Bedarf und Nachfrage: z.B. Vorbereitung auf die Zweisprachigkeitspr\u00fcfung, Sprachkurse, Massagekurse, Koch- und T\u00f6pferkurse usw.<\/li><li class=\"li\">Pers\u00f6nlichkeitsbildende Angebote<\/li><li class=\"li\">Weiterbildungsangebote je nach Interessensgruppe<\/li><li class=\"li\">Kurse zur Erlernung der Blindenschrift<\/li><\/ul>\t\t\t\t\t\t\t\t<\/div>\n\t\t\t\t\t<\/div>\n\t\t\t\t<\/div>\n\t\t<div class=\"elementor-element elementor-element-185687b5 e-flex e-con-boxed e-con e-parent\" data-id=\"185687b5\" data-element_type=\"container\" data-e-type=\"container\">\n\t\t\t\t\t<div class=\"e-con-inner\">\n\t\t<div class=\"elementor-element elementor-element-5f64dfc e-grid e-con-full e-con e-child\" data-id=\"5f64dfc\" data-element_type=\"container\" data-e-type=\"container\">\n\t\t<div class=\"elementor-element elementor-element-7b45cbcc e-con-full e-flex e-con e-child\" data-id=\"7b45cbcc\" data-element_type=\"container\" data-e-type=\"container\">\n\t\t\t\t<div class=\"elementor-element elementor-element-713cb664 square-img-mobile elementor-widget elementor-widget-image\" data-id=\"713cb664\" data-element_type=\"widget\" data-e-type=\"widget\" data-settings=\"{&quot;ekit_we_effect_on&quot;:&quot;none&quot;}\" data-widget_type=\"image.default\">\n\t\t\t\t\t\t\t\t\t\t\t\t\t\t\t\t<a href=\"https:\/\/www.blindenzentrum.bz.it\/wp-content\/uploads\/2025\/12\/173d485_imgofrsSj.jpg\" data-elementor-open-lightbox=\"yes\" data-elementor-lightbox-title=\"Umgang mit dem Pronto!-Organizer\" data-e-action-hash=\"#elementor-action%3Aaction%3Dlightbox%26settings%3DeyJpZCI6MTY4NiwidXJsIjoiaHR0cHM6XC9cL3d3dy5ibGluZGVuemVudHJ1bS5iei5pdFwvd3AtY29udGVudFwvdXBsb2Fkc1wvMjAyNVwvMTJcLzE3M2Q0ODVfaW1nb2Zyc1NqLmpwZyJ9\">\n\t\t\t\t\t\t\t<img decoding=\"async\" width=\"485\" height=\"323\" src=\"https:\/\/www.blindenzentrum.bz.it\/wp-content\/uploads\/2025\/12\/173d485_imgofrsSj.jpg\" class=\"attachment-large size-large wp-image-1686\" alt=\"Umgang mit dem Pronto!-Organizer\" srcset=\"https:\/\/www.blindenzentrum.bz.it\/wp-content\/uploads\/2025\/12\/173d485_imgofrsSj.jpg 485w, https:\/\/www.blindenzentrum.bz.it\/wp-content\/uploads\/2025\/12\/173d485_imgofrsSj-300x200.jpg 300w, https:\/\/www.blindenzentrum.bz.it\/wp-content\/uploads\/2025\/12\/173d485_imgofrsSj-391x260.jpg 391w, https:\/\/www.blindenzentrum.bz.it\/wp-content\/uploads\/2025\/12\/173d485_imgofrsSj-18x12.jpg 18w\" sizes=\"(max-width: 485px) 100vw, 485px\" \/>\t\t\t\t\t\t\t\t<\/a>\n\t\t\t\t\t\t\t\t\t\t\t\t\t\t\t<\/div>\n\t\t\t\t<div class=\"elementor-element elementor-element-4a38936a elementor-widget elementor-widget-heading\" data-id=\"4a38936a\" data-element_type=\"widget\" data-e-type=\"widget\" data-settings=\"{&quot;ekit_we_effect_on&quot;:&quot;none&quot;}\" data-widget_type=\"heading.default\">\n\t\t\t\t\t<p class=\"elementor-heading-title elementor-size-default\">Umgang mit dem Pronto!-Organizer\n<\/p>\t\t\t\t<\/div>\n\t\t\t\t<\/div>\n\t\t<div class=\"elementor-element elementor-element-6bd1918c e-con-full e-flex e-con e-child\" data-id=\"6bd1918c\" data-element_type=\"container\" data-e-type=\"container\">\n\t\t\t\t<div class=\"elementor-element elementor-element-53cac9bd square-img-mobile elementor-widget elementor-widget-image\" data-id=\"53cac9bd\" data-element_type=\"widget\" data-e-type=\"widget\" data-settings=\"{&quot;ekit_we_effect_on&quot;:&quot;none&quot;}\" data-widget_type=\"image.default\">\n\t\t\t\t\t\t\t\t\t\t\t\t\t\t\t\t<a href=\"https:\/\/www.blindenzentrum.bz.it\/wp-content\/uploads\/2025\/12\/173d485_imgD47hC2.jpg\" data-elementor-open-lightbox=\"yes\" data-elementor-lightbox-title=\"Fortbildung in lebenspraktischen Fertigkeiten\" data-e-action-hash=\"#elementor-action%3Aaction%3Dlightbox%26settings%3DeyJpZCI6MTY4NSwidXJsIjoiaHR0cHM6XC9cL3d3dy5ibGluZGVuemVudHJ1bS5iei5pdFwvd3AtY29udGVudFwvdXBsb2Fkc1wvMjAyNVwvMTJcLzE3M2Q0ODVfaW1nRDQ3aEMyLmpwZyJ9\">\n\t\t\t\t\t\t\t<img fetchpriority=\"high\" decoding=\"async\" width=\"485\" height=\"323\" src=\"https:\/\/www.blindenzentrum.bz.it\/wp-content\/uploads\/2025\/12\/173d485_imgD47hC2.jpg\" class=\"attachment-large size-large wp-image-1685\" alt=\"Fortbildung in lebenspraktischen Fertigkeiten\" srcset=\"https:\/\/www.blindenzentrum.bz.it\/wp-content\/uploads\/2025\/12\/173d485_imgD47hC2.jpg 485w, https:\/\/www.blindenzentrum.bz.it\/wp-content\/uploads\/2025\/12\/173d485_imgD47hC2-300x200.jpg 300w, https:\/\/www.blindenzentrum.bz.it\/wp-content\/uploads\/2025\/12\/173d485_imgD47hC2-391x260.jpg 391w, https:\/\/www.blindenzentrum.bz.it\/wp-content\/uploads\/2025\/12\/173d485_imgD47hC2-18x12.jpg 18w\" sizes=\"(max-width: 485px) 100vw, 485px\" \/>\t\t\t\t\t\t\t\t<\/a>\n\t\t\t\t\t\t\t\t\t\t\t\t\t\t\t<\/div>\n\t\t\t\t<div class=\"elementor-element elementor-element-32766f77 elementor-widget elementor-widget-heading\" data-id=\"32766f77\" data-element_type=\"widget\" data-e-type=\"widget\" data-settings=\"{&quot;ekit_we_effect_on&quot;:&quot;none&quot;}\" data-widget_type=\"heading.default\">\n\t\t\t\t\t<p class=\"elementor-heading-title elementor-size-default\">Fortbildung in lebenspraktischen Fertigkeiten\n<\/p>\t\t\t\t<\/div>\n\t\t\t\t<\/div>\n\t\t\t\t<\/div>\n\t\t\t\t\t<\/div>\n\t\t\t\t<\/div>\n\t\t\t\t<\/div>\n\t\t","protected":false},"excerpt":{"rendered":"<p>Inhaltsangabe Kurse und Weiterbildung AKTUELLES, KURSE &amp; URLAUB IM HAUS f\u00fcr blinde und sehbehinderte Menschen: Berufsausbildung zum Telefonisten Umschulung von sp\u00e4terblindeten Menschen Fortbildungen f\u00fcr Fachkr\u00e4fte in den Bereichen Low Vision, Orientierung und Mobilit\u00e4t und Lebenspraktischen Fertigkeiten Laufende Aus- und Fortbildung der Mitarbeiter je nach Fachbereich Computerschulungen mit Sprachprogrammen und Braillezeile iPhone-Schulungen Verschiedene Kursangebote je nach [&hellip;]<\/p>\n","protected":false},"author":1,"featured_media":0,"parent":748,"menu_order":0,"comment_status":"closed","ping_status":"closed","template":"","meta":{"footnotes":""},"class_list":["post-756","page","type-page","status-publish","hentry"],"_links":{"self":[{"href":"https:\/\/www.blindenzentrum.bz.it\/it\/wp-json\/wp\/v2\/pages\/756","targetHints":{"allow":["GET"]}}],"collection":[{"href":"https:\/\/www.blindenzentrum.bz.it\/it\/wp-json\/wp\/v2\/pages"}],"about":[{"href":"https:\/\/www.blindenzentrum.bz.it\/it\/wp-json\/wp\/v2\/types\/page"}],"author":[{"embeddable":true,"href":"https:\/\/www.blindenzentrum.bz.it\/it\/wp-json\/wp\/v2\/users\/1"}],"replies":[{"embeddable":true,"href":"https:\/\/www.blindenzentrum.bz.it\/it\/wp-json\/wp\/v2\/comments?post=756"}],"version-history":[{"count":13,"href":"https:\/\/www.blindenzentrum.bz.it\/it\/wp-json\/wp\/v2\/pages\/756\/revisions"}],"predecessor-version":[{"id":4478,"href":"https:\/\/www.blindenzentrum.bz.it\/it\/wp-json\/wp\/v2\/pages\/756\/revisions\/4478"}],"up":[{"embeddable":true,"href":"https:\/\/www.blindenzentrum.bz.it\/it\/wp-json\/wp\/v2\/pages\/748"}],"wp:attachment":[{"href":"https:\/\/www.blindenzentrum.bz.it\/it\/wp-json\/wp\/v2\/media?parent=756"}],"curies":[{"name":"wp","href":"https:\/\/api.w.org\/{rel}","templated":true}]}}