{"id":776,"date":"2025-10-27T11:44:05","date_gmt":"2025-10-27T10:44:05","guid":{"rendered":"https:\/\/www.blindenzentrum.bz.it\/?page_id=776"},"modified":"2026-02-16T16:42:28","modified_gmt":"2026-02-16T15:42:28","slug":"consulenza-psicologica","status":"publish","type":"page","link":"https:\/\/www.blindenzentrum.bz.it\/it\/assistenza-supporto\/consulenza-psicologica\/","title":{"rendered":"Consulenza psicologica"},"content":{"rendered":"\t\t<div data-elementor-type=\"wp-page\" data-elementor-id=\"776\" class=\"elementor elementor-776\" data-elementor-post-type=\"page\">\n\t\t\t\t<div class=\"elementor-element elementor-element-ecc10cb inhaltsangabe e-flex e-con-boxed e-con e-parent\" data-id=\"ecc10cb\" data-element_type=\"container\" data-e-type=\"container\" data-settings=\"{&quot;background_background&quot;:&quot;classic&quot;}\">\n\t\t\t\t\t<div class=\"e-con-inner\">\n\t\t\t\t<div class=\"elementor-element elementor-element-50f5953b elementor-widget elementor-widget-heading\" data-id=\"50f5953b\" data-element_type=\"widget\" data-e-type=\"widget\" id=\"content-main\" data-settings=\"{&quot;ekit_we_effect_on&quot;:&quot;none&quot;}\" tabindex=\"-1\" data-widget_type=\"heading.default\">\n\t\t\t\t\t<h3 class=\"elementor-heading-title elementor-size-default\">Inhaltsangabe<\/h3>\t\t\t\t<\/div>\n\t\t\t\t<div class=\"elementor-element elementor-element-6c523c8c e-n-menu-none e-full_width e-n-menu-layout-horizontal elementor-widget elementor-widget-n-menu\" data-id=\"6c523c8c\" data-element_type=\"widget\" data-e-type=\"widget\" data-settings=\"{&quot;menu_items&quot;:[{&quot;item_title&quot;:&quot;&quot;,&quot;_id&quot;:&quot;251db83&quot;,&quot;item_link&quot;:{&quot;url&quot;:&quot;#h1&quot;,&quot;is_external&quot;:&quot;&quot;,&quot;nofollow&quot;:&quot;&quot;,&quot;custom_attributes&quot;:&quot;&quot;},&quot;__dynamic__&quot;:{&quot;item_title&quot;:&quot;[elementor-tag id=\\&quot;2b9858e\\&quot; name=\\&quot;page-title\\&quot; settings=\\&quot;%7B%7D\\&quot;]&quot;},&quot;item_dropdown_content&quot;:&quot;no&quot;,&quot;item_icon&quot;:{&quot;value&quot;:&quot;&quot;,&quot;library&quot;:&quot;&quot;},&quot;item_icon_active&quot;:null,&quot;element_id&quot;:&quot;&quot;},{&quot;item_title&quot;:&quot;Ablauf&quot;,&quot;_id&quot;:&quot;ce80ec6&quot;,&quot;item_link&quot;:{&quot;url&quot;:&quot;#ablauf&quot;,&quot;is_external&quot;:&quot;&quot;,&quot;nofollow&quot;:&quot;&quot;,&quot;custom_attributes&quot;:&quot;&quot;},&quot;item_dropdown_content&quot;:&quot;no&quot;,&quot;item_icon&quot;:{&quot;value&quot;:&quot;&quot;,&quot;library&quot;:&quot;&quot;},&quot;item_icon_active&quot;:null,&quot;element_id&quot;:&quot;&quot;},{&quot;item_title&quot;:&quot;Methoden&quot;,&quot;_id&quot;:&quot;dc7b8a6&quot;,&quot;item_link&quot;:{&quot;url&quot;:&quot;#methoden&quot;,&quot;is_external&quot;:&quot;&quot;,&quot;nofollow&quot;:&quot;&quot;,&quot;custom_attributes&quot;:&quot;&quot;},&quot;item_dropdown_content&quot;:&quot;no&quot;,&quot;item_icon&quot;:{&quot;value&quot;:&quot;&quot;,&quot;library&quot;:&quot;&quot;},&quot;item_icon_active&quot;:null,&quot;element_id&quot;:&quot;&quot;},{&quot;item_title&quot;:&quot;Kooperation mit hausinternen Diensten&quot;,&quot;item_link&quot;:{&quot;url&quot;:&quot;#kooperation &quot;,&quot;is_external&quot;:&quot;&quot;,&quot;nofollow&quot;:&quot;&quot;,&quot;custom_attributes&quot;:&quot;&quot;},&quot;_id&quot;:&quot;f077b7d&quot;,&quot;item_dropdown_content&quot;:&quot;no&quot;,&quot;item_icon&quot;:{&quot;value&quot;:&quot;&quot;,&quot;library&quot;:&quot;&quot;},&quot;item_icon_active&quot;:null,&quot;element_id&quot;:&quot;&quot;},{&quot;item_title&quot;:&quot;Wer kann Dienst in Anspruch nehmen?&quot;,&quot;item_link&quot;:{&quot;url&quot;:&quot;#wer&quot;,&quot;is_external&quot;:&quot;&quot;,&quot;nofollow&quot;:&quot;&quot;,&quot;custom_attributes&quot;:&quot;&quot;},&quot;_id&quot;:&quot;fcc3e4f&quot;,&quot;item_dropdown_content&quot;:&quot;no&quot;,&quot;item_icon&quot;:{&quot;value&quot;:&quot;&quot;,&quot;library&quot;:&quot;&quot;},&quot;item_icon_active&quot;:null,&quot;element_id&quot;:&quot;&quot;}],&quot;item_position_horizontal&quot;:&quot;center&quot;,&quot;item_position_horizontal_mobile&quot;:&quot;center&quot;,&quot;breakpoint_selector&quot;:&quot;none&quot;,&quot;content_width&quot;:&quot;full_width&quot;,&quot;item_layout&quot;:&quot;horizontal&quot;,&quot;open_on&quot;:&quot;hover&quot;,&quot;horizontal_scroll&quot;:&quot;disable&quot;,&quot;menu_item_title_distance_from_content&quot;:{&quot;unit&quot;:&quot;px&quot;,&quot;size&quot;:0,&quot;sizes&quot;:[]},&quot;menu_item_title_distance_from_content_tablet&quot;:{&quot;unit&quot;:&quot;px&quot;,&quot;size&quot;:&quot;&quot;,&quot;sizes&quot;:[]},&quot;menu_item_title_distance_from_content_mobile&quot;:{&quot;unit&quot;:&quot;px&quot;,&quot;size&quot;:&quot;&quot;,&quot;sizes&quot;:[]},&quot;ekit_we_effect_on&quot;:&quot;none&quot;}\" data-widget_type=\"mega-menu.default\">\n\t\t\t\t\t\t\t<nav class=\"e-n-menu\" data-widget-number=\"181\" aria-label=\"Menu\">\n\t\t\t\t\t<button class=\"e-n-menu-toggle\" id=\"menu-toggle-181\" aria-haspopup=\"true\" aria-expanded=\"false\" aria-controls=\"menubar-181\" aria-label=\"Menu Toggle\">\n\t\t\t<span class=\"e-n-menu-toggle-icon e-open\">\n\t\t\t\t<svg class=\"e-font-icon-svg e-eicon-menu-bar\" viewBox=\"0 0 1000 1000\" xmlns=\"http:\/\/www.w3.org\/2000\/svg\"><path d=\"M104 333H896C929 333 958 304 958 271S929 208 896 208H104C71 208 42 237 42 271S71 333 104 333ZM104 583H896C929 583 958 554 958 521S929 458 896 458H104C71 458 42 487 42 521S71 583 104 583ZM104 833H896C929 833 958 804 958 771S929 708 896 708H104C71 708 42 737 42 771S71 833 104 833Z\"><\/path><\/svg>\t\t\t<\/span>\n\t\t\t<span class=\"e-n-menu-toggle-icon e-close\">\n\t\t\t\t<svg class=\"e-font-icon-svg e-eicon-close\" viewBox=\"0 0 1000 1000\" xmlns=\"http:\/\/www.w3.org\/2000\/svg\"><path d=\"M742 167L500 408 258 167C246 154 233 150 217 150 196 150 179 158 167 167 154 179 150 196 150 212 150 229 154 242 171 254L408 500 167 742C138 771 138 800 167 829 196 858 225 858 254 829L496 587 738 829C750 842 767 846 783 846 800 846 817 842 829 829 842 817 846 804 846 783 846 767 842 750 829 737L588 500 833 258C863 229 863 200 833 171 804 137 775 137 742 167Z\"><\/path><\/svg>\t\t\t<\/span>\n\t\t<\/button>\n\t\t\t\t\t<div class=\"e-n-menu-wrapper\" id=\"menubar-181\" aria-labelledby=\"menu-toggle-181\">\n\t\t\t\t<ul class=\"e-n-menu-heading\">\n\t\t\t\t\t\t\t\t<li class=\"e-n-menu-item\">\n\t\t\t\t<div id=\"e-n-menu-title-1811\" class=\"e-n-menu-title e-anchor\">\n\t\t\t\t\t<a class=\"e-n-menu-title-container e-focus e-link\" href=\"#h1\" aria-current=\"page\">\t\t\t\t\t\t\t\t\t\t\t\t<span class=\"e-n-menu-title-text\">\n\t\t\t\t\t\t\t\t\t\t\t\t\t<\/span>\n\t\t\t\t\t<\/a>\t\t\t\t\t\t\t\t\t<\/div>\n\t\t\t\t\t\t\t<\/li>\n\t\t\t\t\t<li class=\"e-n-menu-item\">\n\t\t\t\t<div id=\"e-n-menu-title-1812\" class=\"e-n-menu-title e-anchor\">\n\t\t\t\t\t<a class=\"e-n-menu-title-container e-focus e-link\" href=\"#ablauf\" aria-current=\"page\">\t\t\t\t\t\t\t\t\t\t\t\t<span class=\"e-n-menu-title-text\">\n\t\t\t\t\t\t\tAblauf\t\t\t\t\t\t<\/span>\n\t\t\t\t\t<\/a>\t\t\t\t\t\t\t\t\t<\/div>\n\t\t\t\t\t\t\t<\/li>\n\t\t\t\t\t<li class=\"e-n-menu-item\">\n\t\t\t\t<div id=\"e-n-menu-title-1813\" class=\"e-n-menu-title e-anchor\">\n\t\t\t\t\t<a class=\"e-n-menu-title-container e-focus e-link\" href=\"#methoden\" aria-current=\"page\">\t\t\t\t\t\t\t\t\t\t\t\t<span class=\"e-n-menu-title-text\">\n\t\t\t\t\t\t\tMethoden\t\t\t\t\t\t<\/span>\n\t\t\t\t\t<\/a>\t\t\t\t\t\t\t\t\t<\/div>\n\t\t\t\t\t\t\t<\/li>\n\t\t\t\t\t<li class=\"e-n-menu-item\">\n\t\t\t\t<div id=\"e-n-menu-title-1814\" class=\"e-n-menu-title e-anchor\">\n\t\t\t\t\t<a class=\"e-n-menu-title-container e-focus e-link\" href=\"#kooperation%20\" aria-current=\"page\">\t\t\t\t\t\t\t\t\t\t\t\t<span class=\"e-n-menu-title-text\">\n\t\t\t\t\t\t\tKooperation mit hausinternen Diensten\t\t\t\t\t\t<\/span>\n\t\t\t\t\t<\/a>\t\t\t\t\t\t\t\t\t<\/div>\n\t\t\t\t\t\t\t<\/li>\n\t\t\t\t\t<li class=\"e-n-menu-item\">\n\t\t\t\t<div id=\"e-n-menu-title-1815\" class=\"e-n-menu-title e-anchor\">\n\t\t\t\t\t<a class=\"e-n-menu-title-container e-focus e-link\" href=\"#wer\" aria-current=\"page\">\t\t\t\t\t\t\t\t\t\t\t\t<span class=\"e-n-menu-title-text\">\n\t\t\t\t\t\t\tWer kann Dienst in Anspruch nehmen?\t\t\t\t\t\t<\/span>\n\t\t\t\t\t<\/a>\t\t\t\t\t\t\t\t\t<\/div>\n\t\t\t\t\t\t\t<\/li>\n\t\t\t\t\t\t<\/ul>\n\t\t\t<\/div>\n\t\t<\/nav>\n\t\t\t\t\t\t<\/div>\n\t\t\t\t\t<\/div>\n\t\t\t\t<\/div>\n\t\t<div class=\"elementor-element elementor-element-5a8f9a42 e-flex e-con-boxed e-con e-parent\" data-id=\"5a8f9a42\" data-element_type=\"container\" data-e-type=\"container\" id=\"verwaltung\">\n\t\t\t\t\t<div class=\"e-con-inner\">\n\t\t<div class=\"elementor-element elementor-element-201f40aa e-con-full e-flex e-con e-child\" data-id=\"201f40aa\" data-element_type=\"container\" data-e-type=\"container\">\n\t\t\t\t<div class=\"elementor-element elementor-element-3560c5d5 elementor-widget elementor-widget-heading\" data-id=\"3560c5d5\" data-element_type=\"widget\" data-e-type=\"widget\" data-settings=\"{&quot;ekit_we_effect_on&quot;:&quot;none&quot;}\" data-widget_type=\"heading.default\">\n\t\t\t\t\t<h3 class=\"elementor-heading-title elementor-size-default\"><a href=\"https:\/\/www.blindenzentrum.bz.it\/unterstuetzung-und-hilfe\/\">Unterst\u00fctzung &amp; Hilfe<\/a><\/h3>\t\t\t\t<\/div>\n\t\t\t\t<div class=\"elementor-element elementor-element-b19c178 elementor-widget elementor-widget-text-editor\" data-id=\"b19c178\" data-element_type=\"widget\" data-e-type=\"widget\" data-settings=\"{&quot;ekit_we_effect_on&quot;:&quot;none&quot;}\" data-widget_type=\"text-editor.default\">\n\t\t\t\t\t\t\t\t\t<p>Probleme im Alltag, in Beziehungen oder am Arbeitsplatz kennen wohl alle Menschen. Sehbehinderte oder blinde Menschen und ihre Angeh\u00f6rigen sind zus\u00e4tzlich mit Belastungen, Hindernissen, Entscheidungen und Herausforderungen konfrontiert, die direkt mit der Sehsch\u00e4digung zusammenh\u00e4ngen. Die Diagnose einer Sehsch\u00e4digung, eine Sehverschlechterung oder Erblindung l\u00f6st zudem eine Flut von Gef\u00fchlen, \u00c4ngsten und Sorgen aus.<\/p><p>In den psychologischen Beratungsgespr\u00e4chen finden sie einen gesch\u00fctzten Raum, wo Ihre Fragen und Gef\u00fchle Platz finden. Sie werden dabei begleitet, ihre ganz pers\u00f6nliche Situation zu gestalten, und ein m\u00f6glichst realistisches Selbstbild zu entwickeln.<\/p>\t\t\t\t\t\t\t\t<\/div>\n\t\t\t\t<div class=\"elementor-element elementor-element-8964e76 elementor-widget elementor-widget-heading\" data-id=\"8964e76\" data-element_type=\"widget\" data-e-type=\"widget\" data-settings=\"{&quot;ekit_we_effect_on&quot;:&quot;none&quot;}\" data-widget_type=\"heading.default\">\n\t\t\t\t\t<h4 class=\"elementor-heading-title elementor-size-default\">Wenden Sie sich an die Psychologin, wenn Sie:<\/h4>\t\t\t\t<\/div>\n\t\t\t\t<div class=\"elementor-element elementor-element-ace9a4b elementor-widget elementor-widget-text-editor\" data-id=\"ace9a4b\" data-element_type=\"widget\" data-e-type=\"widget\" data-settings=\"{&quot;ekit_we_effect_on&quot;:&quot;none&quot;}\" data-widget_type=\"text-editor.default\">\n\t\t\t\t\t\t\t\t\t<ul><li>selbst eine psychologische Beratung w\u00fcnschen;<\/li><\/ul><ul class=\"ld\"><li class=\"li\">\u00c4ngste, Sorgen oder Unsicherheiten haben;<\/li><li class=\"li\">sich f\u00fcr Therapien oder Reha-Ma\u00dfnahmen entscheiden sollen;<\/li><li class=\"li\">vor der Berufswahl stehen oder auf Arbeitssuche sind;<\/li><li class=\"li\">im Alltag, in Schule oder Beruf Probleme in ihrem sozialen Umfeld haben;<\/li><li class=\"li\">Schwierigkeiten haben, mit anderen \u00fcber ihre Seheinschr\u00e4nkung zu sprechen;<\/li><li class=\"li\">sich aus ihrem sozialen Umfeld zur\u00fcckziehen und sich damit nicht wohl f\u00fchlen;<\/li><li class=\"li\">st\u00e4ndig unter starker Anspannung stehen;<\/li><li class=\"li\">sich auf Grund der Seheinschr\u00e4nkung minderwertig f\u00fchlen;<\/li><li class=\"li\">Fragen oder Unsicherheiten im Umgang mit dem anderen Geschlecht haben;<\/li><li class=\"li\">Fragen oder Unsicherheiten in der Erziehung ihres blinden oder sehbehinderten Kindes oder Jugendlichen haben, wie z.B. im Umgang mit eigenen Gef\u00fchlen bezogen auf die Sehbehinderung oder die Zukunft Ihrer Kinder;<\/li><li class=\"li\">Fragen oder Unsicherheiten haben in der Begleitung oder Unterst\u00fctzung von blinden oder sehbehinderten Angeh\u00f6rigen;<\/li><\/ul>\t\t\t\t\t\t\t\t<\/div>\n\t\t\t\t<\/div>\n\t\t\t\t\t<\/div>\n\t\t\t\t<\/div>\n\t\t<div class=\"elementor-element elementor-element-7f7c5e33 e-flex e-con-boxed e-con e-parent\" data-id=\"7f7c5e33\" data-element_type=\"container\" data-e-type=\"container\">\n\t\t\t\t\t<div class=\"e-con-inner\">\n\t\t\t\t<div class=\"elementor-element elementor-element-433f0636 elementor-widget elementor-widget-heading\" data-id=\"433f0636\" data-element_type=\"widget\" data-e-type=\"widget\" id=\"ablauf\" data-settings=\"{&quot;ekit_we_effect_on&quot;:&quot;none&quot;}\" tabindex=\"-1\" data-widget_type=\"heading.default\">\n\t\t\t\t\t<h2 class=\"elementor-heading-title elementor-size-default\">Ablauf\n<\/h2>\t\t\t\t<\/div>\n\t\t\t\t<div class=\"elementor-element elementor-element-7569acf4 elementor-widget elementor-widget-text-editor\" data-id=\"7569acf4\" data-element_type=\"widget\" data-e-type=\"widget\" data-settings=\"{&quot;ekit_we_effect_on&quot;:&quot;none&quot;}\" data-widget_type=\"text-editor.default\">\n\t\t\t\t\t\t\t\t\t<p>Die psychologische Beratung erfolgt in pers\u00f6nlichen Gespr\u00e4chen im Blindenzentrum St. Raphael in Bozen oder in telefonischen Gespr\u00e4chen nach Terminvereinbarung. Die Dauer der Begleitung, die Inhalte, das Stundenausma\u00df und der Zeitabstand zwischen den Sitzungen richten sich nach den jeweiligen Bed\u00fcrfnissen.<\/p>\t\t\t\t\t\t\t\t<\/div>\n\t\t\t\t\t<\/div>\n\t\t\t\t<\/div>\n\t\t<div class=\"elementor-element elementor-element-79232f4 e-flex e-con-boxed e-con e-parent\" data-id=\"79232f4\" data-element_type=\"container\" data-e-type=\"container\">\n\t\t\t\t\t<div class=\"e-con-inner\">\n\t\t\t\t<div class=\"elementor-element elementor-element-89ec3f6 elementor-widget elementor-widget-heading\" data-id=\"89ec3f6\" data-element_type=\"widget\" data-e-type=\"widget\" id=\"methoden\" data-settings=\"{&quot;ekit_we_effect_on&quot;:&quot;none&quot;}\" tabindex=\"-1\" data-widget_type=\"heading.default\">\n\t\t\t\t\t<h2 class=\"elementor-heading-title elementor-size-default\">Methoden\n<\/h2>\t\t\t\t<\/div>\n\t\t\t\t<div class=\"elementor-element elementor-element-5750339 elementor-widget elementor-widget-text-editor\" data-id=\"5750339\" data-element_type=\"widget\" data-e-type=\"widget\" data-settings=\"{&quot;ekit_we_effect_on&quot;:&quot;none&quot;}\" data-widget_type=\"text-editor.default\">\n\t\t\t\t\t\t\t\t\t<ul class=\"ld\"><li class=\"li\">Das Beratungsgespr\u00e4ch ist das wichtigste Instrument. Es findet in einem durch Verschwiegenheit nach au\u00dfen gesch\u00fctzten Rahmen statt.<\/li><li class=\"li\">Entwicklung von Bew\u00e4ltigungsstrategien basierend auf kognitiv verhaltenstherapeutischen Techniken.<\/li><li class=\"li\">Entspannungstechniken: Sie helfen, mit Stress, Anspannung und \u00c4ngsten besser umgehen zu k\u00f6nnen.<\/li><li class=\"li\">Kreative Techniken wie Musik, Schreiben, Rollenspiele.<\/li><\/ul>\t\t\t\t\t\t\t\t<\/div>\n\t\t\t\t\t<\/div>\n\t\t\t\t<\/div>\n\t\t<div class=\"elementor-element elementor-element-b3a0413 e-flex e-con-boxed e-con e-parent\" data-id=\"b3a0413\" data-element_type=\"container\" data-e-type=\"container\">\n\t\t\t\t\t<div class=\"e-con-inner\">\n\t\t\t\t<div class=\"elementor-element elementor-element-e48c185 elementor-widget elementor-widget-heading\" data-id=\"e48c185\" data-element_type=\"widget\" data-e-type=\"widget\" id=\"kooperation\" data-settings=\"{&quot;ekit_we_effect_on&quot;:&quot;none&quot;}\" tabindex=\"-1\" data-widget_type=\"heading.default\">\n\t\t\t\t\t<h2 class=\"elementor-heading-title elementor-size-default\">Kooperation mit hausinternen Diensten\n<\/h2>\t\t\t\t<\/div>\n\t\t\t\t<div class=\"elementor-element elementor-element-63ae5a6 elementor-widget elementor-widget-text-editor\" data-id=\"63ae5a6\" data-element_type=\"widget\" data-e-type=\"widget\" data-settings=\"{&quot;ekit_we_effect_on&quot;:&quot;none&quot;}\" data-widget_type=\"text-editor.default\">\n\t\t\t\t\t\t\t\t\t<p>Der Psychologische Beratungsdienst arbeitet mit allen internen und landesweiten Diensten des Blindenzentrums St. Raphael zusammen.<\/p>\t\t\t\t\t\t\t\t<\/div>\n\t\t\t\t\t<\/div>\n\t\t\t\t<\/div>\n\t\t<div class=\"elementor-element elementor-element-a2fa1a7 e-flex e-con-boxed e-con e-parent\" data-id=\"a2fa1a7\" data-element_type=\"container\" data-e-type=\"container\">\n\t\t\t\t\t<div class=\"e-con-inner\">\n\t\t\t\t<div class=\"elementor-element elementor-element-89a83bf elementor-widget elementor-widget-heading\" data-id=\"89a83bf\" data-element_type=\"widget\" data-e-type=\"widget\" id=\"wer\" data-settings=\"{&quot;ekit_we_effect_on&quot;:&quot;none&quot;}\" tabindex=\"-1\" data-widget_type=\"heading.default\">\n\t\t\t\t\t<h2 class=\"elementor-heading-title elementor-size-default\">Wer kann den Psychologischen Beratungsdienst in Anspruch nehmen?<\/h2>\t\t\t\t<\/div>\n\t\t\t\t<div class=\"elementor-element elementor-element-b563f53 elementor-widget elementor-widget-text-editor\" data-id=\"b563f53\" data-element_type=\"widget\" data-e-type=\"widget\" data-settings=\"{&quot;ekit_we_effect_on&quot;:&quot;none&quot;}\" data-widget_type=\"text-editor.default\">\n\t\t\t\t\t\t\t\t\t<p>Zielgruppe sind blinde und sehbehinderte Menschen jeder Altersstufe und ihre Angeh\u00f6rigen<br \/>Der Dienst richtet sich an Ans\u00e4ssige in der Provinz Bozen.<\/p>\t\t\t\t\t\t\t\t<\/div>\n\t\t\t\t\t<\/div>\n\t\t\t\t<\/div>\n\t\t<div class=\"elementor-element elementor-element-44282f9e e-flex e-con-boxed e-con e-child\" data-id=\"44282f9e\" data-element_type=\"container\" data-e-type=\"container\">\n\t\t\t\t\t<div class=\"e-con-inner\">\n\t\t\t\t<div class=\"elementor-element elementor-element-56522a1f elementor-widget elementor-widget-text-editor\" data-id=\"56522a1f\" data-element_type=\"widget\" data-e-type=\"widget\" data-settings=\"{&quot;ekit_we_effect_on&quot;:&quot;none&quot;}\" data-widget_type=\"text-editor.default\">\n\t\t\t\t\t\t\t\t\t<div class=\"row row-fluid\"><div class=\"pleft pull-center para span12 col-xs-12 col-sm-12 indent-b\"><div class=\"pcontent\"><div class=\"row-fluid\"><strong>F\u00fcr eine Terminvereinbarung oder n\u00e4here Informationen wenden Sie sich an die Psychologin Dr. Veronika Joas:<\/strong><\/div>Tel. 0471 44 23 36<br \/><a href=\"mailto:veronika.joas@blindenzentrum.bz.it\">veronika.joas@blindenzentrum.bz.it<\/a><\/div><\/div><\/div>\t\t\t\t\t\t\t\t<\/div>\n\t\t\t\t<div class=\"elementor-element elementor-element-152f8896 elementor-align-left elementor-widget elementor-widget-button\" data-id=\"152f8896\" data-element_type=\"widget\" data-e-type=\"widget\" data-settings=\"{&quot;ekit_we_effect_on&quot;:&quot;none&quot;}\" data-widget_type=\"button.default\">\n\t\t\t\t\t\t\t\t\t\t<a class=\"elementor-button elementor-button-link elementor-size-sm elementor-animation-grow\" href=\"mailto:veronika.joas@blindenzentrum.bz.it\" target=\"_blank\">\n\t\t\t\t\t\t<span class=\"elementor-button-content-wrapper\">\n\t\t\t\t\t\t<span class=\"elementor-button-icon\">\n\t\t\t\t<svg aria-hidden=\"true\" class=\"e-font-icon-svg e-far-envelope\" viewBox=\"0 0 512 512\" xmlns=\"http:\/\/www.w3.org\/2000\/svg\"><path d=\"M464 64H48C21.49 64 0 85.49 0 112v288c0 26.51 21.49 48 48 48h416c26.51 0 48-21.49 48-48V112c0-26.51-21.49-48-48-48zm0 48v40.805c-22.422 18.259-58.168 46.651-134.587 106.49-16.841 13.247-50.201 45.072-73.413 44.701-23.208.375-56.579-31.459-73.413-44.701C106.18 199.465 70.425 171.067 48 152.805V112h416zM48 400V214.398c22.914 18.251 55.409 43.862 104.938 82.646 21.857 17.205 60.134 55.186 103.062 54.955 42.717.231 80.509-37.199 103.053-54.947 49.528-38.783 82.032-64.401 104.947-82.653V400H48z\"><\/path><\/svg>\t\t\t<\/span>\n\t\t\t\t\t\t\t\t\t<span class=\"elementor-button-text\">Email Schreiben<\/span>\n\t\t\t\t\t<\/span>\n\t\t\t\t\t<\/a>\n\t\t\t\t\t\t\t\t<\/div>\n\t\t\t\t\t<\/div>\n\t\t\t\t<\/div>\n\t\t\t\t<\/div>\n\t\t","protected":false},"excerpt":{"rendered":"<p>Inhaltsangabe Ablauf Methoden Kooperation mit hausinternen Diensten Wer kann Dienst in Anspruch nehmen? Unterst\u00fctzung &amp; Hilfe Probleme im Alltag, in Beziehungen oder am Arbeitsplatz kennen wohl alle Menschen. Sehbehinderte oder blinde Menschen und ihre Angeh\u00f6rigen sind zus\u00e4tzlich mit Belastungen, Hindernissen, Entscheidungen und Herausforderungen konfrontiert, die direkt mit der Sehsch\u00e4digung zusammenh\u00e4ngen. Die Diagnose einer Sehsch\u00e4digung, eine [&hellip;]<\/p>\n","protected":false},"author":1,"featured_media":0,"parent":762,"menu_order":0,"comment_status":"closed","ping_status":"closed","template":"","meta":{"footnotes":""},"class_list":["post-776","page","type-page","status-publish","hentry"],"_links":{"self":[{"href":"https:\/\/www.blindenzentrum.bz.it\/it\/wp-json\/wp\/v2\/pages\/776","targetHints":{"allow":["GET"]}}],"collection":[{"href":"https:\/\/www.blindenzentrum.bz.it\/it\/wp-json\/wp\/v2\/pages"}],"about":[{"href":"https:\/\/www.blindenzentrum.bz.it\/it\/wp-json\/wp\/v2\/types\/page"}],"author":[{"embeddable":true,"href":"https:\/\/www.blindenzentrum.bz.it\/it\/wp-json\/wp\/v2\/users\/1"}],"replies":[{"embeddable":true,"href":"https:\/\/www.blindenzentrum.bz.it\/it\/wp-json\/wp\/v2\/comments?post=776"}],"version-history":[{"count":10,"href":"https:\/\/www.blindenzentrum.bz.it\/it\/wp-json\/wp\/v2\/pages\/776\/revisions"}],"predecessor-version":[{"id":3239,"href":"https:\/\/www.blindenzentrum.bz.it\/it\/wp-json\/wp\/v2\/pages\/776\/revisions\/3239"}],"up":[{"embeddable":true,"href":"https:\/\/www.blindenzentrum.bz.it\/it\/wp-json\/wp\/v2\/pages\/762"}],"wp:attachment":[{"href":"https:\/\/www.blindenzentrum.bz.it\/it\/wp-json\/wp\/v2\/media?parent=776"}],"curies":[{"name":"wp","href":"https:\/\/api.w.org\/{rel}","templated":true}]}}