{"id":788,"date":"2025-10-27T11:49:15","date_gmt":"2025-10-27T10:49:15","guid":{"rendered":"https:\/\/www.blindenzentrum.bz.it\/?page_id=788"},"modified":"2026-03-01T16:38:05","modified_gmt":"2026-03-01T15:38:05","slug":"pensionato","status":"publish","type":"page","link":"https:\/\/www.blindenzentrum.bz.it\/it\/residenza\/pensionato\/","title":{"rendered":"Pensionato"},"content":{"rendered":"\t\t<div data-elementor-type=\"wp-page\" data-elementor-id=\"788\" class=\"elementor elementor-788\" data-elementor-post-type=\"page\">\n\t\t\t\t<div class=\"elementor-element elementor-element-38d3ff40 inhaltsangabe e-flex e-con-boxed e-con e-parent\" data-id=\"38d3ff40\" data-element_type=\"container\" data-e-type=\"container\" data-settings=\"{&quot;background_background&quot;:&quot;classic&quot;}\">\n\t\t\t\t\t<div class=\"e-con-inner\">\n\t\t\t\t<div class=\"elementor-element elementor-element-7731437c elementor-widget elementor-widget-heading\" data-id=\"7731437c\" data-element_type=\"widget\" data-e-type=\"widget\" id=\"content-main\" data-settings=\"{&quot;ekit_we_effect_on&quot;:&quot;none&quot;}\" tabindex=\"-1\" data-widget_type=\"heading.default\">\n\t\t\t\t\t<h3 class=\"elementor-heading-title elementor-size-default\">Inhaltsangabe<\/h3>\t\t\t\t<\/div>\n\t\t\t\t<div class=\"elementor-element elementor-element-28248545 e-n-menu-none e-full_width e-n-menu-layout-horizontal elementor-widget elementor-widget-n-menu\" data-id=\"28248545\" data-element_type=\"widget\" data-e-type=\"widget\" data-settings=\"{&quot;menu_items&quot;:[{&quot;item_title&quot;:&quot;&quot;,&quot;_id&quot;:&quot;251db83&quot;,&quot;item_link&quot;:{&quot;url&quot;:&quot;#h1&quot;,&quot;is_external&quot;:&quot;&quot;,&quot;nofollow&quot;:&quot;&quot;,&quot;custom_attributes&quot;:&quot;&quot;},&quot;__dynamic__&quot;:{&quot;item_title&quot;:&quot;[elementor-tag id=\\&quot;2b9858e\\&quot; name=\\&quot;page-title\\&quot; settings=\\&quot;%7B%7D\\&quot;]&quot;},&quot;item_dropdown_content&quot;:&quot;no&quot;,&quot;item_icon&quot;:{&quot;value&quot;:&quot;&quot;,&quot;library&quot;:&quot;&quot;},&quot;item_icon_active&quot;:null,&quot;element_id&quot;:&quot;&quot;}],&quot;item_position_horizontal&quot;:&quot;center&quot;,&quot;item_position_horizontal_mobile&quot;:&quot;center&quot;,&quot;breakpoint_selector&quot;:&quot;none&quot;,&quot;content_width&quot;:&quot;full_width&quot;,&quot;item_layout&quot;:&quot;horizontal&quot;,&quot;open_on&quot;:&quot;hover&quot;,&quot;horizontal_scroll&quot;:&quot;disable&quot;,&quot;menu_item_title_distance_from_content&quot;:{&quot;unit&quot;:&quot;px&quot;,&quot;size&quot;:0,&quot;sizes&quot;:[]},&quot;menu_item_title_distance_from_content_tablet&quot;:{&quot;unit&quot;:&quot;px&quot;,&quot;size&quot;:&quot;&quot;,&quot;sizes&quot;:[]},&quot;menu_item_title_distance_from_content_mobile&quot;:{&quot;unit&quot;:&quot;px&quot;,&quot;size&quot;:&quot;&quot;,&quot;sizes&quot;:[]},&quot;ekit_we_effect_on&quot;:&quot;none&quot;}\" data-widget_type=\"mega-menu.default\">\n\t\t\t\t\t\t\t<nav class=\"e-n-menu\" data-widget-number=\"673\" aria-label=\"Menu\">\n\t\t\t\t\t<button class=\"e-n-menu-toggle\" id=\"menu-toggle-673\" aria-haspopup=\"true\" aria-expanded=\"false\" aria-controls=\"menubar-673\" aria-label=\"Menu Toggle\">\n\t\t\t<span class=\"e-n-menu-toggle-icon e-open\">\n\t\t\t\t<svg class=\"e-font-icon-svg e-eicon-menu-bar\" viewBox=\"0 0 1000 1000\" xmlns=\"http:\/\/www.w3.org\/2000\/svg\"><path d=\"M104 333H896C929 333 958 304 958 271S929 208 896 208H104C71 208 42 237 42 271S71 333 104 333ZM104 583H896C929 583 958 554 958 521S929 458 896 458H104C71 458 42 487 42 521S71 583 104 583ZM104 833H896C929 833 958 804 958 771S929 708 896 708H104C71 708 42 737 42 771S71 833 104 833Z\"><\/path><\/svg>\t\t\t<\/span>\n\t\t\t<span class=\"e-n-menu-toggle-icon e-close\">\n\t\t\t\t<svg class=\"e-font-icon-svg e-eicon-close\" viewBox=\"0 0 1000 1000\" xmlns=\"http:\/\/www.w3.org\/2000\/svg\"><path d=\"M742 167L500 408 258 167C246 154 233 150 217 150 196 150 179 158 167 167 154 179 150 196 150 212 150 229 154 242 171 254L408 500 167 742C138 771 138 800 167 829 196 858 225 858 254 829L496 587 738 829C750 842 767 846 783 846 800 846 817 842 829 829 842 817 846 804 846 783 846 767 842 750 829 737L588 500 833 258C863 229 863 200 833 171 804 137 775 137 742 167Z\"><\/path><\/svg>\t\t\t<\/span>\n\t\t<\/button>\n\t\t\t\t\t<div class=\"e-n-menu-wrapper\" id=\"menubar-673\" aria-labelledby=\"menu-toggle-673\">\n\t\t\t\t<ul class=\"e-n-menu-heading\">\n\t\t\t\t\t\t\t\t<li class=\"e-n-menu-item\">\n\t\t\t\t<div id=\"e-n-menu-title-6731\" class=\"e-n-menu-title e-anchor\">\n\t\t\t\t\t<a class=\"e-n-menu-title-container e-focus e-link\" href=\"#h1\" aria-current=\"page\">\t\t\t\t\t\t\t\t\t\t\t\t<span class=\"e-n-menu-title-text\">\n\t\t\t\t\t\t\t\t\t\t\t\t\t<\/span>\n\t\t\t\t\t<\/a>\t\t\t\t\t\t\t\t\t<\/div>\n\t\t\t\t\t\t\t<\/li>\n\t\t\t\t\t\t<\/ul>\n\t\t\t<\/div>\n\t\t<\/nav>\n\t\t\t\t\t\t<\/div>\n\t\t\t\t\t<\/div>\n\t\t\t\t<\/div>\n\t\t<div class=\"elementor-element elementor-element-30d86ff7 e-flex e-con-boxed e-con e-parent\" data-id=\"30d86ff7\" data-element_type=\"container\" data-e-type=\"container\">\n\t\t\t\t\t<div class=\"e-con-inner\">\n\t\t\t\t<div class=\"elementor-element elementor-element-4bf15f6 elementor-widget elementor-widget-image\" data-id=\"4bf15f6\" data-element_type=\"widget\" data-e-type=\"widget\" data-settings=\"{&quot;ekit_we_effect_on&quot;:&quot;none&quot;}\" data-widget_type=\"image.default\">\n\t\t\t\t\t\t\t\t\t\t\t\t\t\t\t<img fetchpriority=\"high\" decoding=\"async\" width=\"800\" height=\"531\" src=\"https:\/\/www.blindenzentrum.bz.it\/wp-content\/uploads\/2026\/01\/161d_imgLevNub-1024x680.jpg\" class=\"attachment-large size-large wp-image-2300\" alt=\"Eine Gruppe \u00e4lterer Menschen sitzt in einem Kreis und macht gemeinsame Gymnastik\u00fcbungen mit erhobenen Armen in einem hellen Raum.\" srcset=\"https:\/\/www.blindenzentrum.bz.it\/wp-content\/uploads\/2026\/01\/161d_imgLevNub-1024x680.jpg 1024w, https:\/\/www.blindenzentrum.bz.it\/wp-content\/uploads\/2026\/01\/161d_imgLevNub-300x199.jpg 300w, https:\/\/www.blindenzentrum.bz.it\/wp-content\/uploads\/2026\/01\/161d_imgLevNub-768x510.jpg 768w, https:\/\/www.blindenzentrum.bz.it\/wp-content\/uploads\/2026\/01\/161d_imgLevNub-391x260.jpg 391w, https:\/\/www.blindenzentrum.bz.it\/wp-content\/uploads\/2026\/01\/161d_imgLevNub-18x12.jpg 18w, https:\/\/www.blindenzentrum.bz.it\/wp-content\/uploads\/2026\/01\/161d_imgLevNub.jpg 1280w\" sizes=\"(max-width: 800px) 100vw, 800px\" \/>\t\t\t\t\t\t\t\t\t\t\t\t\t\t\t<\/div>\n\t\t\t\t\t<\/div>\n\t\t\t\t<\/div>\n\t\t<div class=\"elementor-element elementor-element-7b32e3 e-flex e-con-boxed e-con e-parent\" data-id=\"7b32e3\" data-element_type=\"container\" data-e-type=\"container\">\n\t\t\t\t\t<div class=\"e-con-inner\">\n\t\t<div class=\"elementor-element elementor-element-348a42ba e-con-full e-flex e-con e-child\" data-id=\"348a42ba\" data-element_type=\"container\" data-e-type=\"container\">\n\t\t\t\t<div class=\"elementor-element elementor-element-49f86d35 elementor-widget elementor-widget-heading\" data-id=\"49f86d35\" data-element_type=\"widget\" data-e-type=\"widget\" data-settings=\"{&quot;ekit_we_effect_on&quot;:&quot;none&quot;}\" data-widget_type=\"heading.default\">\n\t\t\t\t\t<h3 class=\"elementor-heading-title elementor-size-default\"><a href=\"https:\/\/www.blindenzentrum.bz.it\/wohnhaus-pflegeheim\/\">Wohnhaus &amp; Pflegeheim<\/a><\/h3>\t\t\t\t<\/div>\n\t\t\t\t<div class=\"elementor-element elementor-element-e24cbcd elementor-widget elementor-widget-text-editor\" data-id=\"e24cbcd\" data-element_type=\"widget\" data-e-type=\"widget\" data-settings=\"{&quot;ekit_we_effect_on&quot;:&quot;none&quot;}\" data-widget_type=\"text-editor.default\">\n\t\t\t\t\t\t\t\t\t<p>Das Pensionat bietet\u00a0<strong>selbst\u00e4ndigen blinden und sehbehinderten Menschen<\/strong>\u00a0die M\u00f6glichkeit,\u00a0<strong>kontinuierlich oder zeitweise<\/strong>\u00a0im Blindenzentrum St. Raphael zu wohnen. Die Gr\u00fcnde hierf\u00fcr sind meist\u00a0<strong>beruflicher und\/oder rehabilitativer Natur<\/strong>. Auch\u00a0<strong>betroffene G\u00e4ste aus dem In- und Ausland<\/strong>\u00a0hei\u00dfen wir stets herzlich willkommen.<br \/><br \/>Besonderer Beliebtheit erfreuen sich hierbei nach wie vor die verschiedenen Themen- und\u00a0<a class=\"ref\" href=\"https:\/\/www.blindenzentrum.bz.it\/aktuelles-kurse-urlaub-im-haus\/urlaub-projektwochen\/\">Projektwochen<\/a>, wie z.B. die Seniorenwoche, die Bergwanderwoche, Sprachkurse, Keramikkurse usw.<\/p>\t\t\t\t\t\t\t\t<\/div>\n\t\t\t\t<div class=\"elementor-element elementor-element-533480b2 elementor-align-left elementor-widget elementor-widget-button\" data-id=\"533480b2\" data-element_type=\"widget\" data-e-type=\"widget\" data-settings=\"{&quot;ekit_we_effect_on&quot;:&quot;none&quot;}\" data-widget_type=\"button.default\">\n\t\t\t\t\t\t\t\t\t\t<a class=\"elementor-button elementor-button-link elementor-size-sm elementor-animation-grow\" href=\"https:\/\/www.blindenzentrum.bz.it\/aktuelles-kurse-urlaub-im-haus\/urlaub-projektwochen\/\">\n\t\t\t\t\t\t<span class=\"elementor-button-content-wrapper\">\n\t\t\t\t\t\t\t\t\t<span class=\"elementor-button-text\">Zu den Urlaubs &amp; Projektwochen<\/span>\n\t\t\t\t\t<\/span>\n\t\t\t\t\t<\/a>\n\t\t\t\t\t\t\t\t<\/div>\n\t\t\t\t<\/div>\n\t\t\t\t\t<\/div>\n\t\t\t\t<\/div>\n\t\t<div class=\"elementor-element elementor-element-678ac8e3 e-flex e-con-boxed e-con e-parent\" data-id=\"678ac8e3\" data-element_type=\"container\" data-e-type=\"container\">\n\t\t\t\t\t<div class=\"e-con-inner\">\n\t\t<div class=\"elementor-element elementor-element-4d458853 e-grid e-con-full e-con e-child\" data-id=\"4d458853\" data-element_type=\"container\" data-e-type=\"container\">\n\t\t<div class=\"elementor-element elementor-element-3b451c00 e-con-full e-flex e-con e-child\" data-id=\"3b451c00\" data-element_type=\"container\" data-e-type=\"container\">\n\t\t\t\t<div class=\"elementor-element elementor-element-25ac7a7d square-img-mobile elementor-widget elementor-widget-image\" data-id=\"25ac7a7d\" data-element_type=\"widget\" data-e-type=\"widget\" data-settings=\"{&quot;ekit_we_effect_on&quot;:&quot;none&quot;}\" data-widget_type=\"image.default\">\n\t\t\t\t\t\t\t\t\t\t\t\t\t\t\t\t<a href=\"https:\/\/www.blindenzentrum.bz.it\/wp-content\/uploads\/2026\/01\/161d_imgthwUZO.jpg\" data-elementor-open-lightbox=\"yes\" data-elementor-lightbox-title=\"Vier \u00e4ltere Frauen sitzen an einem Holztisch im Freien und spielen Karten.\" data-e-action-hash=\"#elementor-action%3Aaction%3Dlightbox%26settings%3DeyJpZCI6MjMwMSwidXJsIjoiaHR0cHM6XC9cL3d3dy5ibGluZGVuemVudHJ1bS5iei5pdFwvd3AtY29udGVudFwvdXBsb2Fkc1wvMjAyNlwvMDFcLzE2MWRfaW1ndGh3VVpPLmpwZyJ9\">\n\t\t\t\t\t\t\t<img decoding=\"async\" width=\"400\" height=\"266\" src=\"https:\/\/www.blindenzentrum.bz.it\/wp-content\/uploads\/2026\/01\/161d_imgthwUZO.jpg\" class=\"attachment-large size-large wp-image-2301\" alt=\"Vier \u00e4ltere Frauen sitzen an einem Holztisch im Freien und spielen Karten.\" srcset=\"https:\/\/www.blindenzentrum.bz.it\/wp-content\/uploads\/2026\/01\/161d_imgthwUZO.jpg 400w, https:\/\/www.blindenzentrum.bz.it\/wp-content\/uploads\/2026\/01\/161d_imgthwUZO-300x200.jpg 300w, https:\/\/www.blindenzentrum.bz.it\/wp-content\/uploads\/2026\/01\/161d_imgthwUZO-391x260.jpg 391w, https:\/\/www.blindenzentrum.bz.it\/wp-content\/uploads\/2026\/01\/161d_imgthwUZO-18x12.jpg 18w\" sizes=\"(max-width: 400px) 100vw, 400px\" \/>\t\t\t\t\t\t\t\t<\/a>\n\t\t\t\t\t\t\t\t\t\t\t\t\t\t\t<\/div>\n\t\t\t\t<div class=\"elementor-element elementor-element-53c51527 elementor-widget elementor-widget-heading\" data-id=\"53c51527\" data-element_type=\"widget\" data-e-type=\"widget\" data-settings=\"{&quot;ekit_we_effect_on&quot;:&quot;none&quot;}\" data-widget_type=\"heading.default\">\n\t\t\t\t\t<p class=\"elementor-heading-title elementor-size-default\">Geselligkeit beim Watten\n<\/p>\t\t\t\t<\/div>\n\t\t\t\t<\/div>\n\t\t<div class=\"elementor-element elementor-element-3bb03927 e-con-full e-flex e-con e-child\" data-id=\"3bb03927\" data-element_type=\"container\" data-e-type=\"container\">\n\t\t\t\t<div class=\"elementor-element elementor-element-5f61414e square-img-mobile elementor-widget elementor-widget-image\" data-id=\"5f61414e\" data-element_type=\"widget\" data-e-type=\"widget\" data-settings=\"{&quot;ekit_we_effect_on&quot;:&quot;none&quot;}\" data-widget_type=\"image.default\">\n\t\t\t\t\t\t\t\t\t\t\t\t\t\t\t\t<a href=\"https:\/\/www.blindenzentrum.bz.it\/wp-content\/uploads\/2026\/01\/161d_imgFGyViW.jpg\" data-elementor-open-lightbox=\"yes\" data-elementor-lightbox-title=\"Ein \u00e4lteres Paar geht mit Gehst\u00f6cken auf einem Kiesweg an bl\u00fchenden B\u00e4umen vorbei.\" data-e-action-hash=\"#elementor-action%3Aaction%3Dlightbox%26settings%3DeyJpZCI6MjMwMiwidXJsIjoiaHR0cHM6XC9cL3d3dy5ibGluZGVuemVudHJ1bS5iei5pdFwvd3AtY29udGVudFwvdXBsb2Fkc1wvMjAyNlwvMDFcLzE2MWRfaW1nRkd5VmlXLmpwZyJ9\">\n\t\t\t\t\t\t\t<img decoding=\"async\" width=\"800\" height=\"535\" src=\"https:\/\/www.blindenzentrum.bz.it\/wp-content\/uploads\/2026\/01\/161d_imgFGyViW-1024x685.jpg\" class=\"attachment-large size-large wp-image-2302\" alt=\"Ein \u00e4lteres Paar geht mit Gehst\u00f6cken auf einem Kiesweg an bl\u00fchenden B\u00e4umen vorbei.\" srcset=\"https:\/\/www.blindenzentrum.bz.it\/wp-content\/uploads\/2026\/01\/161d_imgFGyViW-1024x685.jpg 1024w, https:\/\/www.blindenzentrum.bz.it\/wp-content\/uploads\/2026\/01\/161d_imgFGyViW-300x201.jpg 300w, https:\/\/www.blindenzentrum.bz.it\/wp-content\/uploads\/2026\/01\/161d_imgFGyViW-768x514.jpg 768w, https:\/\/www.blindenzentrum.bz.it\/wp-content\/uploads\/2026\/01\/161d_imgFGyViW-391x260.jpg 391w, https:\/\/www.blindenzentrum.bz.it\/wp-content\/uploads\/2026\/01\/161d_imgFGyViW-18x12.jpg 18w, https:\/\/www.blindenzentrum.bz.it\/wp-content\/uploads\/2026\/01\/161d_imgFGyViW.jpg 1280w\" sizes=\"(max-width: 800px) 100vw, 800px\" \/>\t\t\t\t\t\t\t\t<\/a>\n\t\t\t\t\t\t\t\t\t\t\t\t\t\t\t<\/div>\n\t\t\t\t<div class=\"elementor-element elementor-element-3a3b95b9 elementor-widget elementor-widget-heading\" data-id=\"3a3b95b9\" data-element_type=\"widget\" data-e-type=\"widget\" data-settings=\"{&quot;ekit_we_effect_on&quot;:&quot;none&quot;}\" data-widget_type=\"heading.default\">\n\t\t\t\t\t<p class=\"elementor-heading-title elementor-size-default\">Spaziergang im Park\n<\/p>\t\t\t\t<\/div>\n\t\t\t\t<\/div>\n\t\t\t\t<\/div>\n\t\t\t\t\t<\/div>\n\t\t\t\t<\/div>\n\t\t\t\t<\/div>\n\t\t","protected":false},"excerpt":{"rendered":"<p>Inhaltsangabe Wohnhaus &amp; Pflegeheim Das Pensionat bietet\u00a0selbst\u00e4ndigen blinden und sehbehinderten Menschen\u00a0die M\u00f6glichkeit,\u00a0kontinuierlich oder zeitweise\u00a0im Blindenzentrum St. Raphael zu wohnen. Die Gr\u00fcnde hierf\u00fcr sind meist\u00a0beruflicher und\/oder rehabilitativer Natur. Auch\u00a0betroffene G\u00e4ste aus dem In- und Ausland\u00a0hei\u00dfen wir stets herzlich willkommen. Besonderer Beliebtheit erfreuen sich hierbei nach wie vor die verschiedenen Themen- und\u00a0Projektwochen, wie z.B. die Seniorenwoche, die [&hellip;]<\/p>\n","protected":false},"author":1,"featured_media":0,"parent":782,"menu_order":0,"comment_status":"closed","ping_status":"closed","template":"","meta":{"footnotes":""},"class_list":["post-788","page","type-page","status-publish","hentry"],"_links":{"self":[{"href":"https:\/\/www.blindenzentrum.bz.it\/it\/wp-json\/wp\/v2\/pages\/788","targetHints":{"allow":["GET"]}}],"collection":[{"href":"https:\/\/www.blindenzentrum.bz.it\/it\/wp-json\/wp\/v2\/pages"}],"about":[{"href":"https:\/\/www.blindenzentrum.bz.it\/it\/wp-json\/wp\/v2\/types\/page"}],"author":[{"embeddable":true,"href":"https:\/\/www.blindenzentrum.bz.it\/it\/wp-json\/wp\/v2\/users\/1"}],"replies":[{"embeddable":true,"href":"https:\/\/www.blindenzentrum.bz.it\/it\/wp-json\/wp\/v2\/comments?post=788"}],"version-history":[{"count":10,"href":"https:\/\/www.blindenzentrum.bz.it\/it\/wp-json\/wp\/v2\/pages\/788\/revisions"}],"predecessor-version":[{"id":3827,"href":"https:\/\/www.blindenzentrum.bz.it\/it\/wp-json\/wp\/v2\/pages\/788\/revisions\/3827"}],"up":[{"embeddable":true,"href":"https:\/\/www.blindenzentrum.bz.it\/it\/wp-json\/wp\/v2\/pages\/782"}],"wp:attachment":[{"href":"https:\/\/www.blindenzentrum.bz.it\/it\/wp-json\/wp\/v2\/media?parent=788"}],"curies":[{"name":"wp","href":"https:\/\/api.w.org\/{rel}","templated":true}]}}