{"id":795,"date":"2025-10-27T11:59:26","date_gmt":"2025-10-27T10:59:26","guid":{"rendered":"https:\/\/www.blindenzentrum.bz.it\/?page_id=795"},"modified":"2026-03-01T16:40:11","modified_gmt":"2026-03-01T15:40:11","slug":"incontri-di-gruppo","status":"publish","type":"page","link":"https:\/\/www.blindenzentrum.bz.it\/it\/incontri-esperienza-personale\/incontri-di-gruppo\/","title":{"rendered":"Incontri di gruppo"},"content":{"rendered":"\t\t<div data-elementor-type=\"wp-page\" data-elementor-id=\"795\" class=\"elementor elementor-795\" data-elementor-post-type=\"page\">\n\t\t\t\t<div class=\"elementor-element elementor-element-47afd47b inhaltsangabe e-flex e-con-boxed e-con e-parent\" data-id=\"47afd47b\" data-element_type=\"container\" data-e-type=\"container\" data-settings=\"{&quot;background_background&quot;:&quot;classic&quot;}\">\n\t\t\t\t\t<div class=\"e-con-inner\">\n\t\t\t\t<div class=\"elementor-element elementor-element-2067cd3e elementor-widget elementor-widget-heading\" data-id=\"2067cd3e\" data-element_type=\"widget\" data-e-type=\"widget\" id=\"content-main\" data-settings=\"{&quot;ekit_we_effect_on&quot;:&quot;none&quot;}\" tabindex=\"-1\" data-widget_type=\"heading.default\">\n\t\t\t\t\t<h3 class=\"elementor-heading-title elementor-size-default\">Inhaltsangabe<\/h3>\t\t\t\t<\/div>\n\t\t\t\t<div class=\"elementor-element elementor-element-76d65d42 e-n-menu-none e-full_width e-n-menu-layout-horizontal elementor-widget elementor-widget-n-menu\" data-id=\"76d65d42\" data-element_type=\"widget\" data-e-type=\"widget\" data-settings=\"{&quot;menu_items&quot;:[{&quot;item_title&quot;:&quot;&quot;,&quot;_id&quot;:&quot;251db83&quot;,&quot;item_link&quot;:{&quot;url&quot;:&quot;#h1&quot;,&quot;is_external&quot;:&quot;&quot;,&quot;nofollow&quot;:&quot;&quot;,&quot;custom_attributes&quot;:&quot;&quot;},&quot;__dynamic__&quot;:{&quot;item_title&quot;:&quot;[elementor-tag id=\\&quot;2b9858e\\&quot; name=\\&quot;page-title\\&quot; settings=\\&quot;%7B%7D\\&quot;]&quot;},&quot;item_dropdown_content&quot;:&quot;no&quot;,&quot;item_icon&quot;:{&quot;value&quot;:&quot;&quot;,&quot;library&quot;:&quot;&quot;},&quot;item_icon_active&quot;:null,&quot;element_id&quot;:&quot;&quot;},{&quot;item_title&quot;:&quot;Geschichte&quot;,&quot;_id&quot;:&quot;ce80ec6&quot;,&quot;item_link&quot;:{&quot;url&quot;:&quot;#geschichte&quot;,&quot;is_external&quot;:&quot;&quot;,&quot;nofollow&quot;:&quot;&quot;,&quot;custom_attributes&quot;:&quot;&quot;},&quot;item_dropdown_content&quot;:&quot;no&quot;,&quot;item_icon&quot;:{&quot;value&quot;:&quot;&quot;,&quot;library&quot;:&quot;&quot;},&quot;item_icon_active&quot;:null,&quot;element_id&quot;:&quot;&quot;},{&quot;item_title&quot;:&quot;Informationen&quot;,&quot;_id&quot;:&quot;dc7b8a6&quot;,&quot;item_link&quot;:{&quot;url&quot;:&quot;#infos&quot;,&quot;is_external&quot;:&quot;&quot;,&quot;nofollow&quot;:&quot;&quot;,&quot;custom_attributes&quot;:&quot;&quot;},&quot;item_dropdown_content&quot;:&quot;no&quot;,&quot;item_icon&quot;:{&quot;value&quot;:&quot;&quot;,&quot;library&quot;:&quot;&quot;},&quot;item_icon_active&quot;:null,&quot;element_id&quot;:&quot;&quot;},{&quot;item_title&quot;:&quot;Termine&quot;,&quot;item_link&quot;:{&quot;url&quot;:&quot;#termine&quot;,&quot;is_external&quot;:&quot;&quot;,&quot;nofollow&quot;:&quot;&quot;,&quot;custom_attributes&quot;:&quot;&quot;},&quot;_id&quot;:&quot;f077b7d&quot;,&quot;item_dropdown_content&quot;:&quot;no&quot;,&quot;item_icon&quot;:{&quot;value&quot;:&quot;&quot;,&quot;library&quot;:&quot;&quot;},&quot;item_icon_active&quot;:null,&quot;element_id&quot;:&quot;&quot;}],&quot;item_position_horizontal&quot;:&quot;center&quot;,&quot;item_position_horizontal_mobile&quot;:&quot;center&quot;,&quot;breakpoint_selector&quot;:&quot;none&quot;,&quot;content_width&quot;:&quot;full_width&quot;,&quot;item_layout&quot;:&quot;horizontal&quot;,&quot;open_on&quot;:&quot;hover&quot;,&quot;horizontal_scroll&quot;:&quot;disable&quot;,&quot;menu_item_title_distance_from_content&quot;:{&quot;unit&quot;:&quot;px&quot;,&quot;size&quot;:0,&quot;sizes&quot;:[]},&quot;menu_item_title_distance_from_content_tablet&quot;:{&quot;unit&quot;:&quot;px&quot;,&quot;size&quot;:&quot;&quot;,&quot;sizes&quot;:[]},&quot;menu_item_title_distance_from_content_mobile&quot;:{&quot;unit&quot;:&quot;px&quot;,&quot;size&quot;:&quot;&quot;,&quot;sizes&quot;:[]},&quot;ekit_we_effect_on&quot;:&quot;none&quot;}\" data-widget_type=\"mega-menu.default\">\n\t\t\t\t\t\t\t<nav class=\"e-n-menu\" data-widget-number=\"199\" aria-label=\"Menu\">\n\t\t\t\t\t<button class=\"e-n-menu-toggle\" id=\"menu-toggle-199\" aria-haspopup=\"true\" aria-expanded=\"false\" aria-controls=\"menubar-199\" aria-label=\"Menu Toggle\">\n\t\t\t<span class=\"e-n-menu-toggle-icon e-open\">\n\t\t\t\t<svg class=\"e-font-icon-svg e-eicon-menu-bar\" viewBox=\"0 0 1000 1000\" xmlns=\"http:\/\/www.w3.org\/2000\/svg\"><path d=\"M104 333H896C929 333 958 304 958 271S929 208 896 208H104C71 208 42 237 42 271S71 333 104 333ZM104 583H896C929 583 958 554 958 521S929 458 896 458H104C71 458 42 487 42 521S71 583 104 583ZM104 833H896C929 833 958 804 958 771S929 708 896 708H104C71 708 42 737 42 771S71 833 104 833Z\"><\/path><\/svg>\t\t\t<\/span>\n\t\t\t<span class=\"e-n-menu-toggle-icon e-close\">\n\t\t\t\t<svg class=\"e-font-icon-svg e-eicon-close\" viewBox=\"0 0 1000 1000\" xmlns=\"http:\/\/www.w3.org\/2000\/svg\"><path d=\"M742 167L500 408 258 167C246 154 233 150 217 150 196 150 179 158 167 167 154 179 150 196 150 212 150 229 154 242 171 254L408 500 167 742C138 771 138 800 167 829 196 858 225 858 254 829L496 587 738 829C750 842 767 846 783 846 800 846 817 842 829 829 842 817 846 804 846 783 846 767 842 750 829 737L588 500 833 258C863 229 863 200 833 171 804 137 775 137 742 167Z\"><\/path><\/svg>\t\t\t<\/span>\n\t\t<\/button>\n\t\t\t\t\t<div class=\"e-n-menu-wrapper\" id=\"menubar-199\" aria-labelledby=\"menu-toggle-199\">\n\t\t\t\t<ul class=\"e-n-menu-heading\">\n\t\t\t\t\t\t\t\t<li class=\"e-n-menu-item\">\n\t\t\t\t<div id=\"e-n-menu-title-1991\" class=\"e-n-menu-title e-anchor\">\n\t\t\t\t\t<a class=\"e-n-menu-title-container e-focus e-link\" href=\"#h1\" aria-current=\"page\">\t\t\t\t\t\t\t\t\t\t\t\t<span class=\"e-n-menu-title-text\">\n\t\t\t\t\t\t\t\t\t\t\t\t\t<\/span>\n\t\t\t\t\t<\/a>\t\t\t\t\t\t\t\t\t<\/div>\n\t\t\t\t\t\t\t<\/li>\n\t\t\t\t\t<li class=\"e-n-menu-item\">\n\t\t\t\t<div id=\"e-n-menu-title-1992\" class=\"e-n-menu-title e-anchor\">\n\t\t\t\t\t<a class=\"e-n-menu-title-container e-focus e-link\" href=\"#geschichte\" aria-current=\"page\">\t\t\t\t\t\t\t\t\t\t\t\t<span class=\"e-n-menu-title-text\">\n\t\t\t\t\t\t\tGeschichte\t\t\t\t\t\t<\/span>\n\t\t\t\t\t<\/a>\t\t\t\t\t\t\t\t\t<\/div>\n\t\t\t\t\t\t\t<\/li>\n\t\t\t\t\t<li class=\"e-n-menu-item\">\n\t\t\t\t<div id=\"e-n-menu-title-1993\" class=\"e-n-menu-title e-anchor\">\n\t\t\t\t\t<a class=\"e-n-menu-title-container e-focus e-link\" href=\"#infos\" aria-current=\"page\">\t\t\t\t\t\t\t\t\t\t\t\t<span class=\"e-n-menu-title-text\">\n\t\t\t\t\t\t\tInformationen\t\t\t\t\t\t<\/span>\n\t\t\t\t\t<\/a>\t\t\t\t\t\t\t\t\t<\/div>\n\t\t\t\t\t\t\t<\/li>\n\t\t\t\t\t<li class=\"e-n-menu-item\">\n\t\t\t\t<div id=\"e-n-menu-title-1994\" class=\"e-n-menu-title e-anchor\">\n\t\t\t\t\t<a class=\"e-n-menu-title-container e-focus e-link\" href=\"#termine\" aria-current=\"page\">\t\t\t\t\t\t\t\t\t\t\t\t<span class=\"e-n-menu-title-text\">\n\t\t\t\t\t\t\tTermine\t\t\t\t\t\t<\/span>\n\t\t\t\t\t<\/a>\t\t\t\t\t\t\t\t\t<\/div>\n\t\t\t\t\t\t\t<\/li>\n\t\t\t\t\t\t<\/ul>\n\t\t\t<\/div>\n\t\t<\/nav>\n\t\t\t\t\t\t<\/div>\n\t\t\t\t\t<\/div>\n\t\t\t\t<\/div>\n\t\t<div class=\"elementor-element elementor-element-3a4a37c7 e-flex e-con-boxed e-con e-parent\" data-id=\"3a4a37c7\" data-element_type=\"container\" data-e-type=\"container\">\n\t\t\t\t\t<div class=\"e-con-inner\">\n\t\t\t\t<div class=\"elementor-element elementor-element-d2395ac elementor-widget elementor-widget-image\" data-id=\"d2395ac\" data-element_type=\"widget\" data-e-type=\"widget\" data-settings=\"{&quot;ekit_we_effect_on&quot;:&quot;none&quot;}\" data-widget_type=\"image.default\">\n\t\t\t\t\t\t\t\t\t\t\t\t\t\t\t<img fetchpriority=\"high\" decoding=\"async\" width=\"800\" height=\"600\" src=\"https:\/\/www.blindenzentrum.bz.it\/wp-content\/uploads\/2026\/01\/163d_imgqKHaKL.jpg\" class=\"attachment-large size-large wp-image-2404\" alt=\"Ein Mann erkl\u00e4rt einer Gruppe von Kindern in einer Bibliothek etwas an einem Tisch.\" srcset=\"https:\/\/www.blindenzentrum.bz.it\/wp-content\/uploads\/2026\/01\/163d_imgqKHaKL.jpg 800w, https:\/\/www.blindenzentrum.bz.it\/wp-content\/uploads\/2026\/01\/163d_imgqKHaKL-300x225.jpg 300w, https:\/\/www.blindenzentrum.bz.it\/wp-content\/uploads\/2026\/01\/163d_imgqKHaKL-768x576.jpg 768w, https:\/\/www.blindenzentrum.bz.it\/wp-content\/uploads\/2026\/01\/163d_imgqKHaKL-16x12.jpg 16w\" sizes=\"(max-width: 800px) 100vw, 800px\" \/>\t\t\t\t\t\t\t\t\t\t\t\t\t\t\t<\/div>\n\t\t\t\t\t<\/div>\n\t\t\t\t<\/div>\n\t\t<div class=\"elementor-element elementor-element-21ad27c0 e-flex e-con-boxed e-con e-parent\" data-id=\"21ad27c0\" data-element_type=\"container\" data-e-type=\"container\">\n\t\t\t\t\t<div class=\"e-con-inner\">\n\t\t<div class=\"elementor-element elementor-element-26f3244b e-con-full e-flex e-con e-child\" data-id=\"26f3244b\" data-element_type=\"container\" data-e-type=\"container\">\n\t\t\t\t<div class=\"elementor-element elementor-element-6ffc09d9 elementor-widget elementor-widget-heading\" data-id=\"6ffc09d9\" data-element_type=\"widget\" data-e-type=\"widget\" data-settings=\"{&quot;ekit_we_effect_on&quot;:&quot;none&quot;}\" data-widget_type=\"heading.default\">\n\t\t\t\t\t<h3 class=\"elementor-heading-title elementor-size-default\"><a href=\"https:\/\/www.blindenzentrum.bz.it\/begegnung-selbsterfahrung\/\">BEGEGNUNG &amp; SELBSTERFAHRUNG<\/a><\/h3>\t\t\t\t<\/div>\n\t\t\t\t<div class=\"elementor-element elementor-element-745fc41e elementor-widget elementor-widget-text-editor\" data-id=\"745fc41e\" data-element_type=\"widget\" data-e-type=\"widget\" data-settings=\"{&quot;ekit_we_effect_on&quot;:&quot;none&quot;}\" data-widget_type=\"text-editor.default\">\n\t\t\t\t\t\t\t\t\t<p>In unserer schnelllebigen Zeit suchen unsere Augen st\u00e4ndig nach neuen Reizen. W\u00e4hrend das Sehen eine zunehmend wichtige Rolle spielt, drohen F\u00e4higkeiten wie das bewusste Schauen, mit allen Sinnen wahrnehmen oder \u00fcber etwas dankbar staunen zu verk\u00fcmmern. Eine pers\u00f6nliche Begegnung mit blinden Menschen kann zum Nachdenken anregen und helfen, Ber\u00fchrungs\u00e4ngste abzubauen. Aus diesem Grunde sind Begegnungsstunden zwischen Betroffenen und Gruppen oder Schulklassen besonders wertvoll und k\u00f6nnen positive Kr\u00e4fte wie Dankbarkeit, Einf\u00fchlungsverm\u00f6gen, Aufmerksamkeit, Verst\u00e4ndnis und den Wunsch zum spontanen Helfen wecken bzw. st\u00e4rken.<\/p>\t\t\t\t\t\t\t\t<\/div>\n\t\t\t\t<\/div>\n\t\t\t\t\t<\/div>\n\t\t\t\t<\/div>\n\t\t<div class=\"elementor-element elementor-element-78ef8567 e-flex e-con-boxed e-con e-parent\" data-id=\"78ef8567\" data-element_type=\"container\" data-e-type=\"container\">\n\t\t\t\t\t<div class=\"e-con-inner\">\n\t\t<div class=\"elementor-element elementor-element-66813d6e e-grid e-con-full e-con e-child\" data-id=\"66813d6e\" data-element_type=\"container\" data-e-type=\"container\">\n\t\t<div class=\"elementor-element elementor-element-7f53c9d e-con-full e-flex e-con e-child\" data-id=\"7f53c9d\" data-element_type=\"container\" data-e-type=\"container\">\n\t\t\t\t<div class=\"elementor-element elementor-element-44155723 square-img-mobile elementor-widget elementor-widget-image\" data-id=\"44155723\" data-element_type=\"widget\" data-e-type=\"widget\" data-settings=\"{&quot;ekit_we_effect_on&quot;:&quot;none&quot;}\" data-widget_type=\"image.default\">\n\t\t\t\t\t\t\t\t\t\t\t\t\t\t\t\t<a href=\"https:\/\/www.blindenzentrum.bz.it\/wp-content\/uploads\/2026\/01\/163d_img0mwxEt.jpg\" data-elementor-open-lightbox=\"yes\" data-elementor-lightbox-title=\"Ein Kind h\u00e4lt ein Informationsblatt \u00fcber das Punktschriftalphabet f\u00fcr blinde Menschen in den H\u00e4nden.\" data-e-action-hash=\"#elementor-action%3Aaction%3Dlightbox%26settings%3DeyJpZCI6MjQwMywidXJsIjoiaHR0cHM6XC9cL3d3dy5ibGluZGVuemVudHJ1bS5iei5pdFwvd3AtY29udGVudFwvdXBsb2Fkc1wvMjAyNlwvMDFcLzE2M2RfaW1nMG13eEV0LmpwZyJ9\">\n\t\t\t\t\t\t\t<img decoding=\"async\" width=\"800\" height=\"600\" src=\"https:\/\/www.blindenzentrum.bz.it\/wp-content\/uploads\/2026\/01\/163d_img0mwxEt.jpg\" class=\"attachment-large size-large wp-image-2403\" alt=\"Ein Kind h\u00e4lt ein Informationsblatt \u00fcber das Punktschriftalphabet f\u00fcr blinde Menschen in den H\u00e4nden.\" srcset=\"https:\/\/www.blindenzentrum.bz.it\/wp-content\/uploads\/2026\/01\/163d_img0mwxEt.jpg 800w, https:\/\/www.blindenzentrum.bz.it\/wp-content\/uploads\/2026\/01\/163d_img0mwxEt-300x225.jpg 300w, https:\/\/www.blindenzentrum.bz.it\/wp-content\/uploads\/2026\/01\/163d_img0mwxEt-768x576.jpg 768w, https:\/\/www.blindenzentrum.bz.it\/wp-content\/uploads\/2026\/01\/163d_img0mwxEt-16x12.jpg 16w\" sizes=\"(max-width: 800px) 100vw, 800px\" \/>\t\t\t\t\t\t\t\t<\/a>\n\t\t\t\t\t\t\t\t\t\t\t\t\t\t\t<\/div>\n\t\t\t\t<div class=\"elementor-element elementor-element-f93775b elementor-widget elementor-widget-heading\" data-id=\"f93775b\" data-element_type=\"widget\" data-e-type=\"widget\" data-settings=\"{&quot;ekit_we_effect_on&quot;:&quot;none&quot;}\" data-widget_type=\"heading.default\">\n\t\t\t\t\t<p class=\"elementor-heading-title elementor-size-default\">Das Punktschriftalphabet\n<\/p>\t\t\t\t<\/div>\n\t\t\t\t<\/div>\n\t\t\t\t<\/div>\n\t\t\t\t\t<\/div>\n\t\t\t\t<\/div>\n\t\t<div class=\"elementor-element elementor-element-79b92203 e-flex e-con-boxed e-con e-parent\" data-id=\"79b92203\" data-element_type=\"container\" data-e-type=\"container\">\n\t\t\t\t\t<div class=\"e-con-inner\">\n\t\t\t\t<div class=\"elementor-element elementor-element-314b5410 elementor-widget elementor-widget-heading\" data-id=\"314b5410\" data-element_type=\"widget\" data-e-type=\"widget\" data-settings=\"{&quot;ekit_we_effect_on&quot;:&quot;none&quot;}\" tabindex=\"-1\" data-widget_type=\"heading.default\">\n\t\t\t\t\t<h2 class=\"elementor-heading-title elementor-size-default\">Lehrausgang mit Begegnungsstunden im Blindenzentrum St. Raphael oder in Schulen\n<\/h2>\t\t\t\t<\/div>\n\t\t\t\t<div class=\"elementor-element elementor-element-5996e63c elementor-widget elementor-widget-text-editor\" data-id=\"5996e63c\" data-element_type=\"widget\" data-e-type=\"widget\" data-settings=\"{&quot;ekit_we_effect_on&quot;:&quot;none&quot;}\" data-widget_type=\"text-editor.default\">\n\t\t\t\t\t\t\t\t\t<p>Grunds\u00e4tzlich wird angestrebt, dass es zwischen den Teilnehmern und den Betroffenen zu einer wirklichen \u201cBegegnung\u201c kommt. Dies kann durch eine passende Einf\u00fchrung am Beginn der Stunde erreicht werden. Abh\u00e4ngig vom Grundtenor in der Gruppe entwickelt sich jede Begegnungsstunde unterschiedlich, sie besteht jedoch immer aus einem Teil mit allgemeinen Informationen und einem Teil mit praktischen \u00dcbungen.<\/p><p><strong>Die Themenbereiche der Begegnungsstunde umfassen je nach Gruppe:<\/strong><\/p><ul class=\"ld\"><li class=\"li\">Simulation einer Begegnung mit einem Sehbehinderten auf der Stra\u00dfe und erste Kontaktaufnahme<\/li><li class=\"li\">wesentliche Punkte im Umgang und in der Kommunikation mit Blinden und Sehbehinderten<\/li><li class=\"li\">Einblick in die Wahrnehmung und Vorstellungskraft von Blinden anhand von Bildbeschreibungen<\/li><li class=\"li\">Begleittechniken<\/li><li class=\"li\">Pr\u00e4sentation von Hilfsmitteln<\/li><li class=\"li\">Einblick in die Blindenschrift<\/li><li class=\"li\">eventuelle Hausf\u00fchrung<\/li><li class=\"li\">eventuelle F\u00fchrung durch den Dunkelparcours<\/li><\/ul><p>\u00a0<\/p><p><strong>Terminvereinbarung<\/strong><br \/>Termine f\u00fcr die Begegnungsstunden in Schulen oder im Blindenzentrum St. Raphael (auch f\u00fcr den Dunkelparcours) k\u00f6nnen direkt bei\u00a0<strong>Nikolaus Fischnaller<\/strong>\u00a0unter der Rufnummer<strong>\u00a00471 &#8211; 442322<\/strong>\u00a0oder \u00fcber die Telefonzentrale 0471 &#8211; 442323 vorgemerkt werden.<\/p><p>Beim Besuch in den Schulen ist es ideal, wenn f\u00fcr eine Klasse etwa zwei Unterrichtsstunden von 50 Minuten zur Verf\u00fcgung stehen.<br \/>Das Buch: \u201cSprich, damit ich dich sehe\u201c, von Nikolaus Fischnaller kann eine gro\u00dfe Hilfe sein, auf unkomplizierte Weise einen schnellen Einblick in die Welt der Blinden zu bekommen.<\/p>\t\t\t\t\t\t\t\t<\/div>\n\t\t\t\t\t<\/div>\n\t\t\t\t<\/div>\n\t\t<div class=\"elementor-element elementor-element-58cfbcd1 e-flex e-con-boxed e-con e-child\" data-id=\"58cfbcd1\" data-element_type=\"container\" data-e-type=\"container\">\n\t\t\t\t\t<div class=\"e-con-inner\">\n\t\t\t\t<div class=\"elementor-element elementor-element-395689d4 elementor-widget elementor-widget-text-editor\" data-id=\"395689d4\" data-element_type=\"widget\" data-e-type=\"widget\" data-settings=\"{&quot;ekit_we_effect_on&quot;:&quot;none&quot;}\" data-widget_type=\"text-editor.default\">\n\t\t\t\t\t\t\t\t\t<div class=\"row row-fluid\"><div class=\"pleft pull-center para span12 col-xs-12 col-sm-12 indent-b\"><div class=\"pcontent\"><div class=\"row-fluid\"><strong>Nikolaus Fischnaller:<\/strong><br \/>Tel. 0471 &#8211; 442322<br \/><a href=\"mailto:n.fischnaller@blindenzentrum.bz.it\">n.fischnaller@blindenzentrum.bz.it<\/a><\/div><\/div><\/div><\/div>\t\t\t\t\t\t\t\t<\/div>\n\t\t\t\t<div class=\"elementor-element elementor-element-e7c42a0 elementor-align-left elementor-widget elementor-widget-button\" data-id=\"e7c42a0\" data-element_type=\"widget\" data-e-type=\"widget\" data-settings=\"{&quot;ekit_we_effect_on&quot;:&quot;none&quot;}\" data-widget_type=\"button.default\">\n\t\t\t\t\t\t\t\t\t\t<a class=\"elementor-button elementor-button-link elementor-size-sm elementor-animation-grow\" href=\"mailto:n.fischnaller@blindenzentrum.bz.it\" target=\"_blank\">\n\t\t\t\t\t\t<span class=\"elementor-button-content-wrapper\">\n\t\t\t\t\t\t<span class=\"elementor-button-icon\">\n\t\t\t\t<svg aria-hidden=\"true\" class=\"e-font-icon-svg e-far-envelope\" viewBox=\"0 0 512 512\" xmlns=\"http:\/\/www.w3.org\/2000\/svg\"><path d=\"M464 64H48C21.49 64 0 85.49 0 112v288c0 26.51 21.49 48 48 48h416c26.51 0 48-21.49 48-48V112c0-26.51-21.49-48-48-48zm0 48v40.805c-22.422 18.259-58.168 46.651-134.587 106.49-16.841 13.247-50.201 45.072-73.413 44.701-23.208.375-56.579-31.459-73.413-44.701C106.18 199.465 70.425 171.067 48 152.805V112h416zM48 400V214.398c22.914 18.251 55.409 43.862 104.938 82.646 21.857 17.205 60.134 55.186 103.062 54.955 42.717.231 80.509-37.199 103.053-54.947 49.528-38.783 82.032-64.401 104.947-82.653V400H48z\"><\/path><\/svg>\t\t\t<\/span>\n\t\t\t\t\t\t\t\t\t<span class=\"elementor-button-text\">Email Schreiben<\/span>\n\t\t\t\t\t<\/span>\n\t\t\t\t\t<\/a>\n\t\t\t\t\t\t\t\t<\/div>\n\t\t\t\t\t<\/div>\n\t\t\t\t<\/div>\n\t\t\t\t<\/div>\n\t\t","protected":false},"excerpt":{"rendered":"<p>Inhaltsangabe Geschichte Informationen Termine BEGEGNUNG &amp; SELBSTERFAHRUNG In unserer schnelllebigen Zeit suchen unsere Augen st\u00e4ndig nach neuen Reizen. W\u00e4hrend das Sehen eine zunehmend wichtige Rolle spielt, drohen F\u00e4higkeiten wie das bewusste Schauen, mit allen Sinnen wahrnehmen oder \u00fcber etwas dankbar staunen zu verk\u00fcmmern. Eine pers\u00f6nliche Begegnung mit blinden Menschen kann zum Nachdenken anregen und helfen, [&hellip;]<\/p>\n","protected":false},"author":1,"featured_media":0,"parent":790,"menu_order":0,"comment_status":"closed","ping_status":"closed","template":"","meta":{"footnotes":""},"class_list":["post-795","page","type-page","status-publish","hentry"],"_links":{"self":[{"href":"https:\/\/www.blindenzentrum.bz.it\/it\/wp-json\/wp\/v2\/pages\/795","targetHints":{"allow":["GET"]}}],"collection":[{"href":"https:\/\/www.blindenzentrum.bz.it\/it\/wp-json\/wp\/v2\/pages"}],"about":[{"href":"https:\/\/www.blindenzentrum.bz.it\/it\/wp-json\/wp\/v2\/types\/page"}],"author":[{"embeddable":true,"href":"https:\/\/www.blindenzentrum.bz.it\/it\/wp-json\/wp\/v2\/users\/1"}],"replies":[{"embeddable":true,"href":"https:\/\/www.blindenzentrum.bz.it\/it\/wp-json\/wp\/v2\/comments?post=795"}],"version-history":[{"count":10,"href":"https:\/\/www.blindenzentrum.bz.it\/it\/wp-json\/wp\/v2\/pages\/795\/revisions"}],"predecessor-version":[{"id":3833,"href":"https:\/\/www.blindenzentrum.bz.it\/it\/wp-json\/wp\/v2\/pages\/795\/revisions\/3833"}],"up":[{"embeddable":true,"href":"https:\/\/www.blindenzentrum.bz.it\/it\/wp-json\/wp\/v2\/pages\/790"}],"wp:attachment":[{"href":"https:\/\/www.blindenzentrum.bz.it\/it\/wp-json\/wp\/v2\/media?parent=795"}],"curies":[{"name":"wp","href":"https:\/\/api.w.org\/{rel}","templated":true}]}}