{"id":801,"date":"2025-10-27T12:02:11","date_gmt":"2025-10-27T11:02:11","guid":{"rendered":"https:\/\/www.blindenzentrum.bz.it\/?page_id=801"},"modified":"2026-02-16T16:52:57","modified_gmt":"2026-02-16T15:52:57","slug":"relazioni-pubbliche","status":"publish","type":"page","link":"https:\/\/www.blindenzentrum.bz.it\/it\/incontri-esperienza-personale\/relazioni-pubbliche\/","title":{"rendered":"Pubbliche relazioni"},"content":{"rendered":"\t\t<div data-elementor-type=\"wp-page\" data-elementor-id=\"801\" class=\"elementor elementor-801\" data-elementor-post-type=\"page\">\n\t\t\t\t<div class=\"elementor-element elementor-element-28edb729 inhaltsangabe e-flex e-con-boxed e-con e-parent\" data-id=\"28edb729\" data-element_type=\"container\" data-e-type=\"container\" data-settings=\"{&quot;background_background&quot;:&quot;classic&quot;}\">\n\t\t\t\t\t<div class=\"e-con-inner\">\n\t\t\t\t<div class=\"elementor-element elementor-element-735f25b5 elementor-widget elementor-widget-heading\" data-id=\"735f25b5\" data-element_type=\"widget\" data-e-type=\"widget\" id=\"content-main\" data-settings=\"{&quot;ekit_we_effect_on&quot;:&quot;none&quot;}\" tabindex=\"-1\" data-widget_type=\"heading.default\">\n\t\t\t\t\t<h3 class=\"elementor-heading-title elementor-size-default\">Inhaltsangabe<\/h3>\t\t\t\t<\/div>\n\t\t\t\t<div class=\"elementor-element elementor-element-6a731c95 e-n-menu-none e-full_width e-n-menu-layout-horizontal elementor-widget elementor-widget-n-menu\" data-id=\"6a731c95\" data-element_type=\"widget\" data-e-type=\"widget\" data-settings=\"{&quot;menu_items&quot;:[{&quot;item_title&quot;:&quot;&quot;,&quot;_id&quot;:&quot;251db83&quot;,&quot;item_link&quot;:{&quot;url&quot;:&quot;#h1&quot;,&quot;is_external&quot;:&quot;&quot;,&quot;nofollow&quot;:&quot;&quot;,&quot;custom_attributes&quot;:&quot;&quot;},&quot;__dynamic__&quot;:{&quot;item_title&quot;:&quot;[elementor-tag id=\\&quot;2b9858e\\&quot; name=\\&quot;page-title\\&quot; settings=\\&quot;%7B%7D\\&quot;]&quot;},&quot;item_dropdown_content&quot;:&quot;no&quot;,&quot;item_icon&quot;:{&quot;value&quot;:&quot;&quot;,&quot;library&quot;:&quot;&quot;},&quot;item_icon_active&quot;:null,&quot;element_id&quot;:&quot;&quot;}],&quot;item_position_horizontal&quot;:&quot;center&quot;,&quot;item_position_horizontal_mobile&quot;:&quot;center&quot;,&quot;breakpoint_selector&quot;:&quot;none&quot;,&quot;content_width&quot;:&quot;full_width&quot;,&quot;item_layout&quot;:&quot;horizontal&quot;,&quot;open_on&quot;:&quot;hover&quot;,&quot;horizontal_scroll&quot;:&quot;disable&quot;,&quot;menu_item_title_distance_from_content&quot;:{&quot;unit&quot;:&quot;px&quot;,&quot;size&quot;:0,&quot;sizes&quot;:[]},&quot;menu_item_title_distance_from_content_tablet&quot;:{&quot;unit&quot;:&quot;px&quot;,&quot;size&quot;:&quot;&quot;,&quot;sizes&quot;:[]},&quot;menu_item_title_distance_from_content_mobile&quot;:{&quot;unit&quot;:&quot;px&quot;,&quot;size&quot;:&quot;&quot;,&quot;sizes&quot;:[]},&quot;ekit_we_effect_on&quot;:&quot;none&quot;}\" data-widget_type=\"mega-menu.default\">\n\t\t\t\t\t\t\t<nav class=\"e-n-menu\" data-widget-number=\"178\" aria-label=\"Menu\">\n\t\t\t\t\t<button class=\"e-n-menu-toggle\" id=\"menu-toggle-178\" aria-haspopup=\"true\" aria-expanded=\"false\" aria-controls=\"menubar-178\" aria-label=\"Menu Toggle\">\n\t\t\t<span class=\"e-n-menu-toggle-icon e-open\">\n\t\t\t\t<svg class=\"e-font-icon-svg e-eicon-menu-bar\" viewBox=\"0 0 1000 1000\" xmlns=\"http:\/\/www.w3.org\/2000\/svg\"><path d=\"M104 333H896C929 333 958 304 958 271S929 208 896 208H104C71 208 42 237 42 271S71 333 104 333ZM104 583H896C929 583 958 554 958 521S929 458 896 458H104C71 458 42 487 42 521S71 583 104 583ZM104 833H896C929 833 958 804 958 771S929 708 896 708H104C71 708 42 737 42 771S71 833 104 833Z\"><\/path><\/svg>\t\t\t<\/span>\n\t\t\t<span class=\"e-n-menu-toggle-icon e-close\">\n\t\t\t\t<svg class=\"e-font-icon-svg e-eicon-close\" viewBox=\"0 0 1000 1000\" xmlns=\"http:\/\/www.w3.org\/2000\/svg\"><path d=\"M742 167L500 408 258 167C246 154 233 150 217 150 196 150 179 158 167 167 154 179 150 196 150 212 150 229 154 242 171 254L408 500 167 742C138 771 138 800 167 829 196 858 225 858 254 829L496 587 738 829C750 842 767 846 783 846 800 846 817 842 829 829 842 817 846 804 846 783 846 767 842 750 829 737L588 500 833 258C863 229 863 200 833 171 804 137 775 137 742 167Z\"><\/path><\/svg>\t\t\t<\/span>\n\t\t<\/button>\n\t\t\t\t\t<div class=\"e-n-menu-wrapper\" id=\"menubar-178\" aria-labelledby=\"menu-toggle-178\">\n\t\t\t\t<ul class=\"e-n-menu-heading\">\n\t\t\t\t\t\t\t\t<li class=\"e-n-menu-item\">\n\t\t\t\t<div id=\"e-n-menu-title-1781\" class=\"e-n-menu-title e-anchor\">\n\t\t\t\t\t<a class=\"e-n-menu-title-container e-focus e-link\" href=\"#h1\" aria-current=\"page\">\t\t\t\t\t\t\t\t\t\t\t\t<span class=\"e-n-menu-title-text\">\n\t\t\t\t\t\t\t\t\t\t\t\t\t<\/span>\n\t\t\t\t\t<\/a>\t\t\t\t\t\t\t\t\t<\/div>\n\t\t\t\t\t\t\t<\/li>\n\t\t\t\t\t\t<\/ul>\n\t\t\t<\/div>\n\t\t<\/nav>\n\t\t\t\t\t\t<\/div>\n\t\t\t\t\t<\/div>\n\t\t\t\t<\/div>\n\t\t<div class=\"elementor-element elementor-element-75b48101 e-flex e-con-boxed e-con e-parent\" data-id=\"75b48101\" data-element_type=\"container\" data-e-type=\"container\">\n\t\t\t\t\t<div class=\"e-con-inner\">\n\t\t\t\t<div class=\"elementor-element elementor-element-524c279d elementor-widget elementor-widget-image\" data-id=\"524c279d\" data-element_type=\"widget\" data-e-type=\"widget\" data-settings=\"{&quot;ekit_we_effect_on&quot;:&quot;none&quot;}\" data-widget_type=\"image.default\">\n\t\t\t\t\t\t\t\t\t\t\t\t\t\t\t<img fetchpriority=\"high\" decoding=\"async\" width=\"800\" height=\"600\" src=\"https:\/\/www.blindenzentrum.bz.it\/wp-content\/uploads\/2026\/01\/163d_imgsqWGRr-1024x768.jpg\" class=\"attachment-large size-large wp-image-2422\" alt=\"Zwei Personen stehen an einem Infostand des Blindenzentrums St. Raphael Bozen unter einem wei\u00dfen Pavillon, der von Fahrr\u00e4dern umgeben ist.\" srcset=\"https:\/\/www.blindenzentrum.bz.it\/wp-content\/uploads\/2026\/01\/163d_imgsqWGRr-1024x768.jpg 1024w, https:\/\/www.blindenzentrum.bz.it\/wp-content\/uploads\/2026\/01\/163d_imgsqWGRr-300x225.jpg 300w, https:\/\/www.blindenzentrum.bz.it\/wp-content\/uploads\/2026\/01\/163d_imgsqWGRr-768x576.jpg 768w, https:\/\/www.blindenzentrum.bz.it\/wp-content\/uploads\/2026\/01\/163d_imgsqWGRr-16x12.jpg 16w, https:\/\/www.blindenzentrum.bz.it\/wp-content\/uploads\/2026\/01\/163d_imgsqWGRr.jpg 1280w\" sizes=\"(max-width: 800px) 100vw, 800px\" \/>\t\t\t\t\t\t\t\t\t\t\t\t\t\t\t<\/div>\n\t\t\t\t\t<\/div>\n\t\t\t\t<\/div>\n\t\t<div class=\"elementor-element elementor-element-1d5c99df e-flex e-con-boxed e-con e-parent\" data-id=\"1d5c99df\" data-element_type=\"container\" data-e-type=\"container\">\n\t\t\t\t\t<div class=\"e-con-inner\">\n\t\t<div class=\"elementor-element elementor-element-71e9d29d e-con-full e-flex e-con e-child\" data-id=\"71e9d29d\" data-element_type=\"container\" data-e-type=\"container\">\n\t\t\t\t<div class=\"elementor-element elementor-element-1f0aaf7a elementor-widget elementor-widget-heading\" data-id=\"1f0aaf7a\" data-element_type=\"widget\" data-e-type=\"widget\" data-settings=\"{&quot;ekit_we_effect_on&quot;:&quot;none&quot;}\" data-widget_type=\"heading.default\">\n\t\t\t\t\t<h3 class=\"elementor-heading-title elementor-size-default\"><a href=\"https:\/\/www.blindenzentrum.bz.it\/begegnung-selbsterfahrung\/\">BEGEGNUNG &amp; SELBSTERFAHRUNG<\/a><\/h3>\t\t\t\t<\/div>\n\t\t\t\t<div class=\"elementor-element elementor-element-7a5530ac elementor-widget elementor-widget-text-editor\" data-id=\"7a5530ac\" data-element_type=\"widget\" data-e-type=\"widget\" data-settings=\"{&quot;ekit_we_effect_on&quot;:&quot;none&quot;}\" data-widget_type=\"text-editor.default\">\n\t\t\t\t\t\t\t\t\t<div class=\"row row-fluid\"><div class=\"pleft pull-center para span12 col-xs-12 col-sm-12 indent-b\"><div class=\"pcontent\"><div class=\"row-fluid\">Wir sensibilisieren die Entscheidungstr\u00e4ger und \u00d6ffentlichkeit laufend f\u00fcr die Anliegen, Ziele und Belange der Blinden und Sehbehinderten und die damit verbundenen Herausforderungen.<br \/>Damit leisten wir unseren Beitrag zum besseren gegenseitigen Verst\u00e4ndnis und zum Abbau von sozialen Barrieren.<\/div><\/div><\/div><\/div><div class=\"row row-fluid\"><div class=\"pleft pull-left para span7 col-xs-12 col-sm-7 indent-b\"><div class=\"pcontent\"><div class=\"row-fluid\">Unser T\u00e4tigkeitsfeld:<br \/><br \/><ul class=\"ld\"><li class=\"li\">Sensibilisierungsarbeit an Schulen<\/li><li class=\"li\">Mitarbeit bei der blinden- und sehbehindertengerechten Gestaltung von Parks, G\u00e4rten und Erlebnispfaden<\/li><li class=\"li\">Informationsveranstaltungen f\u00fcr Vereine und Gruppen<\/li><li class=\"li\">Kongresse<\/li><li class=\"li\">Beitr\u00e4ge und Ver\u00f6ffentlichungen in den Medien<\/li><li class=\"li\">Informationsschriften, Brosch\u00fcren und Filme<\/li><li class=\"li\">Dunkelrestaurant und Sinnesparcours<\/li><li class=\"li\">Internetangebot<\/li><\/ul><\/div><\/div><\/div><\/div>\t\t\t\t\t\t\t\t<\/div>\n\t\t\t\t<\/div>\n\t\t\t\t\t<\/div>\n\t\t\t\t<\/div>\n\t\t<div class=\"elementor-element elementor-element-64c4c868 e-flex e-con-boxed e-con e-child\" data-id=\"64c4c868\" data-element_type=\"container\" data-e-type=\"container\">\n\t\t\t\t\t<div class=\"e-con-inner\">\n\t\t\t\t<div class=\"elementor-element elementor-element-3e8548d7 elementor-widget elementor-widget-text-editor\" data-id=\"3e8548d7\" data-element_type=\"widget\" data-e-type=\"widget\" data-settings=\"{&quot;ekit_we_effect_on&quot;:&quot;none&quot;}\" data-widget_type=\"text-editor.default\">\n\t\t\t\t\t\t\t\t\t<div class=\"row row-fluid\"><div class=\"pleft pull-center para span12 col-xs-12 col-sm-12 indent-b\"><div class=\"pcontent\"><div class=\"row-fluid\"><p><strong>Mehr Informationen unter:<br \/><\/strong>Tel. 0471 &#8211; 442 323 | Fax 0471 &#8211; 442 300<br \/><a class=\"ref\" href=\"mailto:presse@blindenzentrum.bz.it\">presse@blindenzentrum.bz.it<\/a><\/p><\/div><\/div><\/div><\/div>\t\t\t\t\t\t\t\t<\/div>\n\t\t\t\t<div class=\"elementor-element elementor-element-7161ad1 elementor-align-left elementor-widget elementor-widget-button\" data-id=\"7161ad1\" data-element_type=\"widget\" data-e-type=\"widget\" data-settings=\"{&quot;ekit_we_effect_on&quot;:&quot;none&quot;}\" data-widget_type=\"button.default\">\n\t\t\t\t\t\t\t\t\t\t<a class=\"elementor-button elementor-button-link elementor-size-sm elementor-animation-grow\" href=\"mailto:presse@blindenzentrum.bz.it\" target=\"_blank\">\n\t\t\t\t\t\t<span class=\"elementor-button-content-wrapper\">\n\t\t\t\t\t\t<span class=\"elementor-button-icon\">\n\t\t\t\t<svg aria-hidden=\"true\" class=\"e-font-icon-svg e-far-envelope\" viewBox=\"0 0 512 512\" xmlns=\"http:\/\/www.w3.org\/2000\/svg\"><path d=\"M464 64H48C21.49 64 0 85.49 0 112v288c0 26.51 21.49 48 48 48h416c26.51 0 48-21.49 48-48V112c0-26.51-21.49-48-48-48zm0 48v40.805c-22.422 18.259-58.168 46.651-134.587 106.49-16.841 13.247-50.201 45.072-73.413 44.701-23.208.375-56.579-31.459-73.413-44.701C106.18 199.465 70.425 171.067 48 152.805V112h416zM48 400V214.398c22.914 18.251 55.409 43.862 104.938 82.646 21.857 17.205 60.134 55.186 103.062 54.955 42.717.231 80.509-37.199 103.053-54.947 49.528-38.783 82.032-64.401 104.947-82.653V400H48z\"><\/path><\/svg>\t\t\t<\/span>\n\t\t\t\t\t\t\t\t\t<span class=\"elementor-button-text\">Email Schreiben<\/span>\n\t\t\t\t\t<\/span>\n\t\t\t\t\t<\/a>\n\t\t\t\t\t\t\t\t<\/div>\n\t\t\t\t\t<\/div>\n\t\t\t\t<\/div>\n\t\t\t\t<\/div>\n\t\t","protected":false},"excerpt":{"rendered":"<p>Inhaltsangabe BEGEGNUNG &amp; SELBSTERFAHRUNG Wir sensibilisieren die Entscheidungstr\u00e4ger und \u00d6ffentlichkeit laufend f\u00fcr die Anliegen, Ziele und Belange der Blinden und Sehbehinderten und die damit verbundenen Herausforderungen.Damit leisten wir unseren Beitrag zum besseren gegenseitigen Verst\u00e4ndnis und zum Abbau von sozialen Barrieren.Unser T\u00e4tigkeitsfeld: Sensibilisierungsarbeit an Schulen Mitarbeit bei der blinden- und sehbehindertengerechten Gestaltung von Parks, G\u00e4rten und [&hellip;]<\/p>\n","protected":false},"author":1,"featured_media":0,"parent":790,"menu_order":0,"comment_status":"closed","ping_status":"closed","template":"","meta":{"footnotes":""},"class_list":["post-801","page","type-page","status-publish","hentry"],"_links":{"self":[{"href":"https:\/\/www.blindenzentrum.bz.it\/it\/wp-json\/wp\/v2\/pages\/801","targetHints":{"allow":["GET"]}}],"collection":[{"href":"https:\/\/www.blindenzentrum.bz.it\/it\/wp-json\/wp\/v2\/pages"}],"about":[{"href":"https:\/\/www.blindenzentrum.bz.it\/it\/wp-json\/wp\/v2\/types\/page"}],"author":[{"embeddable":true,"href":"https:\/\/www.blindenzentrum.bz.it\/it\/wp-json\/wp\/v2\/users\/1"}],"replies":[{"embeddable":true,"href":"https:\/\/www.blindenzentrum.bz.it\/it\/wp-json\/wp\/v2\/comments?post=801"}],"version-history":[{"count":10,"href":"https:\/\/www.blindenzentrum.bz.it\/it\/wp-json\/wp\/v2\/pages\/801\/revisions"}],"predecessor-version":[{"id":3275,"href":"https:\/\/www.blindenzentrum.bz.it\/it\/wp-json\/wp\/v2\/pages\/801\/revisions\/3275"}],"up":[{"embeddable":true,"href":"https:\/\/www.blindenzentrum.bz.it\/it\/wp-json\/wp\/v2\/pages\/790"}],"wp:attachment":[{"href":"https:\/\/www.blindenzentrum.bz.it\/it\/wp-json\/wp\/v2\/media?parent=801"}],"curies":[{"name":"wp","href":"https:\/\/api.w.org\/{rel}","templated":true}]}}