{"id":803,"date":"2025-10-27T12:02:39","date_gmt":"2025-10-27T11:02:39","guid":{"rendered":"https:\/\/www.blindenzentrum.bz.it\/?page_id=803"},"modified":"2026-03-01T16:45:42","modified_gmt":"2026-03-01T15:45:42","slug":"lavoro-volontariato","status":"publish","type":"page","link":"https:\/\/www.blindenzentrum.bz.it\/it\/lavoro-volontariato\/","title":{"rendered":"Lavoro e volontariato"},"content":{"rendered":"\t\t<div data-elementor-type=\"wp-page\" data-elementor-id=\"803\" class=\"elementor elementor-803\" data-elementor-post-type=\"page\">\n\t\t\t\t<div class=\"elementor-element elementor-element-73ded26c inhaltsangabe e-flex e-con-boxed e-con e-parent\" data-id=\"73ded26c\" data-element_type=\"container\" data-e-type=\"container\" data-settings=\"{&quot;background_background&quot;:&quot;classic&quot;}\">\n\t\t\t\t\t<div class=\"e-con-inner\">\n\t\t\t\t<div class=\"elementor-element elementor-element-7db7f910 elementor-widget elementor-widget-heading\" data-id=\"7db7f910\" data-element_type=\"widget\" data-e-type=\"widget\" id=\"content-main\" data-settings=\"{&quot;ekit_we_effect_on&quot;:&quot;none&quot;}\" tabindex=\"-1\" data-widget_type=\"heading.default\">\n\t\t\t\t\t<h3 class=\"elementor-heading-title elementor-size-default\">Inhaltsangabe<\/h3>\t\t\t\t<\/div>\n\t\t\t\t<div class=\"elementor-element elementor-element-20cb8e4c e-n-menu-none e-full_width e-n-menu-layout-horizontal elementor-widget elementor-widget-n-menu\" data-id=\"20cb8e4c\" data-element_type=\"widget\" data-e-type=\"widget\" data-settings=\"{&quot;menu_items&quot;:[{&quot;item_title&quot;:&quot;&quot;,&quot;_id&quot;:&quot;251db83&quot;,&quot;item_link&quot;:{&quot;url&quot;:&quot;#h1&quot;,&quot;is_external&quot;:&quot;&quot;,&quot;nofollow&quot;:&quot;&quot;,&quot;custom_attributes&quot;:&quot;&quot;},&quot;__dynamic__&quot;:{&quot;item_title&quot;:&quot;[elementor-tag id=\\&quot;2b9858e\\&quot; name=\\&quot;page-title\\&quot; settings=\\&quot;%7B%7D\\&quot;]&quot;},&quot;item_dropdown_content&quot;:&quot;no&quot;,&quot;item_icon&quot;:{&quot;value&quot;:&quot;&quot;,&quot;library&quot;:&quot;&quot;},&quot;item_icon_active&quot;:null,&quot;element_id&quot;:&quot;&quot;},{&quot;item_title&quot;:&quot;Mitmachen &amp; Mitgestalten&quot;,&quot;_id&quot;:&quot;ce80ec6&quot;,&quot;item_link&quot;:{&quot;url&quot;:&quot;#mitmachen&quot;,&quot;is_external&quot;:&quot;&quot;,&quot;nofollow&quot;:&quot;&quot;,&quot;custom_attributes&quot;:&quot;&quot;},&quot;item_dropdown_content&quot;:&quot;no&quot;,&quot;item_icon&quot;:{&quot;value&quot;:&quot;&quot;,&quot;library&quot;:&quot;&quot;},&quot;item_icon_active&quot;:null,&quot;element_id&quot;:&quot;&quot;}],&quot;item_position_horizontal&quot;:&quot;center&quot;,&quot;item_position_horizontal_mobile&quot;:&quot;center&quot;,&quot;breakpoint_selector&quot;:&quot;none&quot;,&quot;content_width&quot;:&quot;full_width&quot;,&quot;item_layout&quot;:&quot;horizontal&quot;,&quot;open_on&quot;:&quot;hover&quot;,&quot;horizontal_scroll&quot;:&quot;disable&quot;,&quot;menu_item_title_distance_from_content&quot;:{&quot;unit&quot;:&quot;px&quot;,&quot;size&quot;:0,&quot;sizes&quot;:[]},&quot;menu_item_title_distance_from_content_tablet&quot;:{&quot;unit&quot;:&quot;px&quot;,&quot;size&quot;:&quot;&quot;,&quot;sizes&quot;:[]},&quot;menu_item_title_distance_from_content_mobile&quot;:{&quot;unit&quot;:&quot;px&quot;,&quot;size&quot;:&quot;&quot;,&quot;sizes&quot;:[]},&quot;ekit_we_effect_on&quot;:&quot;none&quot;}\" data-widget_type=\"mega-menu.default\">\n\t\t\t\t\t\t\t<nav class=\"e-n-menu\" data-widget-number=\"550\" aria-label=\"Menu\">\n\t\t\t\t\t<button class=\"e-n-menu-toggle\" id=\"menu-toggle-550\" aria-haspopup=\"true\" aria-expanded=\"false\" aria-controls=\"menubar-550\" aria-label=\"Menu Toggle\">\n\t\t\t<span class=\"e-n-menu-toggle-icon e-open\">\n\t\t\t\t<svg class=\"e-font-icon-svg e-eicon-menu-bar\" viewBox=\"0 0 1000 1000\" xmlns=\"http:\/\/www.w3.org\/2000\/svg\"><path d=\"M104 333H896C929 333 958 304 958 271S929 208 896 208H104C71 208 42 237 42 271S71 333 104 333ZM104 583H896C929 583 958 554 958 521S929 458 896 458H104C71 458 42 487 42 521S71 583 104 583ZM104 833H896C929 833 958 804 958 771S929 708 896 708H104C71 708 42 737 42 771S71 833 104 833Z\"><\/path><\/svg>\t\t\t<\/span>\n\t\t\t<span class=\"e-n-menu-toggle-icon e-close\">\n\t\t\t\t<svg class=\"e-font-icon-svg e-eicon-close\" viewBox=\"0 0 1000 1000\" xmlns=\"http:\/\/www.w3.org\/2000\/svg\"><path d=\"M742 167L500 408 258 167C246 154 233 150 217 150 196 150 179 158 167 167 154 179 150 196 150 212 150 229 154 242 171 254L408 500 167 742C138 771 138 800 167 829 196 858 225 858 254 829L496 587 738 829C750 842 767 846 783 846 800 846 817 842 829 829 842 817 846 804 846 783 846 767 842 750 829 737L588 500 833 258C863 229 863 200 833 171 804 137 775 137 742 167Z\"><\/path><\/svg>\t\t\t<\/span>\n\t\t<\/button>\n\t\t\t\t\t<div class=\"e-n-menu-wrapper\" id=\"menubar-550\" aria-labelledby=\"menu-toggle-550\">\n\t\t\t\t<ul class=\"e-n-menu-heading\">\n\t\t\t\t\t\t\t\t<li class=\"e-n-menu-item\">\n\t\t\t\t<div id=\"e-n-menu-title-5501\" class=\"e-n-menu-title e-anchor\">\n\t\t\t\t\t<a class=\"e-n-menu-title-container e-focus e-link\" href=\"#h1\" aria-current=\"page\">\t\t\t\t\t\t\t\t\t\t\t\t<span class=\"e-n-menu-title-text\">\n\t\t\t\t\t\t\t\t\t\t\t\t\t<\/span>\n\t\t\t\t\t<\/a>\t\t\t\t\t\t\t\t\t<\/div>\n\t\t\t\t\t\t\t<\/li>\n\t\t\t\t\t<li class=\"e-n-menu-item\">\n\t\t\t\t<div id=\"e-n-menu-title-5502\" class=\"e-n-menu-title e-anchor\">\n\t\t\t\t\t<a class=\"e-n-menu-title-container e-focus e-link\" href=\"#mitmachen\" aria-current=\"page\">\t\t\t\t\t\t\t\t\t\t\t\t<span class=\"e-n-menu-title-text\">\n\t\t\t\t\t\t\tMitmachen & Mitgestalten\t\t\t\t\t\t<\/span>\n\t\t\t\t\t<\/a>\t\t\t\t\t\t\t\t\t<\/div>\n\t\t\t\t\t\t\t<\/li>\n\t\t\t\t\t\t<\/ul>\n\t\t\t<\/div>\n\t\t<\/nav>\n\t\t\t\t\t\t<\/div>\n\t\t\t\t\t<\/div>\n\t\t\t\t<\/div>\n\t\t<div class=\"elementor-element elementor-element-5cf686e3 e-flex e-con-boxed e-con e-parent\" data-id=\"5cf686e3\" data-element_type=\"container\" data-e-type=\"container\">\n\t\t\t\t\t<div class=\"e-con-inner\">\n\t\t<div class=\"elementor-element elementor-element-717523da e-con-full e-flex e-con e-child\" data-id=\"717523da\" data-element_type=\"container\" data-e-type=\"container\">\n\t\t\t\t<div class=\"elementor-element elementor-element-1fd80b5f elementor-widget elementor-widget-text-editor\" data-id=\"1fd80b5f\" data-element_type=\"widget\" data-e-type=\"widget\" data-settings=\"{&quot;ekit_we_effect_on&quot;:&quot;none&quot;}\" data-widget_type=\"text-editor.default\">\n\t\t\t\t\t\t\t\t\t<p>Menschen machen den Unterschied \u2013 im Berufsalltag genauso wie im freiwilligen Engagement. Auf dieser Seite finden Sie M\u00f6glichkeiten, wie Sie das Blindenzentrum St. Raphael mit Ihren F\u00e4higkeiten, Ihrer Zeit und Ihrer Haltung unterst\u00fctzen k\u00f6nnen: als Mitarbeiter:in in einem sinnstiftenden Job oder als Freiwillige:r in Bereichen, in denen Begleitung, Aufmerksamkeit und Verl\u00e4sslichkeit z\u00e4hlen.<\/p>\t\t\t\t\t\t\t\t<\/div>\n\t\t\t\t<\/div>\n\t\t\t\t\t<\/div>\n\t\t\t\t<\/div>\n\t\t<div class=\"elementor-element elementor-element-1621f2a e-flex e-con-boxed e-con e-child\" data-id=\"1621f2a\" data-element_type=\"container\" data-e-type=\"container\">\n\t\t\t\t\t<div class=\"e-con-inner\">\n\t\t\t\t<div class=\"elementor-element elementor-element-e3cbb67 elementor-widget elementor-widget-heading\" data-id=\"e3cbb67\" data-element_type=\"widget\" data-e-type=\"widget\" id=\"mitmachen\" data-settings=\"{&quot;ekit_we_effect_on&quot;:&quot;none&quot;}\" tabindex=\"-1\" data-widget_type=\"heading.default\">\n\t\t\t\t\t<h2 class=\"elementor-heading-title elementor-size-default\">Mitmachen &amp; Mitgestalten<\/h2>\t\t\t\t<\/div>\n\t\t<div class=\"elementor-element elementor-element-1233aa8 e-con-full e-flex e-con e-child\" data-id=\"1233aa8\" data-element_type=\"container\" data-e-type=\"container\">\n\t\t<div class=\"elementor-element elementor-element-2878d1c e-con-full e-flex e-con e-child\" data-id=\"2878d1c\" data-element_type=\"container\" data-e-type=\"container\" data-settings=\"{&quot;background_background&quot;:&quot;classic&quot;}\">\n\t\t\t\t<div class=\"elementor-element elementor-element-19ed83f elementor-widget elementor-widget-heading\" data-id=\"19ed83f\" data-element_type=\"widget\" data-e-type=\"widget\" data-settings=\"{&quot;ekit_we_effect_on&quot;:&quot;none&quot;}\" data-widget_type=\"heading.default\">\n\t\t\t\t\t<h3 class=\"elementor-heading-title elementor-size-default\">Freiwilligenarbeit\n<\/h3>\t\t\t\t<\/div>\n\t\t\t\t<div class=\"elementor-element elementor-element-5abae9c elementor-widget elementor-widget-text-editor\" data-id=\"5abae9c\" data-element_type=\"widget\" data-e-type=\"widget\" data-settings=\"{&quot;ekit_we_effect_on&quot;:&quot;none&quot;}\" data-widget_type=\"text-editor.default\">\n\t\t\t\t\t\t\t\t\t<p data-start=\"876\" data-end=\"1073\">Sie haben Zeit und m\u00f6chten sich engagieren? Ob Begleitung, Unterst\u00fctzung im Alltag oder punktuelle Eins\u00e4tze \u2013 freiwillige Hilfe schafft N\u00e4he und erm\u00f6glicht Teilhabe.<\/p>\t\t\t\t\t\t\t\t<\/div>\n\t\t\t\t<div class=\"elementor-element elementor-element-43bbb08 elementor-align-center elementor-mobile-align-center elementor-widget elementor-widget-button\" data-id=\"43bbb08\" data-element_type=\"widget\" data-e-type=\"widget\" data-settings=\"{&quot;ekit_we_effect_on&quot;:&quot;none&quot;}\" data-widget_type=\"button.default\">\n\t\t\t\t\t\t\t\t\t\t<a class=\"elementor-button elementor-button-link elementor-size-sm elementor-animation-grow\" href=\"https:\/\/www.blindenzentrum.bz.it\/jobs-freiwilligenarbeit\/freiwilligenarbeit\/\">\n\t\t\t\t\t\t<span class=\"elementor-button-content-wrapper\">\n\t\t\t\t\t\t\t\t\t<span class=\"elementor-button-text\">Weiterlesen<\/span>\n\t\t\t\t\t<\/span>\n\t\t\t\t\t<\/a>\n\t\t\t\t\t\t\t\t<\/div>\n\t\t\t\t<\/div>\n\t\t<div class=\"elementor-element elementor-element-ec38218 e-con-full e-flex e-con e-child\" data-id=\"ec38218\" data-element_type=\"container\" data-e-type=\"container\" data-settings=\"{&quot;background_background&quot;:&quot;classic&quot;}\">\n\t\t\t\t<div class=\"elementor-element elementor-element-6692218 elementor-widget elementor-widget-heading\" data-id=\"6692218\" data-element_type=\"widget\" data-e-type=\"widget\" data-settings=\"{&quot;ekit_we_effect_on&quot;:&quot;none&quot;}\" data-widget_type=\"heading.default\">\n\t\t\t\t\t<h3 class=\"elementor-heading-title elementor-size-default\">Jobs<\/h3>\t\t\t\t<\/div>\n\t\t\t\t<div class=\"elementor-element elementor-element-2021c26 elementor-widget elementor-widget-text-editor\" data-id=\"2021c26\" data-element_type=\"widget\" data-e-type=\"widget\" data-settings=\"{&quot;ekit_we_effect_on&quot;:&quot;none&quot;}\" data-widget_type=\"text-editor.default\">\n\t\t\t\t\t\t\t\t\t<p data-start=\"683\" data-end=\"874\">Sie m\u00f6chten beruflich etwas tun, das Wirkung hat? Entdecken Sie offene Stellen und erfahren Sie, in welchen Teams und Aufgabenfeldern Sie Ihre Kompetenzen einbringen k\u00f6nnen.<\/p>\t\t\t\t\t\t\t\t<\/div>\n\t\t\t\t<div class=\"elementor-element elementor-element-75f5910 elementor-align-center elementor-mobile-align-center elementor-widget elementor-widget-button\" data-id=\"75f5910\" data-element_type=\"widget\" data-e-type=\"widget\" data-settings=\"{&quot;ekit_we_effect_on&quot;:&quot;none&quot;}\" data-widget_type=\"button.default\">\n\t\t\t\t\t\t\t\t\t\t<a class=\"elementor-button elementor-button-link elementor-size-sm elementor-animation-grow\" href=\"https:\/\/www.blindenzentrum.bz.it\/jobs-freiwilligenarbeit\/jobs\/\">\n\t\t\t\t\t\t<span class=\"elementor-button-content-wrapper\">\n\t\t\t\t\t\t\t\t\t<span class=\"elementor-button-text\">Weiterlesen<\/span>\n\t\t\t\t\t<\/span>\n\t\t\t\t\t<\/a>\n\t\t\t\t\t\t\t\t<\/div>\n\t\t\t\t<\/div>\n\t\t\t\t<\/div>\n\t\t\t\t\t<\/div>\n\t\t\t\t<\/div>\n\t\t\t\t<\/div>\n\t\t","protected":false},"excerpt":{"rendered":"<p>Inhaltsangabe Mitmachen &#038; Mitgestalten Menschen machen den Unterschied \u2013 im Berufsalltag genauso wie im freiwilligen Engagement. Auf dieser Seite finden Sie M\u00f6glichkeiten, wie Sie das Blindenzentrum St. Raphael mit Ihren F\u00e4higkeiten, Ihrer Zeit und Ihrer Haltung unterst\u00fctzen k\u00f6nnen: als Mitarbeiter:in in einem sinnstiftenden Job oder als Freiwillige:r in Bereichen, in denen Begleitung, Aufmerksamkeit und Verl\u00e4sslichkeit [&hellip;]<\/p>\n","protected":false},"author":1,"featured_media":0,"parent":0,"menu_order":0,"comment_status":"closed","ping_status":"closed","template":"","meta":{"footnotes":""},"class_list":["post-803","page","type-page","status-publish","hentry"],"_links":{"self":[{"href":"https:\/\/www.blindenzentrum.bz.it\/it\/wp-json\/wp\/v2\/pages\/803","targetHints":{"allow":["GET"]}}],"collection":[{"href":"https:\/\/www.blindenzentrum.bz.it\/it\/wp-json\/wp\/v2\/pages"}],"about":[{"href":"https:\/\/www.blindenzentrum.bz.it\/it\/wp-json\/wp\/v2\/types\/page"}],"author":[{"embeddable":true,"href":"https:\/\/www.blindenzentrum.bz.it\/it\/wp-json\/wp\/v2\/users\/1"}],"replies":[{"embeddable":true,"href":"https:\/\/www.blindenzentrum.bz.it\/it\/wp-json\/wp\/v2\/comments?post=803"}],"version-history":[{"count":10,"href":"https:\/\/www.blindenzentrum.bz.it\/it\/wp-json\/wp\/v2\/pages\/803\/revisions"}],"predecessor-version":[{"id":3845,"href":"https:\/\/www.blindenzentrum.bz.it\/it\/wp-json\/wp\/v2\/pages\/803\/revisions\/3845"}],"wp:attachment":[{"href":"https:\/\/www.blindenzentrum.bz.it\/it\/wp-json\/wp\/v2\/media?parent=803"}],"curies":[{"name":"wp","href":"https:\/\/api.w.org\/{rel}","templated":true}]}}